{"id":861,"date":"2026-01-25T01:38:27","date_gmt":"2026-01-25T01:38:27","guid":{"rendered":"https:\/\/www.transtoyou.com\/sv\/product\/nuvaring\/"},"modified":"2026-02-28T11:47:41","modified_gmt":"2026-02-28T11:47:41","slug":"nuvaring","status":"publish","type":"product","link":"https:\/\/www.transtoyou.com\/sv\/product\/nuvaring\/","title":{"rendered":"NuvaRing"},"content":{"rendered":"<p>NuvaRing \u00e4r en flexibel, transparent preventivring som \u00e4r utformad f\u00f6r att ge p\u00e5litligt skydd mot graviditet genom ett l\u00e5gdos hormonellt system. NuvaRing \u00e4r en ring som s\u00e4tts in i vaginan en g\u00e5ng i m\u00e5naden och erbjuder en konsekvent hormonleverans.<\/p>\n<p>Ringen inneh\u00e5ller tv\u00e5 hormoner, etonogestrel och ethinylestradiol, som gradvis sl\u00e4pps ut i blodomloppet genom vaginalv\u00e4ggen. Dessa hormoner arbetar tillsammans f\u00f6r att f\u00f6rhindra \u00e4gglossning, tjockna livmoderhalsslem f\u00f6r att blockera spermier och f\u00f6r\u00e4ndra livmoderslemhinnan f\u00f6r att minska chansen f\u00f6r implantation. Detta tredubbla skydd g\u00f6r NuvaRing till en effektiv preventivmetod n\u00e4r den anv\u00e4nds korrekt.<\/p>\n<p>Varje ring b\u00e4rs kontinuerligt i 21 dagar, f\u00f6ljt av en 7-dagars ringfri paus, under vilken en avbrottbl\u00f6dning vanligtvis intr\u00e4ffar. En ny ring s\u00e4tts in efter denna paus, \u00e4ven om bl\u00f6dningen inte har slutat helt. Processen \u00e4r utformad f\u00f6r att efterlikna en naturlig menstruationscykel samtidigt som den bibeh\u00e5ller preventiv effektivitet under hela m\u00e5naden.<\/p>\n<p>NuvaRing \u00e4r popul\u00e4r bland dem som f\u00f6redrar att inte ta en daglig tablett eller som vill ha ett icke-permanent men mycket effektivt preventivmedelsalternativ. Den kr\u00e4ver ingen daglig uppm\u00e4rksamhet, och eftersom den s\u00e4tts in och tas bort av anv\u00e4ndaren sj\u00e4lv.<\/p>\n<p>De flesta anv\u00e4ndare t\u00e5l NuvaRing v\u00e4l. Vanliga biverkningar kan inkludera huvudv\u00e4rk, hum\u00f6rf\u00f6r\u00e4ndringar, \u00f6mhet i br\u00f6sten eller mild vaginal irritation. Precis som andra kombinerade hormonella preventivmedel \u00e4r NuvaRing inte l\u00e4mplig f\u00f6r r\u00f6kare \u00f6ver 35 \u00e5r eller personer med en historia av vissa kardiovaskul\u00e4ra tillst\u00e5nd.<\/p>\n","protected":false},"excerpt":{"rendered":"<ul>\n<li>Bekv\u00e4m m\u00e5natlig preventivmetod<\/li>\n<li>Mycket effektiv graviditetsprevention<\/li>\n<li>Reglerar och f\u00f6rkortar menstruationscykler<\/li>\n<\/ul>\n","protected":false},"featured_media":863,"comment_status":"open","ping_status":"closed","template":"","meta":[],"product_brand":[],"product_cat":[77],"product_tag":[],"expert":[18],"class_list":{"0":"post-861","1":"product","2":"type-product","3":"status-publish","4":"has-post-thumbnail","6":"product_cat-preventivring","7":"expert-dr-g-varbanov","9":"first","10":"instock","11":"shipping-taxable","12":"product-type-variable"},"yoast_head":"<!-- This site is optimized with the Yoast SEO plugin v27.0 - https:\/\/yoast.com\/product\/yoast-seo-wordpress\/ -->\n<title>NuvaRing | P\u00e5litligt hormonellt preventivmedel - Transtoyou<\/title>\n<meta name=\"description\" content=\"NuvaRing, tillg\u00e4nglig p\u00e5 Transtoyou, erbjuder p\u00e5litlig preventivmedel med trippel skydd. Best\u00e4ll nu f\u00f6r effektiv hormonell preventivmedel.\" \/>\n<meta name=\"robots\" content=\"noindex, follow, max-snippet:-1, max-image-preview:large, max-video-preview:-1\" \/>\n<meta property=\"og:locale\" content=\"sv_SE\" \/>\n<meta property=\"og:type\" content=\"article\" \/>\n<meta property=\"og:title\" content=\"NuvaRing | P\u00e5litligt hormonellt preventivmedel - Transtoyou\" \/>\n<meta property=\"og:description\" content=\"NuvaRing, tillg\u00e4nglig p\u00e5 Transtoyou, erbjuder p\u00e5litlig preventivmedel med trippel skydd. Best\u00e4ll nu f\u00f6r effektiv hormonell preventivmedel.\" \/>\n<meta property=\"og:url\" content=\"https:\/\/www.transtoyou.com\/sv\/product\/nuvaring\/\" \/>\n<meta property=\"og:site_name\" content=\"Transtoyou - SV\" \/>\n<meta property=\"article:modified_time\" content=\"2026-02-28T11:47:41+00:00\" \/>\n<meta name=\"twitter:card\" content=\"summary_large_image\" \/>\n<meta name=\"twitter:label1\" content=\"Ber\u00e4knad l\u00e4stid\" \/>\n\t<meta name=\"twitter:data1\" content=\"1 minut\" \/>\n<script type=\"application\/ld+json\" class=\"yoast-schema-graph\">{\"@context\":\"https:\/\/schema.org\",\"@graph\":[{\"@type\":\"WebPage\",\"@id\":\"https:\/\/www.transtoyou.com\/sv\/product\/nuvaring\/\",\"url\":\"https:\/\/www.transtoyou.com\/sv\/product\/nuvaring\/\",\"name\":\"NuvaRing | P\u00e5litligt hormonellt preventivmedel - Transtoyou\",\"isPartOf\":{\"@id\":\"https:\/\/www.transtoyou.com\/sv\/#website\"},\"primaryImageOfPage\":{\"@id\":\"https:\/\/www.transtoyou.com\/sv\/product\/nuvaring\/#primaryimage\"},\"image\":{\"@id\":\"https:\/\/www.transtoyou.com\/sv\/product\/nuvaring\/#primaryimage\"},\"thumbnailUrl\":\"https:\/\/www.transtoyou.com\/sv\/wp-content\/uploads\/sites\/15\/2026\/01\/tty-no-product-image-131.webp\",\"datePublished\":\"2026-01-25T01:38:27+00:00\",\"dateModified\":\"2026-02-28T11:47:41+00:00\",\"description\":\"NuvaRing, tillg\u00e4nglig p\u00e5 Transtoyou, erbjuder p\u00e5litlig preventivmedel med trippel skydd. Best\u00e4ll nu f\u00f6r effektiv hormonell preventivmedel.\",\"breadcrumb\":{\"@id\":\"https:\/\/www.transtoyou.com\/sv\/product\/nuvaring\/#breadcrumb\"},\"inLanguage\":\"sv-SE\",\"potentialAction\":[{\"@type\":\"ReadAction\",\"target\":[\"https:\/\/www.transtoyou.com\/sv\/product\/nuvaring\/\"]}]},{\"@type\":\"ImageObject\",\"inLanguage\":\"sv-SE\",\"@id\":\"https:\/\/www.transtoyou.com\/sv\/product\/nuvaring\/#primaryimage\",\"url\":\"https:\/\/www.transtoyou.com\/sv\/wp-content\/uploads\/sites\/15\/2026\/01\/tty-no-product-image-131.webp\",\"contentUrl\":\"https:\/\/www.transtoyou.com\/sv\/wp-content\/uploads\/sites\/15\/2026\/01\/tty-no-product-image-131.webp\",\"width\":1000,\"height\":1000,\"caption\":\"Standard produktbild\"},{\"@type\":\"WebSite\",\"@id\":\"https:\/\/www.transtoyou.com\/sv\/#website\",\"url\":\"https:\/\/www.transtoyou.com\/sv\/\",\"name\":\"Transtoyou - SV\",\"description\":\"\",\"publisher\":{\"@id\":\"https:\/\/www.transtoyou.com\/sv\/#organization\"},\"potentialAction\":[{\"@type\":\"SearchAction\",\"target\":{\"@type\":\"EntryPoint\",\"urlTemplate\":\"https:\/\/www.transtoyou.com\/sv\/?s={search_term_string}\"},\"query-input\":{\"@type\":\"PropertyValueSpecification\",\"valueRequired\":true,\"valueName\":\"search_term_string\"}}],\"inLanguage\":\"sv-SE\"},{\"@type\":\"Organization\",\"@id\":\"https:\/\/www.transtoyou.com\/sv\/#organization\",\"name\":\"Transtoyou - SV\",\"url\":\"https:\/\/www.transtoyou.com\/sv\/\",\"logo\":{\"@type\":\"ImageObject\",\"inLanguage\":\"sv-SE\",\"@id\":\"https:\/\/www.transtoyou.com\/sv\/#\/schema\/logo\/image\/\",\"url\":\"https:\/\/www.transtoyou.com\/sv\/wp-content\/uploads\/sites\/15\/2026\/01\/logo-tty-menu-bar-300x87-1.webp\",\"contentUrl\":\"https:\/\/www.transtoyou.com\/sv\/wp-content\/uploads\/sites\/15\/2026\/01\/logo-tty-menu-bar-300x87-1.webp\",\"width\":300,\"height\":87,\"caption\":\"Transtoyou - SV\"},\"image\":{\"@id\":\"https:\/\/www.transtoyou.com\/sv\/#\/schema\/logo\/image\/\"}}]}<\/script>\n<!-- \/ Yoast SEO plugin. -->","yoast_head_json":{"title":"NuvaRing | P\u00e5litligt hormonellt preventivmedel - Transtoyou","description":"NuvaRing, tillg\u00e4nglig p\u00e5 Transtoyou, erbjuder p\u00e5litlig preventivmedel med trippel skydd. Best\u00e4ll nu f\u00f6r effektiv hormonell preventivmedel.","robots":{"index":"noindex","follow":"follow","max-snippet":"max-snippet:-1","max-image-preview":"max-image-preview:large","max-video-preview":"max-video-preview:-1"},"og_locale":"sv_SE","og_type":"article","og_title":"NuvaRing | P\u00e5litligt hormonellt preventivmedel - Transtoyou","og_description":"NuvaRing, tillg\u00e4nglig p\u00e5 Transtoyou, erbjuder p\u00e5litlig preventivmedel med trippel skydd. Best\u00e4ll nu f\u00f6r effektiv hormonell preventivmedel.","og_url":"https:\/\/www.transtoyou.com\/sv\/product\/nuvaring\/","og_site_name":"Transtoyou - SV","article_modified_time":"2026-02-28T11:47:41+00:00","twitter_card":"summary_large_image","twitter_misc":{"Ber\u00e4knad l\u00e4stid":"1 minut"},"schema":{"@context":"https:\/\/schema.org","@graph":[{"@type":"WebPage","@id":"https:\/\/www.transtoyou.com\/sv\/product\/nuvaring\/","url":"https:\/\/www.transtoyou.com\/sv\/product\/nuvaring\/","name":"NuvaRing | P\u00e5litligt hormonellt preventivmedel - Transtoyou","isPartOf":{"@id":"https:\/\/www.transtoyou.com\/sv\/#website"},"primaryImageOfPage":{"@id":"https:\/\/www.transtoyou.com\/sv\/product\/nuvaring\/#primaryimage"},"image":{"@id":"https:\/\/www.transtoyou.com\/sv\/product\/nuvaring\/#primaryimage"},"thumbnailUrl":"https:\/\/www.transtoyou.com\/sv\/wp-content\/uploads\/sites\/15\/2026\/01\/tty-no-product-image-131.webp","datePublished":"2026-01-25T01:38:27+00:00","dateModified":"2026-02-28T11:47:41+00:00","description":"NuvaRing, tillg\u00e4nglig p\u00e5 Transtoyou, erbjuder p\u00e5litlig preventivmedel med trippel skydd. Best\u00e4ll nu f\u00f6r effektiv hormonell preventivmedel.","breadcrumb":{"@id":"https:\/\/www.transtoyou.com\/sv\/product\/nuvaring\/#breadcrumb"},"inLanguage":"sv-SE","potentialAction":[{"@type":"ReadAction","target":["https:\/\/www.transtoyou.com\/sv\/product\/nuvaring\/"]}]},{"@type":"ImageObject","inLanguage":"sv-SE","@id":"https:\/\/www.transtoyou.com\/sv\/product\/nuvaring\/#primaryimage","url":"https:\/\/www.transtoyou.com\/sv\/wp-content\/uploads\/sites\/15\/2026\/01\/tty-no-product-image-131.webp","contentUrl":"https:\/\/www.transtoyou.com\/sv\/wp-content\/uploads\/sites\/15\/2026\/01\/tty-no-product-image-131.webp","width":1000,"height":1000,"caption":"Standard produktbild"},{"@type":"WebSite","@id":"https:\/\/www.transtoyou.com\/sv\/#website","url":"https:\/\/www.transtoyou.com\/sv\/","name":"Transtoyou - SV","description":"","publisher":{"@id":"https:\/\/www.transtoyou.com\/sv\/#organization"},"potentialAction":[{"@type":"SearchAction","target":{"@type":"EntryPoint","urlTemplate":"https:\/\/www.transtoyou.com\/sv\/?s={search_term_string}"},"query-input":{"@type":"PropertyValueSpecification","valueRequired":true,"valueName":"search_term_string"}}],"inLanguage":"sv-SE"},{"@type":"Organization","@id":"https:\/\/www.transtoyou.com\/sv\/#organization","name":"Transtoyou - SV","url":"https:\/\/www.transtoyou.com\/sv\/","logo":{"@type":"ImageObject","inLanguage":"sv-SE","@id":"https:\/\/www.transtoyou.com\/sv\/#\/schema\/logo\/image\/","url":"https:\/\/www.transtoyou.com\/sv\/wp-content\/uploads\/sites\/15\/2026\/01\/logo-tty-menu-bar-300x87-1.webp","contentUrl":"https:\/\/www.transtoyou.com\/sv\/wp-content\/uploads\/sites\/15\/2026\/01\/logo-tty-menu-bar-300x87-1.webp","width":300,"height":87,"caption":"Transtoyou - SV"},"image":{"@id":"https:\/\/www.transtoyou.com\/sv\/#\/schema\/logo\/image\/"}}]}},"_links":{"self":[{"href":"https:\/\/www.transtoyou.com\/sv\/wp-json\/wp\/v2\/product\/861","targetHints":{"allow":["GET"]}}],"collection":[{"href":"https:\/\/www.transtoyou.com\/sv\/wp-json\/wp\/v2\/product"}],"about":[{"href":"https:\/\/www.transtoyou.com\/sv\/wp-json\/wp\/v2\/types\/product"}],"replies":[{"embeddable":true,"href":"https:\/\/www.transtoyou.com\/sv\/wp-json\/wp\/v2\/comments?post=861"}],"wp:featuredmedia":[{"embeddable":true,"href":"https:\/\/www.transtoyou.com\/sv\/wp-json\/wp\/v2\/media\/863"}],"wp:attachment":[{"href":"https:\/\/www.transtoyou.com\/sv\/wp-json\/wp\/v2\/media?parent=861"}],"wp:term":[{"taxonomy":"product_brand","embeddable":true,"href":"https:\/\/www.transtoyou.com\/sv\/wp-json\/wp\/v2\/product_brand?post=861"},{"taxonomy":"product_cat","embeddable":true,"href":"https:\/\/www.transtoyou.com\/sv\/wp-json\/wp\/v2\/product_cat?post=861"},{"taxonomy":"product_tag","embeddable":true,"href":"https:\/\/www.transtoyou.com\/sv\/wp-json\/wp\/v2\/product_tag?post=861"},{"taxonomy":"expert","embeddable":true,"href":"https:\/\/www.transtoyou.com\/sv\/wp-json\/wp\/v2\/expert?post=861"}],"curies":[{"name":"wp","href":"https:\/\/api.w.org\/{rel}","templated":true}]}}