{"id":864,"date":"2026-01-25T01:54:10","date_gmt":"2026-01-25T01:54:10","guid":{"rendered":"https:\/\/www.transtoyou.com\/sv\/product\/ginoring\/"},"modified":"2026-01-25T01:55:02","modified_gmt":"2026-01-25T01:55:02","slug":"ginoring","status":"publish","type":"product","link":"https:\/\/www.transtoyou.com\/sv\/product\/ginoring\/","title":{"rendered":"Ginoring"},"content":{"rendered":"<p>Ginoring \u00e4r en flexibel vaginalring som anv\u00e4nds som hormonell preventivmetod f\u00f6r att f\u00f6rhindra graviditet. Den inneh\u00e5ller etonogestrel (ett gestagen) och etinyl\u00f6stradiol (ett \u00f6strogen), tv\u00e5 syntetiska hormoner som samarbetar f\u00f6r att f\u00f6rhindra \u00e4gglossning, det vill s\u00e4ga fris\u00e4ttningen av ett \u00e4gg fr\u00e5n \u00e4ggstocken. Den g\u00f6r ocks\u00e5 livmoderhalsslemmet tjockare, vilket g\u00f6r det sv\u00e5rare f\u00f6r spermier att n\u00e5 \u00e4gget, och f\u00f6r\u00e4ndrar livmoderslemhinnan f\u00f6r att f\u00f6rhindra implantation.<\/p>\n<p>Ginoring b\u00e4rs inuti vaginan i tre kontinuerliga veckor, f\u00f6ljt av en veckas paus under vilken en avbruten bl\u00f6dning (liknande en mens) vanligtvis intr\u00e4ffar. Efter den fj\u00e4rde veckan s\u00e4tts en ny ring in. Hormonerna absorberas genom vaginalv\u00e4ggarna in i blodomloppet, vilket s\u00e4kerst\u00e4ller j\u00e4mna hormonniv\u00e5er utan behov av dagliga piller.<\/p>\n<p>Ringen \u00e4r l\u00e4tt att s\u00e4tta in och ta bort och sitter p\u00e5 plats n\u00e4r den \u00e4r korrekt placerad. Den ger effektiv, diskret preventivmedel n\u00e4r den anv\u00e4nds korrekt. Den kan ocks\u00e5 hj\u00e4lpa till att reglera menstruationscykler, minska kramper och l\u00e4tta bl\u00f6dningar.<\/p>\n<p>Som alla kombinerade hormonella preventivmedel kanske Ginoring inte \u00e4r l\u00e4mplig f\u00f6r alla kvinnor, s\u00e4rskilt de med en historia av blodproppar, stroke eller hormonrelaterade cancerformer. M\u00f6jliga biverkningar inkluderar huvudv\u00e4rk, vaginal irritation, hum\u00f6rf\u00f6r\u00e4ndringar eller \u00f6mhet i br\u00f6sten.<\/p>\n<p>Ginoring \u00e4r ett p\u00e5litligt preventivmedelsalternativ f\u00f6r kvinnor som f\u00f6redrar en icke-daglig, hormonbaserad metod.<\/p>\n","protected":false},"excerpt":{"rendered":"<ul>\n<li>M\u00e5natlig hormonell preventivring<\/li>\n<li>F\u00f6rhindrar \u00e4gglossning och graviditet<\/li>\n<li>Bekv\u00e4m och diskret l\u00f6sning<\/li>\n<\/ul>\n","protected":false},"featured_media":866,"comment_status":"open","ping_status":"closed","template":"","meta":[],"product_brand":[],"product_cat":[77],"product_tag":[],"expert":[19],"class_list":{"0":"post-864","1":"product","2":"type-product","3":"status-publish","4":"has-post-thumbnail","6":"product_cat-preventivring","7":"expert-dr-j-vazquez","9":"first","10":"instock","11":"shipping-taxable","12":"product-type-variable"},"yoast_head":"<!-- This site is optimized with the Yoast SEO plugin v27.0 - https:\/\/yoast.com\/product\/yoast-seo-wordpress\/ -->\n<title>Ginoring | P\u00e5litlig preventivl\u00f6sning - Transtoyou<\/title>\n<meta name=\"description\" content=\"Ginoring: Effektiv hormonell preventivring, l\u00e4tt att anv\u00e4nda, reglerar cykler, minskar kramper. Skaffa din idag p\u00e5 Transtoyou.\" \/>\n<meta name=\"robots\" content=\"noindex, follow, max-snippet:-1, max-image-preview:large, max-video-preview:-1\" \/>\n<meta property=\"og:locale\" content=\"sv_SE\" \/>\n<meta property=\"og:type\" content=\"article\" \/>\n<meta property=\"og:title\" content=\"Ginoring | P\u00e5litlig preventivl\u00f6sning - Transtoyou\" \/>\n<meta property=\"og:description\" content=\"Ginoring: Effektiv hormonell preventivring, l\u00e4tt att anv\u00e4nda, reglerar cykler, minskar kramper. Skaffa din idag p\u00e5 Transtoyou.\" \/>\n<meta property=\"og:url\" content=\"https:\/\/www.transtoyou.com\/sv\/product\/ginoring\/\" \/>\n<meta property=\"og:site_name\" content=\"Transtoyou - SV\" \/>\n<meta property=\"article:modified_time\" content=\"2026-01-25T01:55:02+00:00\" \/>\n<meta name=\"twitter:card\" content=\"summary_large_image\" \/>\n<meta name=\"twitter:label1\" content=\"Ber\u00e4knad l\u00e4stid\" \/>\n\t<meta name=\"twitter:data1\" content=\"1 minut\" \/>\n<script type=\"application\/ld+json\" class=\"yoast-schema-graph\">{\"@context\":\"https:\/\/schema.org\",\"@graph\":[{\"@type\":\"WebPage\",\"@id\":\"https:\/\/www.transtoyou.com\/sv\/product\/ginoring\/\",\"url\":\"https:\/\/www.transtoyou.com\/sv\/product\/ginoring\/\",\"name\":\"Ginoring | P\u00e5litlig preventivl\u00f6sning - Transtoyou\",\"isPartOf\":{\"@id\":\"https:\/\/www.transtoyou.com\/sv\/#website\"},\"primaryImageOfPage\":{\"@id\":\"https:\/\/www.transtoyou.com\/sv\/product\/ginoring\/#primaryimage\"},\"image\":{\"@id\":\"https:\/\/www.transtoyou.com\/sv\/product\/ginoring\/#primaryimage\"},\"thumbnailUrl\":\"https:\/\/www.transtoyou.com\/sv\/wp-content\/uploads\/sites\/15\/2026\/01\/tty-no-product-image-132.webp\",\"datePublished\":\"2026-01-25T01:54:10+00:00\",\"dateModified\":\"2026-01-25T01:55:02+00:00\",\"description\":\"Ginoring: Effektiv hormonell preventivring, l\u00e4tt att anv\u00e4nda, reglerar cykler, minskar kramper. Skaffa din idag p\u00e5 Transtoyou.\",\"breadcrumb\":{\"@id\":\"https:\/\/www.transtoyou.com\/sv\/product\/ginoring\/#breadcrumb\"},\"inLanguage\":\"sv-SE\",\"potentialAction\":[{\"@type\":\"ReadAction\",\"target\":[\"https:\/\/www.transtoyou.com\/sv\/product\/ginoring\/\"]}]},{\"@type\":\"ImageObject\",\"inLanguage\":\"sv-SE\",\"@id\":\"https:\/\/www.transtoyou.com\/sv\/product\/ginoring\/#primaryimage\",\"url\":\"https:\/\/www.transtoyou.com\/sv\/wp-content\/uploads\/sites\/15\/2026\/01\/tty-no-product-image-132.webp\",\"contentUrl\":\"https:\/\/www.transtoyou.com\/sv\/wp-content\/uploads\/sites\/15\/2026\/01\/tty-no-product-image-132.webp\",\"width\":1000,\"height\":1000,\"caption\":\"Standard produktbild\"},{\"@type\":\"WebSite\",\"@id\":\"https:\/\/www.transtoyou.com\/sv\/#website\",\"url\":\"https:\/\/www.transtoyou.com\/sv\/\",\"name\":\"Transtoyou - SV\",\"description\":\"\",\"publisher\":{\"@id\":\"https:\/\/www.transtoyou.com\/sv\/#organization\"},\"potentialAction\":[{\"@type\":\"SearchAction\",\"target\":{\"@type\":\"EntryPoint\",\"urlTemplate\":\"https:\/\/www.transtoyou.com\/sv\/?s={search_term_string}\"},\"query-input\":{\"@type\":\"PropertyValueSpecification\",\"valueRequired\":true,\"valueName\":\"search_term_string\"}}],\"inLanguage\":\"sv-SE\"},{\"@type\":\"Organization\",\"@id\":\"https:\/\/www.transtoyou.com\/sv\/#organization\",\"name\":\"Transtoyou - SV\",\"url\":\"https:\/\/www.transtoyou.com\/sv\/\",\"logo\":{\"@type\":\"ImageObject\",\"inLanguage\":\"sv-SE\",\"@id\":\"https:\/\/www.transtoyou.com\/sv\/#\/schema\/logo\/image\/\",\"url\":\"https:\/\/www.transtoyou.com\/sv\/wp-content\/uploads\/sites\/15\/2026\/01\/logo-tty-menu-bar-300x87-1.webp\",\"contentUrl\":\"https:\/\/www.transtoyou.com\/sv\/wp-content\/uploads\/sites\/15\/2026\/01\/logo-tty-menu-bar-300x87-1.webp\",\"width\":300,\"height\":87,\"caption\":\"Transtoyou - SV\"},\"image\":{\"@id\":\"https:\/\/www.transtoyou.com\/sv\/#\/schema\/logo\/image\/\"}}]}<\/script>\n<!-- \/ Yoast SEO plugin. -->","yoast_head_json":{"title":"Ginoring | P\u00e5litlig preventivl\u00f6sning - Transtoyou","description":"Ginoring: Effektiv hormonell preventivring, l\u00e4tt att anv\u00e4nda, reglerar cykler, minskar kramper. Skaffa din idag p\u00e5 Transtoyou.","robots":{"index":"noindex","follow":"follow","max-snippet":"max-snippet:-1","max-image-preview":"max-image-preview:large","max-video-preview":"max-video-preview:-1"},"og_locale":"sv_SE","og_type":"article","og_title":"Ginoring | P\u00e5litlig preventivl\u00f6sning - Transtoyou","og_description":"Ginoring: Effektiv hormonell preventivring, l\u00e4tt att anv\u00e4nda, reglerar cykler, minskar kramper. Skaffa din idag p\u00e5 Transtoyou.","og_url":"https:\/\/www.transtoyou.com\/sv\/product\/ginoring\/","og_site_name":"Transtoyou - SV","article_modified_time":"2026-01-25T01:55:02+00:00","twitter_card":"summary_large_image","twitter_misc":{"Ber\u00e4knad l\u00e4stid":"1 minut"},"schema":{"@context":"https:\/\/schema.org","@graph":[{"@type":"WebPage","@id":"https:\/\/www.transtoyou.com\/sv\/product\/ginoring\/","url":"https:\/\/www.transtoyou.com\/sv\/product\/ginoring\/","name":"Ginoring | P\u00e5litlig preventivl\u00f6sning - Transtoyou","isPartOf":{"@id":"https:\/\/www.transtoyou.com\/sv\/#website"},"primaryImageOfPage":{"@id":"https:\/\/www.transtoyou.com\/sv\/product\/ginoring\/#primaryimage"},"image":{"@id":"https:\/\/www.transtoyou.com\/sv\/product\/ginoring\/#primaryimage"},"thumbnailUrl":"https:\/\/www.transtoyou.com\/sv\/wp-content\/uploads\/sites\/15\/2026\/01\/tty-no-product-image-132.webp","datePublished":"2026-01-25T01:54:10+00:00","dateModified":"2026-01-25T01:55:02+00:00","description":"Ginoring: Effektiv hormonell preventivring, l\u00e4tt att anv\u00e4nda, reglerar cykler, minskar kramper. Skaffa din idag p\u00e5 Transtoyou.","breadcrumb":{"@id":"https:\/\/www.transtoyou.com\/sv\/product\/ginoring\/#breadcrumb"},"inLanguage":"sv-SE","potentialAction":[{"@type":"ReadAction","target":["https:\/\/www.transtoyou.com\/sv\/product\/ginoring\/"]}]},{"@type":"ImageObject","inLanguage":"sv-SE","@id":"https:\/\/www.transtoyou.com\/sv\/product\/ginoring\/#primaryimage","url":"https:\/\/www.transtoyou.com\/sv\/wp-content\/uploads\/sites\/15\/2026\/01\/tty-no-product-image-132.webp","contentUrl":"https:\/\/www.transtoyou.com\/sv\/wp-content\/uploads\/sites\/15\/2026\/01\/tty-no-product-image-132.webp","width":1000,"height":1000,"caption":"Standard produktbild"},{"@type":"WebSite","@id":"https:\/\/www.transtoyou.com\/sv\/#website","url":"https:\/\/www.transtoyou.com\/sv\/","name":"Transtoyou - SV","description":"","publisher":{"@id":"https:\/\/www.transtoyou.com\/sv\/#organization"},"potentialAction":[{"@type":"SearchAction","target":{"@type":"EntryPoint","urlTemplate":"https:\/\/www.transtoyou.com\/sv\/?s={search_term_string}"},"query-input":{"@type":"PropertyValueSpecification","valueRequired":true,"valueName":"search_term_string"}}],"inLanguage":"sv-SE"},{"@type":"Organization","@id":"https:\/\/www.transtoyou.com\/sv\/#organization","name":"Transtoyou - SV","url":"https:\/\/www.transtoyou.com\/sv\/","logo":{"@type":"ImageObject","inLanguage":"sv-SE","@id":"https:\/\/www.transtoyou.com\/sv\/#\/schema\/logo\/image\/","url":"https:\/\/www.transtoyou.com\/sv\/wp-content\/uploads\/sites\/15\/2026\/01\/logo-tty-menu-bar-300x87-1.webp","contentUrl":"https:\/\/www.transtoyou.com\/sv\/wp-content\/uploads\/sites\/15\/2026\/01\/logo-tty-menu-bar-300x87-1.webp","width":300,"height":87,"caption":"Transtoyou - SV"},"image":{"@id":"https:\/\/www.transtoyou.com\/sv\/#\/schema\/logo\/image\/"}}]}},"_links":{"self":[{"href":"https:\/\/www.transtoyou.com\/sv\/wp-json\/wp\/v2\/product\/864","targetHints":{"allow":["GET"]}}],"collection":[{"href":"https:\/\/www.transtoyou.com\/sv\/wp-json\/wp\/v2\/product"}],"about":[{"href":"https:\/\/www.transtoyou.com\/sv\/wp-json\/wp\/v2\/types\/product"}],"replies":[{"embeddable":true,"href":"https:\/\/www.transtoyou.com\/sv\/wp-json\/wp\/v2\/comments?post=864"}],"wp:featuredmedia":[{"embeddable":true,"href":"https:\/\/www.transtoyou.com\/sv\/wp-json\/wp\/v2\/media\/866"}],"wp:attachment":[{"href":"https:\/\/www.transtoyou.com\/sv\/wp-json\/wp\/v2\/media?parent=864"}],"wp:term":[{"taxonomy":"product_brand","embeddable":true,"href":"https:\/\/www.transtoyou.com\/sv\/wp-json\/wp\/v2\/product_brand?post=864"},{"taxonomy":"product_cat","embeddable":true,"href":"https:\/\/www.transtoyou.com\/sv\/wp-json\/wp\/v2\/product_cat?post=864"},{"taxonomy":"product_tag","embeddable":true,"href":"https:\/\/www.transtoyou.com\/sv\/wp-json\/wp\/v2\/product_tag?post=864"},{"taxonomy":"expert","embeddable":true,"href":"https:\/\/www.transtoyou.com\/sv\/wp-json\/wp\/v2\/expert?post=864"}],"curies":[{"name":"wp","href":"https:\/\/api.w.org\/{rel}","templated":true}]}}