{"id":882,"date":"2026-01-25T03:33:18","date_gmt":"2026-01-25T03:33:18","guid":{"rendered":"https:\/\/www.transtoyou.com\/sv\/product\/nystan\/"},"modified":"2026-02-28T11:38:48","modified_gmt":"2026-02-28T11:38:48","slug":"nystan","status":"publish","type":"product","link":"https:\/\/www.transtoyou.com\/sv\/product\/nystan\/","title":{"rendered":"Nystan"},"content":{"rendered":"<p>Nystan, som inneh\u00e5ller den aktiva ingrediensen nystatin, \u00e4r ett svampd\u00f6dande l\u00e4kemedel som anv\u00e4nds f\u00f6r att behandla infektioner orsakade av Candida, en typ av j\u00e4st som vanligtvis p\u00e5verkar huden och slemhinnorna. Det \u00e4r s\u00e4rskilt effektivt f\u00f6r att hantera lokala svampinfektioner som muntorsk, tarmcandida och vaginala j\u00e4stinfektioner.<\/p>\n<p>Nystatin verkar genom att binda sig till cellmembranet hos j\u00e4sten, vilket skapar h\u00e5l som g\u00f6r att cellinneh\u00e5llet l\u00e4cker ut. Denna riktade \u00e5tg\u00e4rd d\u00f6dar svampen och f\u00f6rhindrar vidare tillv\u00e4xt, vilket g\u00f6r att de drabbade v\u00e4vnaderna kan l\u00e4ka och symtomen f\u00f6rsvinna. Eftersom det endast verkar i det omr\u00e5de d\u00e4r det appliceras eller intas, anses nystatin vara en lokal behandling och absorberas inte betydligt i blodomloppet.<\/p>\n<p>F\u00f6r vaginala infektioner anv\u00e4nds Nystan f\u00f6r att lindra kl\u00e5da, irritation och onormalt flytande som \u00e4r kopplat till vaginal torsk.<\/p>\n<p>Nystatin anv\u00e4nds ocks\u00e5 i oral suspension eller pastiller f\u00f6r att behandla orala Candida-infektioner (torsk), s\u00e4rskilt hos patienter som anv\u00e4nder inhalerade steroider, b\u00e4r proteser eller har nedsatt immunf\u00f6rsvar. N\u00e4r det ordineras f\u00f6r tarmcandida hj\u00e4lper det till att kontrollera j\u00e4st\u00f6verv\u00e4xt i mag-tarmkanalen.<\/p>\n<p>Nystan tolereras generellt v\u00e4l, biverkningar \u00e4r s\u00e4llsynta men kan inkludera mild gastrointestinal obehag eller lokal irritation.<\/p>\n","protected":false},"excerpt":{"rendered":"<ul>\n<li>Riktar in sig p\u00e5 lokal \u00f6verv\u00e4xt av Candida<\/li>\n<li>Skonsam, icke-systemisk svampbehandling<\/li>\n<li>Lindrar svampinfektioner och candida<\/li>\n<\/ul>\n","protected":false},"featured_media":884,"comment_status":"open","ping_status":"closed","template":"","meta":[],"product_brand":[],"product_cat":[69,154],"product_tag":[],"expert":[16],"class_list":{"0":"post-882","1":"product","2":"type-product","3":"status-publish","4":"has-post-thumbnail","6":"product_cat-candida","7":"product_cat-vaginalinfektioner-antifungaler","8":"expert-dr-c-alexandru","10":"first","11":"instock","12":"shipping-taxable","13":"product-type-variable"},"yoast_head":"<!-- This site is optimized with the Yoast SEO plugin v27.0 - https:\/\/yoast.com\/product\/yoast-seo-wordpress\/ -->\n<title>Nystan | Effektiv Antifungal L\u00f6sning - Transtoyou<\/title>\n<meta name=\"description\" content=\"Nystan behandlar Candida-infektioner som munsk\u00f6lj och vaginal svamp. K\u00f6p nu f\u00f6r effektiv lindring och lokal behandling. Finns p\u00e5 Transtoyou.\" \/>\n<meta name=\"robots\" content=\"noindex, follow, max-snippet:-1, max-image-preview:large, max-video-preview:-1\" \/>\n<meta property=\"og:locale\" content=\"sv_SE\" \/>\n<meta property=\"og:type\" content=\"article\" \/>\n<meta property=\"og:title\" content=\"Nystan | Effektiv Antifungal L\u00f6sning - Transtoyou\" \/>\n<meta property=\"og:description\" content=\"Nystan behandlar Candida-infektioner som munsk\u00f6lj och vaginal svamp. K\u00f6p nu f\u00f6r effektiv lindring och lokal behandling. Finns p\u00e5 Transtoyou.\" \/>\n<meta property=\"og:url\" content=\"https:\/\/www.transtoyou.com\/sv\/product\/nystan\/\" \/>\n<meta property=\"og:site_name\" content=\"Transtoyou - SV\" \/>\n<meta property=\"article:modified_time\" content=\"2026-02-28T11:38:48+00:00\" \/>\n<meta name=\"twitter:card\" content=\"summary_large_image\" \/>\n<meta name=\"twitter:label1\" content=\"Ber\u00e4knad l\u00e4stid\" \/>\n\t<meta name=\"twitter:data1\" content=\"1 minut\" \/>\n<script type=\"application\/ld+json\" class=\"yoast-schema-graph\">{\"@context\":\"https:\/\/schema.org\",\"@graph\":[{\"@type\":\"WebPage\",\"@id\":\"https:\/\/www.transtoyou.com\/sv\/product\/nystan\/\",\"url\":\"https:\/\/www.transtoyou.com\/sv\/product\/nystan\/\",\"name\":\"Nystan | Effektiv Antifungal L\u00f6sning - Transtoyou\",\"isPartOf\":{\"@id\":\"https:\/\/www.transtoyou.com\/sv\/#website\"},\"primaryImageOfPage\":{\"@id\":\"https:\/\/www.transtoyou.com\/sv\/product\/nystan\/#primaryimage\"},\"image\":{\"@id\":\"https:\/\/www.transtoyou.com\/sv\/product\/nystan\/#primaryimage\"},\"thumbnailUrl\":\"https:\/\/www.transtoyou.com\/sv\/wp-content\/uploads\/sites\/15\/2026\/01\/tty-no-product-image-138.webp\",\"datePublished\":\"2026-01-25T03:33:18+00:00\",\"dateModified\":\"2026-02-28T11:38:48+00:00\",\"description\":\"Nystan behandlar Candida-infektioner som munsk\u00f6lj och vaginal svamp. K\u00f6p nu f\u00f6r effektiv lindring och lokal behandling. Finns p\u00e5 Transtoyou.\",\"breadcrumb\":{\"@id\":\"https:\/\/www.transtoyou.com\/sv\/product\/nystan\/#breadcrumb\"},\"inLanguage\":\"sv-SE\",\"potentialAction\":[{\"@type\":\"ReadAction\",\"target\":[\"https:\/\/www.transtoyou.com\/sv\/product\/nystan\/\"]}]},{\"@type\":\"ImageObject\",\"inLanguage\":\"sv-SE\",\"@id\":\"https:\/\/www.transtoyou.com\/sv\/product\/nystan\/#primaryimage\",\"url\":\"https:\/\/www.transtoyou.com\/sv\/wp-content\/uploads\/sites\/15\/2026\/01\/tty-no-product-image-138.webp\",\"contentUrl\":\"https:\/\/www.transtoyou.com\/sv\/wp-content\/uploads\/sites\/15\/2026\/01\/tty-no-product-image-138.webp\",\"width\":1000,\"height\":1000,\"caption\":\"Standardproduktbild\"},{\"@type\":\"WebSite\",\"@id\":\"https:\/\/www.transtoyou.com\/sv\/#website\",\"url\":\"https:\/\/www.transtoyou.com\/sv\/\",\"name\":\"Transtoyou - SV\",\"description\":\"\",\"publisher\":{\"@id\":\"https:\/\/www.transtoyou.com\/sv\/#organization\"},\"potentialAction\":[{\"@type\":\"SearchAction\",\"target\":{\"@type\":\"EntryPoint\",\"urlTemplate\":\"https:\/\/www.transtoyou.com\/sv\/?s={search_term_string}\"},\"query-input\":{\"@type\":\"PropertyValueSpecification\",\"valueRequired\":true,\"valueName\":\"search_term_string\"}}],\"inLanguage\":\"sv-SE\"},{\"@type\":\"Organization\",\"@id\":\"https:\/\/www.transtoyou.com\/sv\/#organization\",\"name\":\"Transtoyou - SV\",\"url\":\"https:\/\/www.transtoyou.com\/sv\/\",\"logo\":{\"@type\":\"ImageObject\",\"inLanguage\":\"sv-SE\",\"@id\":\"https:\/\/www.transtoyou.com\/sv\/#\/schema\/logo\/image\/\",\"url\":\"https:\/\/www.transtoyou.com\/sv\/wp-content\/uploads\/sites\/15\/2026\/01\/logo-tty-menu-bar-300x87-1.webp\",\"contentUrl\":\"https:\/\/www.transtoyou.com\/sv\/wp-content\/uploads\/sites\/15\/2026\/01\/logo-tty-menu-bar-300x87-1.webp\",\"width\":300,\"height\":87,\"caption\":\"Transtoyou - SV\"},\"image\":{\"@id\":\"https:\/\/www.transtoyou.com\/sv\/#\/schema\/logo\/image\/\"}}]}<\/script>\n<!-- \/ Yoast SEO plugin. -->","yoast_head_json":{"title":"Nystan | Effektiv Antifungal L\u00f6sning - Transtoyou","description":"Nystan behandlar Candida-infektioner som munsk\u00f6lj och vaginal svamp. K\u00f6p nu f\u00f6r effektiv lindring och lokal behandling. Finns p\u00e5 Transtoyou.","robots":{"index":"noindex","follow":"follow","max-snippet":"max-snippet:-1","max-image-preview":"max-image-preview:large","max-video-preview":"max-video-preview:-1"},"og_locale":"sv_SE","og_type":"article","og_title":"Nystan | Effektiv Antifungal L\u00f6sning - Transtoyou","og_description":"Nystan behandlar Candida-infektioner som munsk\u00f6lj och vaginal svamp. K\u00f6p nu f\u00f6r effektiv lindring och lokal behandling. Finns p\u00e5 Transtoyou.","og_url":"https:\/\/www.transtoyou.com\/sv\/product\/nystan\/","og_site_name":"Transtoyou - SV","article_modified_time":"2026-02-28T11:38:48+00:00","twitter_card":"summary_large_image","twitter_misc":{"Ber\u00e4knad l\u00e4stid":"1 minut"},"schema":{"@context":"https:\/\/schema.org","@graph":[{"@type":"WebPage","@id":"https:\/\/www.transtoyou.com\/sv\/product\/nystan\/","url":"https:\/\/www.transtoyou.com\/sv\/product\/nystan\/","name":"Nystan | Effektiv Antifungal L\u00f6sning - Transtoyou","isPartOf":{"@id":"https:\/\/www.transtoyou.com\/sv\/#website"},"primaryImageOfPage":{"@id":"https:\/\/www.transtoyou.com\/sv\/product\/nystan\/#primaryimage"},"image":{"@id":"https:\/\/www.transtoyou.com\/sv\/product\/nystan\/#primaryimage"},"thumbnailUrl":"https:\/\/www.transtoyou.com\/sv\/wp-content\/uploads\/sites\/15\/2026\/01\/tty-no-product-image-138.webp","datePublished":"2026-01-25T03:33:18+00:00","dateModified":"2026-02-28T11:38:48+00:00","description":"Nystan behandlar Candida-infektioner som munsk\u00f6lj och vaginal svamp. K\u00f6p nu f\u00f6r effektiv lindring och lokal behandling. Finns p\u00e5 Transtoyou.","breadcrumb":{"@id":"https:\/\/www.transtoyou.com\/sv\/product\/nystan\/#breadcrumb"},"inLanguage":"sv-SE","potentialAction":[{"@type":"ReadAction","target":["https:\/\/www.transtoyou.com\/sv\/product\/nystan\/"]}]},{"@type":"ImageObject","inLanguage":"sv-SE","@id":"https:\/\/www.transtoyou.com\/sv\/product\/nystan\/#primaryimage","url":"https:\/\/www.transtoyou.com\/sv\/wp-content\/uploads\/sites\/15\/2026\/01\/tty-no-product-image-138.webp","contentUrl":"https:\/\/www.transtoyou.com\/sv\/wp-content\/uploads\/sites\/15\/2026\/01\/tty-no-product-image-138.webp","width":1000,"height":1000,"caption":"Standardproduktbild"},{"@type":"WebSite","@id":"https:\/\/www.transtoyou.com\/sv\/#website","url":"https:\/\/www.transtoyou.com\/sv\/","name":"Transtoyou - SV","description":"","publisher":{"@id":"https:\/\/www.transtoyou.com\/sv\/#organization"},"potentialAction":[{"@type":"SearchAction","target":{"@type":"EntryPoint","urlTemplate":"https:\/\/www.transtoyou.com\/sv\/?s={search_term_string}"},"query-input":{"@type":"PropertyValueSpecification","valueRequired":true,"valueName":"search_term_string"}}],"inLanguage":"sv-SE"},{"@type":"Organization","@id":"https:\/\/www.transtoyou.com\/sv\/#organization","name":"Transtoyou - SV","url":"https:\/\/www.transtoyou.com\/sv\/","logo":{"@type":"ImageObject","inLanguage":"sv-SE","@id":"https:\/\/www.transtoyou.com\/sv\/#\/schema\/logo\/image\/","url":"https:\/\/www.transtoyou.com\/sv\/wp-content\/uploads\/sites\/15\/2026\/01\/logo-tty-menu-bar-300x87-1.webp","contentUrl":"https:\/\/www.transtoyou.com\/sv\/wp-content\/uploads\/sites\/15\/2026\/01\/logo-tty-menu-bar-300x87-1.webp","width":300,"height":87,"caption":"Transtoyou - SV"},"image":{"@id":"https:\/\/www.transtoyou.com\/sv\/#\/schema\/logo\/image\/"}}]}},"_links":{"self":[{"href":"https:\/\/www.transtoyou.com\/sv\/wp-json\/wp\/v2\/product\/882","targetHints":{"allow":["GET"]}}],"collection":[{"href":"https:\/\/www.transtoyou.com\/sv\/wp-json\/wp\/v2\/product"}],"about":[{"href":"https:\/\/www.transtoyou.com\/sv\/wp-json\/wp\/v2\/types\/product"}],"replies":[{"embeddable":true,"href":"https:\/\/www.transtoyou.com\/sv\/wp-json\/wp\/v2\/comments?post=882"}],"wp:featuredmedia":[{"embeddable":true,"href":"https:\/\/www.transtoyou.com\/sv\/wp-json\/wp\/v2\/media\/884"}],"wp:attachment":[{"href":"https:\/\/www.transtoyou.com\/sv\/wp-json\/wp\/v2\/media?parent=882"}],"wp:term":[{"taxonomy":"product_brand","embeddable":true,"href":"https:\/\/www.transtoyou.com\/sv\/wp-json\/wp\/v2\/product_brand?post=882"},{"taxonomy":"product_cat","embeddable":true,"href":"https:\/\/www.transtoyou.com\/sv\/wp-json\/wp\/v2\/product_cat?post=882"},{"taxonomy":"product_tag","embeddable":true,"href":"https:\/\/www.transtoyou.com\/sv\/wp-json\/wp\/v2\/product_tag?post=882"},{"taxonomy":"expert","embeddable":true,"href":"https:\/\/www.transtoyou.com\/sv\/wp-json\/wp\/v2\/expert?post=882"}],"curies":[{"name":"wp","href":"https:\/\/api.w.org\/{rel}","templated":true}]}}