{"id":888,"date":"2026-01-25T04:08:25","date_gmt":"2026-01-25T04:08:25","guid":{"rendered":"https:\/\/www.transtoyou.com\/sv\/product\/nitrofurantoin\/"},"modified":"2026-02-28T11:14:00","modified_gmt":"2026-02-28T11:14:00","slug":"nitrofurantoin","status":"publish","type":"product","link":"https:\/\/www.transtoyou.com\/sv\/product\/nitrofurantoin\/","title":{"rendered":"Nitrofurantoin"},"content":{"rendered":"<p>Nitrofurantoin \u00e4r ett antibiotikum som vanligtvis ordineras f\u00f6r att behandla och f\u00f6rebygga urinv\u00e4gsinfektioner (UVI), s\u00e4rskilt de som p\u00e5verkar bl\u00e5san. Det \u00e4r s\u00e4rskilt effektivt mot de bakterier som oftast orsakar l\u00e4gre urinv\u00e4gsinfektioner, s\u00e5som Escherichia coli (E. coli), och anv\u00e4nds i stor utstr\u00e4ckning f\u00f6r okomplicerad cystit hos kvinnor.<\/p>\n<p>Nitrofurantoin verkar genom att tr\u00e4nga in i urinen och rikta in sig p\u00e5 bakterier i urinv\u00e4garna direkt. Det st\u00f6r bakteriers \u00e4mnesoms\u00e4ttning och skadar bakteriellt DNA, vilket stoppar infektionen fr\u00e5n att sprida sig och g\u00f6r det m\u00f6jligt f\u00f6r kroppen att rensa den mer effektivt. Eftersom l\u00e4kemedlet koncentreras i urinen \u00e4r det s\u00e4rskilt l\u00e4mpligt f\u00f6r infektioner som \u00e4r begr\u00e4nsade till de nedre urinv\u00e4garna.<\/p>\n<p>Det tas vanligtvis som en kort behandling med tabletter, oftast under tre till sju dagar. I vissa fall kan nitrofurantoin ocks\u00e5 anv\u00e4ndas i l\u00e5ga doser som en l\u00e5ngsiktig f\u00f6rebyggande \u00e5tg\u00e4rd f\u00f6r personer som upplever \u00e5terkommande UVI.<\/p>\n<p>Symtom som br\u00e4nnande k\u00e4nsla vid urinering, frekventa tr\u00e4ngningar att urinera och obehag i nedre buken b\u00f6rjar ofta f\u00f6rb\u00e4ttras inom ett par dagar efter att medicinen p\u00e5b\u00f6rjats. F\u00f6r att s\u00e4kerst\u00e4lla fullst\u00e4ndig \u00e5terh\u00e4mtning och f\u00f6rhindra resistens \u00e4r det viktigt att fullf\u00f6lja den ordinerade behandlingen, \u00e4ven om symtomen f\u00f6rsvinner tidigt.<\/p>\n<p>Nitrofurantoin tolereras generellt v\u00e4l, med milda biverkningar som illam\u00e5ende, huvudv\u00e4rk eller f\u00f6r\u00e4ndringar i urinens f\u00e4rg som de vanligaste. Allvarliga biverkningar \u00e4r s\u00e4llsynta men kan f\u00f6rekomma hos personer med njurproblem eller de som tar l\u00e4kemedlet under l\u00e4ngre perioder.<\/p>\n<p>Det \u00e4r inte l\u00e4mpligt f\u00f6r alla, s\u00e4rskilt inte f\u00f6r dem med nedsatt njurfunktion eller under senare stadier av graviditeten.<\/p>\n","protected":false},"excerpt":{"rendered":"<ul>\n<li>Effektiva behandlingar f\u00f6r urinv\u00e4gsinfektioner<\/li>\n<li>L\u00e5g resistensrisk<\/li>\n<li>M\u00e5linriktad verkan med minimala biverkningar<\/li>\n<\/ul>\n","protected":false},"featured_media":890,"comment_status":"open","ping_status":"closed","template":"","meta":[],"product_brand":[],"product_cat":[66],"product_tag":[],"expert":[18],"class_list":{"0":"post-888","1":"product","2":"type-product","3":"status-publish","4":"has-post-thumbnail","6":"product_cat-blasa-urinvagsinfektioner","7":"expert-dr-g-varbanov","9":"first","10":"instock","11":"shipping-taxable","12":"product-type-variable"},"yoast_head":"<!-- This site is optimized with the Yoast SEO plugin v27.0 - https:\/\/yoast.com\/product\/yoast-seo-wordpress\/ -->\n<title>Nitrofurantoin | Effektiv UTI Antibiotika L\u00f6sning - Transtoyou<\/title>\n<meta name=\"description\" content=\"Uppt\u00e4ck Nitrofurantoin f\u00f6r effektiv behandling av UVI. Bek\u00e4mpar bakterier i urinv\u00e4garna. Finns p\u00e5 Transtoyou idag.\" \/>\n<meta name=\"robots\" content=\"noindex, follow, max-snippet:-1, max-image-preview:large, max-video-preview:-1\" \/>\n<meta property=\"og:locale\" content=\"sv_SE\" \/>\n<meta property=\"og:type\" content=\"article\" \/>\n<meta property=\"og:title\" content=\"Nitrofurantoin | Effektiv UTI Antibiotika L\u00f6sning - Transtoyou\" \/>\n<meta property=\"og:description\" content=\"Uppt\u00e4ck Nitrofurantoin f\u00f6r effektiv behandling av UVI. Bek\u00e4mpar bakterier i urinv\u00e4garna. Finns p\u00e5 Transtoyou idag.\" \/>\n<meta property=\"og:url\" content=\"https:\/\/www.transtoyou.com\/sv\/product\/nitrofurantoin\/\" \/>\n<meta property=\"og:site_name\" content=\"Transtoyou - SV\" \/>\n<meta property=\"article:modified_time\" content=\"2026-02-28T11:14:00+00:00\" \/>\n<meta name=\"twitter:card\" content=\"summary_large_image\" \/>\n<meta name=\"twitter:label1\" content=\"Ber\u00e4knad l\u00e4stid\" \/>\n\t<meta name=\"twitter:data1\" content=\"2 minuter\" \/>\n<script type=\"application\/ld+json\" class=\"yoast-schema-graph\">{\"@context\":\"https:\/\/schema.org\",\"@graph\":[{\"@type\":\"WebPage\",\"@id\":\"https:\/\/www.transtoyou.com\/sv\/product\/nitrofurantoin\/\",\"url\":\"https:\/\/www.transtoyou.com\/sv\/product\/nitrofurantoin\/\",\"name\":\"Nitrofurantoin | Effektiv UTI Antibiotika L\u00f6sning - Transtoyou\",\"isPartOf\":{\"@id\":\"https:\/\/www.transtoyou.com\/sv\/#website\"},\"primaryImageOfPage\":{\"@id\":\"https:\/\/www.transtoyou.com\/sv\/product\/nitrofurantoin\/#primaryimage\"},\"image\":{\"@id\":\"https:\/\/www.transtoyou.com\/sv\/product\/nitrofurantoin\/#primaryimage\"},\"thumbnailUrl\":\"https:\/\/www.transtoyou.com\/sv\/wp-content\/uploads\/sites\/15\/2026\/01\/tty-no-product-image-140.webp\",\"datePublished\":\"2026-01-25T04:08:25+00:00\",\"dateModified\":\"2026-02-28T11:14:00+00:00\",\"description\":\"Uppt\u00e4ck Nitrofurantoin f\u00f6r effektiv behandling av UVI. Bek\u00e4mpar bakterier i urinv\u00e4garna. Finns p\u00e5 Transtoyou idag.\",\"breadcrumb\":{\"@id\":\"https:\/\/www.transtoyou.com\/sv\/product\/nitrofurantoin\/#breadcrumb\"},\"inLanguage\":\"sv-SE\",\"potentialAction\":[{\"@type\":\"ReadAction\",\"target\":[\"https:\/\/www.transtoyou.com\/sv\/product\/nitrofurantoin\/\"]}]},{\"@type\":\"ImageObject\",\"inLanguage\":\"sv-SE\",\"@id\":\"https:\/\/www.transtoyou.com\/sv\/product\/nitrofurantoin\/#primaryimage\",\"url\":\"https:\/\/www.transtoyou.com\/sv\/wp-content\/uploads\/sites\/15\/2026\/01\/tty-no-product-image-140.webp\",\"contentUrl\":\"https:\/\/www.transtoyou.com\/sv\/wp-content\/uploads\/sites\/15\/2026\/01\/tty-no-product-image-140.webp\",\"width\":1000,\"height\":1000,\"caption\":\"Standard produktbild\"},{\"@type\":\"WebSite\",\"@id\":\"https:\/\/www.transtoyou.com\/sv\/#website\",\"url\":\"https:\/\/www.transtoyou.com\/sv\/\",\"name\":\"Transtoyou - SV\",\"description\":\"\",\"publisher\":{\"@id\":\"https:\/\/www.transtoyou.com\/sv\/#organization\"},\"potentialAction\":[{\"@type\":\"SearchAction\",\"target\":{\"@type\":\"EntryPoint\",\"urlTemplate\":\"https:\/\/www.transtoyou.com\/sv\/?s={search_term_string}\"},\"query-input\":{\"@type\":\"PropertyValueSpecification\",\"valueRequired\":true,\"valueName\":\"search_term_string\"}}],\"inLanguage\":\"sv-SE\"},{\"@type\":\"Organization\",\"@id\":\"https:\/\/www.transtoyou.com\/sv\/#organization\",\"name\":\"Transtoyou - SV\",\"url\":\"https:\/\/www.transtoyou.com\/sv\/\",\"logo\":{\"@type\":\"ImageObject\",\"inLanguage\":\"sv-SE\",\"@id\":\"https:\/\/www.transtoyou.com\/sv\/#\/schema\/logo\/image\/\",\"url\":\"https:\/\/www.transtoyou.com\/sv\/wp-content\/uploads\/sites\/15\/2026\/01\/logo-tty-menu-bar-300x87-1.webp\",\"contentUrl\":\"https:\/\/www.transtoyou.com\/sv\/wp-content\/uploads\/sites\/15\/2026\/01\/logo-tty-menu-bar-300x87-1.webp\",\"width\":300,\"height\":87,\"caption\":\"Transtoyou - SV\"},\"image\":{\"@id\":\"https:\/\/www.transtoyou.com\/sv\/#\/schema\/logo\/image\/\"}}]}<\/script>\n<!-- \/ Yoast SEO plugin. -->","yoast_head_json":{"title":"Nitrofurantoin | Effektiv UTI Antibiotika L\u00f6sning - Transtoyou","description":"Uppt\u00e4ck Nitrofurantoin f\u00f6r effektiv behandling av UVI. Bek\u00e4mpar bakterier i urinv\u00e4garna. Finns p\u00e5 Transtoyou idag.","robots":{"index":"noindex","follow":"follow","max-snippet":"max-snippet:-1","max-image-preview":"max-image-preview:large","max-video-preview":"max-video-preview:-1"},"og_locale":"sv_SE","og_type":"article","og_title":"Nitrofurantoin | Effektiv UTI Antibiotika L\u00f6sning - Transtoyou","og_description":"Uppt\u00e4ck Nitrofurantoin f\u00f6r effektiv behandling av UVI. Bek\u00e4mpar bakterier i urinv\u00e4garna. Finns p\u00e5 Transtoyou idag.","og_url":"https:\/\/www.transtoyou.com\/sv\/product\/nitrofurantoin\/","og_site_name":"Transtoyou - SV","article_modified_time":"2026-02-28T11:14:00+00:00","twitter_card":"summary_large_image","twitter_misc":{"Ber\u00e4knad l\u00e4stid":"2 minuter"},"schema":{"@context":"https:\/\/schema.org","@graph":[{"@type":"WebPage","@id":"https:\/\/www.transtoyou.com\/sv\/product\/nitrofurantoin\/","url":"https:\/\/www.transtoyou.com\/sv\/product\/nitrofurantoin\/","name":"Nitrofurantoin | Effektiv UTI Antibiotika L\u00f6sning - Transtoyou","isPartOf":{"@id":"https:\/\/www.transtoyou.com\/sv\/#website"},"primaryImageOfPage":{"@id":"https:\/\/www.transtoyou.com\/sv\/product\/nitrofurantoin\/#primaryimage"},"image":{"@id":"https:\/\/www.transtoyou.com\/sv\/product\/nitrofurantoin\/#primaryimage"},"thumbnailUrl":"https:\/\/www.transtoyou.com\/sv\/wp-content\/uploads\/sites\/15\/2026\/01\/tty-no-product-image-140.webp","datePublished":"2026-01-25T04:08:25+00:00","dateModified":"2026-02-28T11:14:00+00:00","description":"Uppt\u00e4ck Nitrofurantoin f\u00f6r effektiv behandling av UVI. Bek\u00e4mpar bakterier i urinv\u00e4garna. Finns p\u00e5 Transtoyou idag.","breadcrumb":{"@id":"https:\/\/www.transtoyou.com\/sv\/product\/nitrofurantoin\/#breadcrumb"},"inLanguage":"sv-SE","potentialAction":[{"@type":"ReadAction","target":["https:\/\/www.transtoyou.com\/sv\/product\/nitrofurantoin\/"]}]},{"@type":"ImageObject","inLanguage":"sv-SE","@id":"https:\/\/www.transtoyou.com\/sv\/product\/nitrofurantoin\/#primaryimage","url":"https:\/\/www.transtoyou.com\/sv\/wp-content\/uploads\/sites\/15\/2026\/01\/tty-no-product-image-140.webp","contentUrl":"https:\/\/www.transtoyou.com\/sv\/wp-content\/uploads\/sites\/15\/2026\/01\/tty-no-product-image-140.webp","width":1000,"height":1000,"caption":"Standard produktbild"},{"@type":"WebSite","@id":"https:\/\/www.transtoyou.com\/sv\/#website","url":"https:\/\/www.transtoyou.com\/sv\/","name":"Transtoyou - SV","description":"","publisher":{"@id":"https:\/\/www.transtoyou.com\/sv\/#organization"},"potentialAction":[{"@type":"SearchAction","target":{"@type":"EntryPoint","urlTemplate":"https:\/\/www.transtoyou.com\/sv\/?s={search_term_string}"},"query-input":{"@type":"PropertyValueSpecification","valueRequired":true,"valueName":"search_term_string"}}],"inLanguage":"sv-SE"},{"@type":"Organization","@id":"https:\/\/www.transtoyou.com\/sv\/#organization","name":"Transtoyou - SV","url":"https:\/\/www.transtoyou.com\/sv\/","logo":{"@type":"ImageObject","inLanguage":"sv-SE","@id":"https:\/\/www.transtoyou.com\/sv\/#\/schema\/logo\/image\/","url":"https:\/\/www.transtoyou.com\/sv\/wp-content\/uploads\/sites\/15\/2026\/01\/logo-tty-menu-bar-300x87-1.webp","contentUrl":"https:\/\/www.transtoyou.com\/sv\/wp-content\/uploads\/sites\/15\/2026\/01\/logo-tty-menu-bar-300x87-1.webp","width":300,"height":87,"caption":"Transtoyou - SV"},"image":{"@id":"https:\/\/www.transtoyou.com\/sv\/#\/schema\/logo\/image\/"}}]}},"_links":{"self":[{"href":"https:\/\/www.transtoyou.com\/sv\/wp-json\/wp\/v2\/product\/888","targetHints":{"allow":["GET"]}}],"collection":[{"href":"https:\/\/www.transtoyou.com\/sv\/wp-json\/wp\/v2\/product"}],"about":[{"href":"https:\/\/www.transtoyou.com\/sv\/wp-json\/wp\/v2\/types\/product"}],"replies":[{"embeddable":true,"href":"https:\/\/www.transtoyou.com\/sv\/wp-json\/wp\/v2\/comments?post=888"}],"wp:featuredmedia":[{"embeddable":true,"href":"https:\/\/www.transtoyou.com\/sv\/wp-json\/wp\/v2\/media\/890"}],"wp:attachment":[{"href":"https:\/\/www.transtoyou.com\/sv\/wp-json\/wp\/v2\/media?parent=888"}],"wp:term":[{"taxonomy":"product_brand","embeddable":true,"href":"https:\/\/www.transtoyou.com\/sv\/wp-json\/wp\/v2\/product_brand?post=888"},{"taxonomy":"product_cat","embeddable":true,"href":"https:\/\/www.transtoyou.com\/sv\/wp-json\/wp\/v2\/product_cat?post=888"},{"taxonomy":"product_tag","embeddable":true,"href":"https:\/\/www.transtoyou.com\/sv\/wp-json\/wp\/v2\/product_tag?post=888"},{"taxonomy":"expert","embeddable":true,"href":"https:\/\/www.transtoyou.com\/sv\/wp-json\/wp\/v2\/expert?post=888"}],"curies":[{"name":"wp","href":"https:\/\/api.w.org\/{rel}","templated":true}]}}