{"id":894,"date":"2026-01-25T04:43:08","date_gmt":"2026-01-25T04:43:08","guid":{"rendered":"https:\/\/www.transtoyou.com\/sv\/product\/fosfomycin\/"},"modified":"2026-01-25T04:44:05","modified_gmt":"2026-01-25T04:44:05","slug":"fosfomycin","status":"publish","type":"product","link":"https:\/\/www.transtoyou.com\/sv\/product\/fosfomycin\/","title":{"rendered":"Fosfomycin"},"content":{"rendered":"<p>Fosfomycin \u00e4r ett antibiotikum som anv\u00e4nds f\u00f6r att behandla okomplicerade urinv\u00e4gsinfektioner (UVI), s\u00e4rskilt de som p\u00e5verkar bl\u00e5san. Det ordineras ofta som en eng\u00e5ngsbehandling, vilket g\u00f6r det till ett bekv\u00e4mt och effektivt alternativ f\u00f6r att hantera nedre urinv\u00e4gsinfektioner orsakade av k\u00e4nsliga bakterier, s\u00e5som Escherichia coli.<\/p>\n<p>Fosfomycin verkar genom att p\u00e5verka den bakteriella cellv\u00e4ggen, vilket i slut\u00e4ndan stoppar tillv\u00e4xten och spridningen av de bakterier som orsakar infektionen. Denna \u00e5tg\u00e4rd hj\u00e4lper till att lindra vanliga UVI-symtom som sm\u00e4rtsam urinering, frekventa urintr\u00e4ngningar, obehag i nedre delen av buken och grumlig eller illaluktande urin.<\/p>\n<p>En av de vanligaste formerna av fosfomycin \u00e4r ett p\u00e5se med granulat som l\u00f6ses upp i vatten och tas som en eng\u00e5ngsdos. Denna eng\u00e5ngsbehandling \u00e4r s\u00e4rskilt tilltalande f\u00f6r patienter som s\u00f6ker ett enkelt och snabbt verkande alternativ utan behov av en fler-dagars kurs med antibiotika. Inom n\u00e5gra timmar efter att dosen tagits b\u00f6rjar m\u00e5nga patienter m\u00e4rka lindring av symtomen.<\/p>\n<p>Fosfomycin rekommenderas ofta n\u00e4r f\u00f6rstahandsantibiotika inte \u00e4r l\u00e4mpliga, eller n\u00e4r resistens mot andra l\u00e4kemedel misst\u00e4nks eller bekr\u00e4ftas. Biverkningar \u00e4r vanligtvis milda och kortvariga. De kan inkludera huvudv\u00e4rk, illam\u00e5ende, diarr\u00e9 eller vaginal irritation.<\/p>\n","protected":false},"excerpt":{"rendered":"<ul>\n<li>Okomplicerade urinv\u00e4gsinfektioner (t.ex. cystit)<\/li>\n<li>Komplicerade urinv\u00e4gsinfektioner, inklusive akut pyelonefrit<\/li>\n<li>Profylax av urinv\u00e4gsinfektioner f\u00f6re kirurgiska ingrepp<\/li>\n<\/ul>\n","protected":false},"featured_media":896,"comment_status":"open","ping_status":"closed","template":"","meta":[],"product_brand":[],"product_cat":[59,66],"product_tag":[],"expert":[18],"class_list":{"0":"post-894","1":"product","2":"type-product","3":"status-publish","4":"has-post-thumbnail","6":"product_cat-antibiotika-infektion","7":"product_cat-blasa-urinvagsinfektioner","8":"expert-dr-g-varbanov","10":"first","11":"instock","12":"shipping-taxable","13":"product-type-variable"},"yoast_head":"<!-- This site is optimized with the Yoast SEO plugin v27.0 - https:\/\/yoast.com\/product\/yoast-seo-wordpress\/ -->\n<title>Fosfomycin | Effektiv lindring av UVI - Transtoyou<\/title>\n<meta name=\"description\" content=\"Fosfomycin f\u00f6r UVI, tillg\u00e4nglig p\u00e5 Transtoyou. Bekv\u00e4m eng\u00e5ngsdos av antibiotikabehandling. Handla nu f\u00f6r effektiv lindring av UVI-symptom.\" \/>\n<meta name=\"robots\" content=\"noindex, follow, max-snippet:-1, max-image-preview:large, max-video-preview:-1\" \/>\n<meta property=\"og:locale\" content=\"sv_SE\" \/>\n<meta property=\"og:type\" content=\"article\" \/>\n<meta property=\"og:title\" content=\"Fosfomycin | Effektiv lindring av UVI - Transtoyou\" \/>\n<meta property=\"og:description\" content=\"Fosfomycin f\u00f6r UVI, tillg\u00e4nglig p\u00e5 Transtoyou. Bekv\u00e4m eng\u00e5ngsdos av antibiotikabehandling. Handla nu f\u00f6r effektiv lindring av UVI-symptom.\" \/>\n<meta property=\"og:url\" content=\"https:\/\/www.transtoyou.com\/sv\/product\/fosfomycin\/\" \/>\n<meta property=\"og:site_name\" content=\"Transtoyou - SV\" \/>\n<meta property=\"article:modified_time\" content=\"2026-01-25T04:44:05+00:00\" \/>\n<meta name=\"twitter:card\" content=\"summary_large_image\" \/>\n<meta name=\"twitter:label1\" content=\"Ber\u00e4knad l\u00e4stid\" \/>\n\t<meta name=\"twitter:data1\" content=\"1 minut\" \/>\n<script type=\"application\/ld+json\" class=\"yoast-schema-graph\">{\"@context\":\"https:\/\/schema.org\",\"@graph\":[{\"@type\":\"WebPage\",\"@id\":\"https:\/\/www.transtoyou.com\/sv\/product\/fosfomycin\/\",\"url\":\"https:\/\/www.transtoyou.com\/sv\/product\/fosfomycin\/\",\"name\":\"Fosfomycin | Effektiv lindring av UVI - Transtoyou\",\"isPartOf\":{\"@id\":\"https:\/\/www.transtoyou.com\/sv\/#website\"},\"primaryImageOfPage\":{\"@id\":\"https:\/\/www.transtoyou.com\/sv\/product\/fosfomycin\/#primaryimage\"},\"image\":{\"@id\":\"https:\/\/www.transtoyou.com\/sv\/product\/fosfomycin\/#primaryimage\"},\"thumbnailUrl\":\"https:\/\/www.transtoyou.com\/sv\/wp-content\/uploads\/sites\/15\/2026\/01\/tty-no-product-image-142.webp\",\"datePublished\":\"2026-01-25T04:43:08+00:00\",\"dateModified\":\"2026-01-25T04:44:05+00:00\",\"description\":\"Fosfomycin f\u00f6r UVI, tillg\u00e4nglig p\u00e5 Transtoyou. Bekv\u00e4m eng\u00e5ngsdos av antibiotikabehandling. Handla nu f\u00f6r effektiv lindring av UVI-symptom.\",\"breadcrumb\":{\"@id\":\"https:\/\/www.transtoyou.com\/sv\/product\/fosfomycin\/#breadcrumb\"},\"inLanguage\":\"sv-SE\",\"potentialAction\":[{\"@type\":\"ReadAction\",\"target\":[\"https:\/\/www.transtoyou.com\/sv\/product\/fosfomycin\/\"]}]},{\"@type\":\"ImageObject\",\"inLanguage\":\"sv-SE\",\"@id\":\"https:\/\/www.transtoyou.com\/sv\/product\/fosfomycin\/#primaryimage\",\"url\":\"https:\/\/www.transtoyou.com\/sv\/wp-content\/uploads\/sites\/15\/2026\/01\/tty-no-product-image-142.webp\",\"contentUrl\":\"https:\/\/www.transtoyou.com\/sv\/wp-content\/uploads\/sites\/15\/2026\/01\/tty-no-product-image-142.webp\",\"width\":1000,\"height\":1000,\"caption\":\"Standard produktbild\"},{\"@type\":\"WebSite\",\"@id\":\"https:\/\/www.transtoyou.com\/sv\/#website\",\"url\":\"https:\/\/www.transtoyou.com\/sv\/\",\"name\":\"Transtoyou - SV\",\"description\":\"\",\"publisher\":{\"@id\":\"https:\/\/www.transtoyou.com\/sv\/#organization\"},\"potentialAction\":[{\"@type\":\"SearchAction\",\"target\":{\"@type\":\"EntryPoint\",\"urlTemplate\":\"https:\/\/www.transtoyou.com\/sv\/?s={search_term_string}\"},\"query-input\":{\"@type\":\"PropertyValueSpecification\",\"valueRequired\":true,\"valueName\":\"search_term_string\"}}],\"inLanguage\":\"sv-SE\"},{\"@type\":\"Organization\",\"@id\":\"https:\/\/www.transtoyou.com\/sv\/#organization\",\"name\":\"Transtoyou - SV\",\"url\":\"https:\/\/www.transtoyou.com\/sv\/\",\"logo\":{\"@type\":\"ImageObject\",\"inLanguage\":\"sv-SE\",\"@id\":\"https:\/\/www.transtoyou.com\/sv\/#\/schema\/logo\/image\/\",\"url\":\"https:\/\/www.transtoyou.com\/sv\/wp-content\/uploads\/sites\/15\/2026\/01\/logo-tty-menu-bar-300x87-1.webp\",\"contentUrl\":\"https:\/\/www.transtoyou.com\/sv\/wp-content\/uploads\/sites\/15\/2026\/01\/logo-tty-menu-bar-300x87-1.webp\",\"width\":300,\"height\":87,\"caption\":\"Transtoyou - SV\"},\"image\":{\"@id\":\"https:\/\/www.transtoyou.com\/sv\/#\/schema\/logo\/image\/\"}}]}<\/script>\n<!-- \/ Yoast SEO plugin. -->","yoast_head_json":{"title":"Fosfomycin | Effektiv lindring av UVI - Transtoyou","description":"Fosfomycin f\u00f6r UVI, tillg\u00e4nglig p\u00e5 Transtoyou. Bekv\u00e4m eng\u00e5ngsdos av antibiotikabehandling. Handla nu f\u00f6r effektiv lindring av UVI-symptom.","robots":{"index":"noindex","follow":"follow","max-snippet":"max-snippet:-1","max-image-preview":"max-image-preview:large","max-video-preview":"max-video-preview:-1"},"og_locale":"sv_SE","og_type":"article","og_title":"Fosfomycin | Effektiv lindring av UVI - Transtoyou","og_description":"Fosfomycin f\u00f6r UVI, tillg\u00e4nglig p\u00e5 Transtoyou. Bekv\u00e4m eng\u00e5ngsdos av antibiotikabehandling. Handla nu f\u00f6r effektiv lindring av UVI-symptom.","og_url":"https:\/\/www.transtoyou.com\/sv\/product\/fosfomycin\/","og_site_name":"Transtoyou - SV","article_modified_time":"2026-01-25T04:44:05+00:00","twitter_card":"summary_large_image","twitter_misc":{"Ber\u00e4knad l\u00e4stid":"1 minut"},"schema":{"@context":"https:\/\/schema.org","@graph":[{"@type":"WebPage","@id":"https:\/\/www.transtoyou.com\/sv\/product\/fosfomycin\/","url":"https:\/\/www.transtoyou.com\/sv\/product\/fosfomycin\/","name":"Fosfomycin | Effektiv lindring av UVI - Transtoyou","isPartOf":{"@id":"https:\/\/www.transtoyou.com\/sv\/#website"},"primaryImageOfPage":{"@id":"https:\/\/www.transtoyou.com\/sv\/product\/fosfomycin\/#primaryimage"},"image":{"@id":"https:\/\/www.transtoyou.com\/sv\/product\/fosfomycin\/#primaryimage"},"thumbnailUrl":"https:\/\/www.transtoyou.com\/sv\/wp-content\/uploads\/sites\/15\/2026\/01\/tty-no-product-image-142.webp","datePublished":"2026-01-25T04:43:08+00:00","dateModified":"2026-01-25T04:44:05+00:00","description":"Fosfomycin f\u00f6r UVI, tillg\u00e4nglig p\u00e5 Transtoyou. Bekv\u00e4m eng\u00e5ngsdos av antibiotikabehandling. Handla nu f\u00f6r effektiv lindring av UVI-symptom.","breadcrumb":{"@id":"https:\/\/www.transtoyou.com\/sv\/product\/fosfomycin\/#breadcrumb"},"inLanguage":"sv-SE","potentialAction":[{"@type":"ReadAction","target":["https:\/\/www.transtoyou.com\/sv\/product\/fosfomycin\/"]}]},{"@type":"ImageObject","inLanguage":"sv-SE","@id":"https:\/\/www.transtoyou.com\/sv\/product\/fosfomycin\/#primaryimage","url":"https:\/\/www.transtoyou.com\/sv\/wp-content\/uploads\/sites\/15\/2026\/01\/tty-no-product-image-142.webp","contentUrl":"https:\/\/www.transtoyou.com\/sv\/wp-content\/uploads\/sites\/15\/2026\/01\/tty-no-product-image-142.webp","width":1000,"height":1000,"caption":"Standard produktbild"},{"@type":"WebSite","@id":"https:\/\/www.transtoyou.com\/sv\/#website","url":"https:\/\/www.transtoyou.com\/sv\/","name":"Transtoyou - SV","description":"","publisher":{"@id":"https:\/\/www.transtoyou.com\/sv\/#organization"},"potentialAction":[{"@type":"SearchAction","target":{"@type":"EntryPoint","urlTemplate":"https:\/\/www.transtoyou.com\/sv\/?s={search_term_string}"},"query-input":{"@type":"PropertyValueSpecification","valueRequired":true,"valueName":"search_term_string"}}],"inLanguage":"sv-SE"},{"@type":"Organization","@id":"https:\/\/www.transtoyou.com\/sv\/#organization","name":"Transtoyou - SV","url":"https:\/\/www.transtoyou.com\/sv\/","logo":{"@type":"ImageObject","inLanguage":"sv-SE","@id":"https:\/\/www.transtoyou.com\/sv\/#\/schema\/logo\/image\/","url":"https:\/\/www.transtoyou.com\/sv\/wp-content\/uploads\/sites\/15\/2026\/01\/logo-tty-menu-bar-300x87-1.webp","contentUrl":"https:\/\/www.transtoyou.com\/sv\/wp-content\/uploads\/sites\/15\/2026\/01\/logo-tty-menu-bar-300x87-1.webp","width":300,"height":87,"caption":"Transtoyou - SV"},"image":{"@id":"https:\/\/www.transtoyou.com\/sv\/#\/schema\/logo\/image\/"}}]}},"_links":{"self":[{"href":"https:\/\/www.transtoyou.com\/sv\/wp-json\/wp\/v2\/product\/894","targetHints":{"allow":["GET"]}}],"collection":[{"href":"https:\/\/www.transtoyou.com\/sv\/wp-json\/wp\/v2\/product"}],"about":[{"href":"https:\/\/www.transtoyou.com\/sv\/wp-json\/wp\/v2\/types\/product"}],"replies":[{"embeddable":true,"href":"https:\/\/www.transtoyou.com\/sv\/wp-json\/wp\/v2\/comments?post=894"}],"wp:featuredmedia":[{"embeddable":true,"href":"https:\/\/www.transtoyou.com\/sv\/wp-json\/wp\/v2\/media\/896"}],"wp:attachment":[{"href":"https:\/\/www.transtoyou.com\/sv\/wp-json\/wp\/v2\/media?parent=894"}],"wp:term":[{"taxonomy":"product_brand","embeddable":true,"href":"https:\/\/www.transtoyou.com\/sv\/wp-json\/wp\/v2\/product_brand?post=894"},{"taxonomy":"product_cat","embeddable":true,"href":"https:\/\/www.transtoyou.com\/sv\/wp-json\/wp\/v2\/product_cat?post=894"},{"taxonomy":"product_tag","embeddable":true,"href":"https:\/\/www.transtoyou.com\/sv\/wp-json\/wp\/v2\/product_tag?post=894"},{"taxonomy":"expert","embeddable":true,"href":"https:\/\/www.transtoyou.com\/sv\/wp-json\/wp\/v2\/expert?post=894"}],"curies":[{"name":"wp","href":"https:\/\/api.w.org\/{rel}","templated":true}]}}