{"id":915,"date":"2026-01-25T06:54:53","date_gmt":"2026-01-25T06:54:53","guid":{"rendered":"https:\/\/www.transtoyou.com\/sv\/product\/cefixim\/"},"modified":"2026-01-25T06:56:06","modified_gmt":"2026-01-25T06:56:06","slug":"cefixim","status":"publish","type":"product","link":"https:\/\/www.transtoyou.com\/sv\/product\/cefixim\/","title":{"rendered":"Cefixim"},"content":{"rendered":"<p>Cefixime \u00e4r ett antibiotikum som anv\u00e4nds f\u00f6r att behandla olika typer av bakteriella infektioner. Det tillh\u00f6r cefalosporinfamiljen, en grupp antibiotika som verkar genom att skada bakteriernas skyddande cellv\u00e4gg. Detta f\u00f6rsvagar bakterierna och f\u00e5r dem att brytas ner och d\u00f6, vilket hj\u00e4lper till att rensa infektionen fr\u00e5n kroppen.<\/p>\n<p>Denna medicin anv\u00e4nds vanligtvis f\u00f6r infektioner som urinv\u00e4gsinfektioner (UVI), \u00f6roninfektioner (otitis media), halsinfektioner (faryngit och tonsillit), luftv\u00e4gsinfektioner som bronkit och okomplicerad gonorr\u00e9. Den riktar sig mot bakterier som E. coli, Haemophilus influenzae, Streptococcus pneumoniae, Moraxella catarrhalis och Neisseria gonorrhoeae.<\/p>\n<p>Cefixime minskar inte sm\u00e4rta eller inflammation direkt. Ist\u00e4llet hj\u00e4lper den till att ta bort sj\u00e4lva infektionen genom att d\u00f6da de bakterier som orsakar den. N\u00e4r bakterierna \u00e4r eliminerade f\u00f6rb\u00e4ttras ofta symtom som sm\u00e4rta, feber eller obehag naturligt.<\/p>\n<p>Det tas vanligtvis en eller tv\u00e5 g\u00e5nger om dagen, beroende p\u00e5 typen av infektion. Behandlingen \u00e4r kortvarig och varar vanligtvis i n\u00e5gra dagar. De flesta tolererar Cefixime v\u00e4l. M\u00f6jliga biverkningar kan inkludera mild magbesv\u00e4r eller diarr\u00e9.<\/p>\n<p>F\u00f6r att s\u00e4kerst\u00e4lla b\u00e4sta effekt \u00e4r det viktigt att ta Cefixime konsekvent under hela behandlingstiden. Att sluta f\u00f6r tidigt kan g\u00f6ra att bakterier \u00f6verlever och potentiellt \u00e5terkommer.<\/p>\n<p>Denna produkt \u00e4r avsedd f\u00f6r bakteriella infektioner och fungerar inte mot virus som f\u00f6rkylning eller influensa.<\/p>\n","protected":false},"excerpt":{"rendered":"<ul>\n<li>Effektiv antibakteriell aktivitet, s\u00e4rskilt f\u00f6r UVI och \u00f6ron-n\u00e4sa-halsinfektioner<\/li>\n<li>Bekv\u00e4m dosering<\/li>\n<li>F\u00f6rdelaktig s\u00e4kerhetsprofil<\/li>\n<\/ul>\n","protected":false},"featured_media":917,"comment_status":"open","ping_status":"closed","template":"","meta":[],"product_brand":[],"product_cat":[59,105],"product_tag":[],"expert":[18],"class_list":{"0":"post-915","1":"product","2":"type-product","3":"status-publish","4":"has-post-thumbnail","6":"product_cat-antibiotika-infektion","7":"product_cat-gonorre","8":"expert-dr-g-varbanov","10":"first","11":"instock","12":"shipping-taxable","13":"product-type-variable"},"yoast_head":"<!-- This site is optimized with the Yoast SEO plugin v27.0 - https:\/\/yoast.com\/product\/yoast-seo-wordpress\/ -->\n<title>Cefixim | Effektiv Behandling av Bakteriella Infektioner - Transtoyou<\/title>\n<meta name=\"description\" content=\"Cefixime bek\u00e4mpar infektioner som UVI och bronkit genom att bryta ner bakteriev\u00e4ggar. Finns p\u00e5 Transtoyou, best\u00e4ll nu f\u00f6r effektiv behandling.\" \/>\n<meta name=\"robots\" content=\"noindex, follow, max-snippet:-1, max-image-preview:large, max-video-preview:-1\" \/>\n<meta property=\"og:locale\" content=\"sv_SE\" \/>\n<meta property=\"og:type\" content=\"article\" \/>\n<meta property=\"og:title\" content=\"Cefixim | Effektiv Behandling av Bakteriella Infektioner - Transtoyou\" \/>\n<meta property=\"og:description\" content=\"Cefixime bek\u00e4mpar infektioner som UVI och bronkit genom att bryta ner bakteriev\u00e4ggar. Finns p\u00e5 Transtoyou, best\u00e4ll nu f\u00f6r effektiv behandling.\" \/>\n<meta property=\"og:url\" content=\"https:\/\/www.transtoyou.com\/sv\/product\/cefixim\/\" \/>\n<meta property=\"og:site_name\" content=\"Transtoyou - SV\" \/>\n<meta property=\"article:modified_time\" content=\"2026-01-25T06:56:06+00:00\" \/>\n<meta name=\"twitter:card\" content=\"summary_large_image\" \/>\n<meta name=\"twitter:label1\" content=\"Ber\u00e4knad l\u00e4stid\" \/>\n\t<meta name=\"twitter:data1\" content=\"1 minut\" \/>\n<script type=\"application\/ld+json\" class=\"yoast-schema-graph\">{\"@context\":\"https:\/\/schema.org\",\"@graph\":[{\"@type\":\"WebPage\",\"@id\":\"https:\/\/www.transtoyou.com\/sv\/product\/cefixim\/\",\"url\":\"https:\/\/www.transtoyou.com\/sv\/product\/cefixim\/\",\"name\":\"Cefixim | Effektiv Behandling av Bakteriella Infektioner - Transtoyou\",\"isPartOf\":{\"@id\":\"https:\/\/www.transtoyou.com\/sv\/#website\"},\"primaryImageOfPage\":{\"@id\":\"https:\/\/www.transtoyou.com\/sv\/product\/cefixim\/#primaryimage\"},\"image\":{\"@id\":\"https:\/\/www.transtoyou.com\/sv\/product\/cefixim\/#primaryimage\"},\"thumbnailUrl\":\"https:\/\/www.transtoyou.com\/sv\/wp-content\/uploads\/sites\/15\/2026\/01\/tty-no-product-image-149.webp\",\"datePublished\":\"2026-01-25T06:54:53+00:00\",\"dateModified\":\"2026-01-25T06:56:06+00:00\",\"description\":\"Cefixime bek\u00e4mpar infektioner som UVI och bronkit genom att bryta ner bakteriev\u00e4ggar. Finns p\u00e5 Transtoyou, best\u00e4ll nu f\u00f6r effektiv behandling.\",\"breadcrumb\":{\"@id\":\"https:\/\/www.transtoyou.com\/sv\/product\/cefixim\/#breadcrumb\"},\"inLanguage\":\"sv-SE\",\"potentialAction\":[{\"@type\":\"ReadAction\",\"target\":[\"https:\/\/www.transtoyou.com\/sv\/product\/cefixim\/\"]}]},{\"@type\":\"ImageObject\",\"inLanguage\":\"sv-SE\",\"@id\":\"https:\/\/www.transtoyou.com\/sv\/product\/cefixim\/#primaryimage\",\"url\":\"https:\/\/www.transtoyou.com\/sv\/wp-content\/uploads\/sites\/15\/2026\/01\/tty-no-product-image-149.webp\",\"contentUrl\":\"https:\/\/www.transtoyou.com\/sv\/wp-content\/uploads\/sites\/15\/2026\/01\/tty-no-product-image-149.webp\",\"width\":1000,\"height\":1000,\"caption\":\"Standard produktbild\"},{\"@type\":\"WebSite\",\"@id\":\"https:\/\/www.transtoyou.com\/sv\/#website\",\"url\":\"https:\/\/www.transtoyou.com\/sv\/\",\"name\":\"Transtoyou - SV\",\"description\":\"\",\"publisher\":{\"@id\":\"https:\/\/www.transtoyou.com\/sv\/#organization\"},\"potentialAction\":[{\"@type\":\"SearchAction\",\"target\":{\"@type\":\"EntryPoint\",\"urlTemplate\":\"https:\/\/www.transtoyou.com\/sv\/?s={search_term_string}\"},\"query-input\":{\"@type\":\"PropertyValueSpecification\",\"valueRequired\":true,\"valueName\":\"search_term_string\"}}],\"inLanguage\":\"sv-SE\"},{\"@type\":\"Organization\",\"@id\":\"https:\/\/www.transtoyou.com\/sv\/#organization\",\"name\":\"Transtoyou - SV\",\"url\":\"https:\/\/www.transtoyou.com\/sv\/\",\"logo\":{\"@type\":\"ImageObject\",\"inLanguage\":\"sv-SE\",\"@id\":\"https:\/\/www.transtoyou.com\/sv\/#\/schema\/logo\/image\/\",\"url\":\"https:\/\/www.transtoyou.com\/sv\/wp-content\/uploads\/sites\/15\/2026\/01\/logo-tty-menu-bar-300x87-1.webp\",\"contentUrl\":\"https:\/\/www.transtoyou.com\/sv\/wp-content\/uploads\/sites\/15\/2026\/01\/logo-tty-menu-bar-300x87-1.webp\",\"width\":300,\"height\":87,\"caption\":\"Transtoyou - SV\"},\"image\":{\"@id\":\"https:\/\/www.transtoyou.com\/sv\/#\/schema\/logo\/image\/\"}}]}<\/script>\n<!-- \/ Yoast SEO plugin. -->","yoast_head_json":{"title":"Cefixim | Effektiv Behandling av Bakteriella Infektioner - Transtoyou","description":"Cefixime bek\u00e4mpar infektioner som UVI och bronkit genom att bryta ner bakteriev\u00e4ggar. Finns p\u00e5 Transtoyou, best\u00e4ll nu f\u00f6r effektiv behandling.","robots":{"index":"noindex","follow":"follow","max-snippet":"max-snippet:-1","max-image-preview":"max-image-preview:large","max-video-preview":"max-video-preview:-1"},"og_locale":"sv_SE","og_type":"article","og_title":"Cefixim | Effektiv Behandling av Bakteriella Infektioner - Transtoyou","og_description":"Cefixime bek\u00e4mpar infektioner som UVI och bronkit genom att bryta ner bakteriev\u00e4ggar. Finns p\u00e5 Transtoyou, best\u00e4ll nu f\u00f6r effektiv behandling.","og_url":"https:\/\/www.transtoyou.com\/sv\/product\/cefixim\/","og_site_name":"Transtoyou - SV","article_modified_time":"2026-01-25T06:56:06+00:00","twitter_card":"summary_large_image","twitter_misc":{"Ber\u00e4knad l\u00e4stid":"1 minut"},"schema":{"@context":"https:\/\/schema.org","@graph":[{"@type":"WebPage","@id":"https:\/\/www.transtoyou.com\/sv\/product\/cefixim\/","url":"https:\/\/www.transtoyou.com\/sv\/product\/cefixim\/","name":"Cefixim | Effektiv Behandling av Bakteriella Infektioner - Transtoyou","isPartOf":{"@id":"https:\/\/www.transtoyou.com\/sv\/#website"},"primaryImageOfPage":{"@id":"https:\/\/www.transtoyou.com\/sv\/product\/cefixim\/#primaryimage"},"image":{"@id":"https:\/\/www.transtoyou.com\/sv\/product\/cefixim\/#primaryimage"},"thumbnailUrl":"https:\/\/www.transtoyou.com\/sv\/wp-content\/uploads\/sites\/15\/2026\/01\/tty-no-product-image-149.webp","datePublished":"2026-01-25T06:54:53+00:00","dateModified":"2026-01-25T06:56:06+00:00","description":"Cefixime bek\u00e4mpar infektioner som UVI och bronkit genom att bryta ner bakteriev\u00e4ggar. Finns p\u00e5 Transtoyou, best\u00e4ll nu f\u00f6r effektiv behandling.","breadcrumb":{"@id":"https:\/\/www.transtoyou.com\/sv\/product\/cefixim\/#breadcrumb"},"inLanguage":"sv-SE","potentialAction":[{"@type":"ReadAction","target":["https:\/\/www.transtoyou.com\/sv\/product\/cefixim\/"]}]},{"@type":"ImageObject","inLanguage":"sv-SE","@id":"https:\/\/www.transtoyou.com\/sv\/product\/cefixim\/#primaryimage","url":"https:\/\/www.transtoyou.com\/sv\/wp-content\/uploads\/sites\/15\/2026\/01\/tty-no-product-image-149.webp","contentUrl":"https:\/\/www.transtoyou.com\/sv\/wp-content\/uploads\/sites\/15\/2026\/01\/tty-no-product-image-149.webp","width":1000,"height":1000,"caption":"Standard produktbild"},{"@type":"WebSite","@id":"https:\/\/www.transtoyou.com\/sv\/#website","url":"https:\/\/www.transtoyou.com\/sv\/","name":"Transtoyou - SV","description":"","publisher":{"@id":"https:\/\/www.transtoyou.com\/sv\/#organization"},"potentialAction":[{"@type":"SearchAction","target":{"@type":"EntryPoint","urlTemplate":"https:\/\/www.transtoyou.com\/sv\/?s={search_term_string}"},"query-input":{"@type":"PropertyValueSpecification","valueRequired":true,"valueName":"search_term_string"}}],"inLanguage":"sv-SE"},{"@type":"Organization","@id":"https:\/\/www.transtoyou.com\/sv\/#organization","name":"Transtoyou - SV","url":"https:\/\/www.transtoyou.com\/sv\/","logo":{"@type":"ImageObject","inLanguage":"sv-SE","@id":"https:\/\/www.transtoyou.com\/sv\/#\/schema\/logo\/image\/","url":"https:\/\/www.transtoyou.com\/sv\/wp-content\/uploads\/sites\/15\/2026\/01\/logo-tty-menu-bar-300x87-1.webp","contentUrl":"https:\/\/www.transtoyou.com\/sv\/wp-content\/uploads\/sites\/15\/2026\/01\/logo-tty-menu-bar-300x87-1.webp","width":300,"height":87,"caption":"Transtoyou - SV"},"image":{"@id":"https:\/\/www.transtoyou.com\/sv\/#\/schema\/logo\/image\/"}}]}},"_links":{"self":[{"href":"https:\/\/www.transtoyou.com\/sv\/wp-json\/wp\/v2\/product\/915","targetHints":{"allow":["GET"]}}],"collection":[{"href":"https:\/\/www.transtoyou.com\/sv\/wp-json\/wp\/v2\/product"}],"about":[{"href":"https:\/\/www.transtoyou.com\/sv\/wp-json\/wp\/v2\/types\/product"}],"replies":[{"embeddable":true,"href":"https:\/\/www.transtoyou.com\/sv\/wp-json\/wp\/v2\/comments?post=915"}],"wp:featuredmedia":[{"embeddable":true,"href":"https:\/\/www.transtoyou.com\/sv\/wp-json\/wp\/v2\/media\/917"}],"wp:attachment":[{"href":"https:\/\/www.transtoyou.com\/sv\/wp-json\/wp\/v2\/media?parent=915"}],"wp:term":[{"taxonomy":"product_brand","embeddable":true,"href":"https:\/\/www.transtoyou.com\/sv\/wp-json\/wp\/v2\/product_brand?post=915"},{"taxonomy":"product_cat","embeddable":true,"href":"https:\/\/www.transtoyou.com\/sv\/wp-json\/wp\/v2\/product_cat?post=915"},{"taxonomy":"product_tag","embeddable":true,"href":"https:\/\/www.transtoyou.com\/sv\/wp-json\/wp\/v2\/product_tag?post=915"},{"taxonomy":"expert","embeddable":true,"href":"https:\/\/www.transtoyou.com\/sv\/wp-json\/wp\/v2\/expert?post=915"}],"curies":[{"name":"wp","href":"https:\/\/api.w.org\/{rel}","templated":true}]}}