{"id":921,"date":"2026-01-25T17:47:38","date_gmt":"2026-01-25T17:47:38","guid":{"rendered":"https:\/\/www.transtoyou.com\/sv\/product\/co-amoxiclav\/"},"modified":"2026-01-25T17:49:01","modified_gmt":"2026-01-25T17:49:01","slug":"co-amoxiclav","status":"publish","type":"product","link":"https:\/\/www.transtoyou.com\/sv\/product\/co-amoxiclav\/","title":{"rendered":"Co-Amoxiclav"},"content":{"rendered":"<p>Co-amoxiclav \u00e4r ett kombinationsantibiotikum som anv\u00e4nds f\u00f6r att behandla m\u00e5nga olika bakteriella infektioner. Den inneh\u00e5ller tv\u00e5 aktiva ingredienser: amoxicillin och klavulansyra. Dessa arbetar tillsammans f\u00f6r att stoppa bakterier fr\u00e5n att v\u00e4xa och sprida sig i kroppen.<\/p>\n<p>Amoxicillin \u00e4r en typ av penicillin som d\u00f6dar bakterier genom att skada deras yttre cellv\u00e4gg. Denna v\u00e4gg skyddar bakterierna, s\u00e5 n\u00e4r den f\u00f6rsvagas, bryts bakterierna ner och d\u00f6r. Vissa bakterier kan dock sl\u00e5 tillbaka genom att tillverka ett enzym (som kallas beta-laktamas) som f\u00f6rst\u00f6r amoxicillin. Det \u00e4r h\u00e4r klavulansyra kommer in, den blockerar detta enzym och hindrar bakterierna fr\u00e5n att skydda sig sj\u00e4lva. Detta g\u00f6r att amoxicillin kan g\u00f6ra sitt jobb ordentligt, \u00e4ven mot bakterier som normalt \u00e4r resistenta.<\/p>\n<p>Co-amoxiclav anv\u00e4nds f\u00f6r att behandla ett brett spektrum av infektioner. Dessa inkluderar luftv\u00e4gsinfektioner som bronkit, lunginflammation och bih\u00e5leinflammation; urinv\u00e4gsinfektioner som cystit eller njurinfektioner; hud- och mjukdelsinfektioner som abscesser, cellulit eller infekterade s\u00e5r; samt tandinfektioner. Det anv\u00e4nds ocks\u00e5 ibland f\u00f6r infektioner i ben eller leder och infektioner i buken.<\/p>\n<p>Denna medicin minskar inte direkt sm\u00e4rta eller svullnad. Ist\u00e4llet behandlar den orsaken till problemet, bakterierna. N\u00e4r infektionen l\u00e4ker, f\u00f6rb\u00e4ttras symtom som sm\u00e4rta, feber eller svullnad vanligtvis av sig sj\u00e4lva.<\/p>\n","protected":false},"excerpt":{"rendered":"<ul>\n<li>Bredspektrumantibiotikum f\u00f6r m\u00e5nga infektioner<\/li>\n<li>Klavuansyra st\u00e4rker det bakteriella f\u00f6rsvaret<\/li>\n<li>Snabb lindring av symtom och inflammation<\/li>\n<\/ul>\n","protected":false},"featured_media":923,"comment_status":"open","ping_status":"closed","template":"","meta":[],"product_brand":[],"product_cat":[59,66],"product_tag":[],"expert":[18],"class_list":{"0":"post-921","1":"product","2":"type-product","3":"status-publish","4":"has-post-thumbnail","6":"product_cat-antibiotika-infektion","7":"product_cat-blasa-urinvagsinfektioner","8":"expert-dr-g-varbanov","10":"first","11":"instock","12":"shipping-taxable","13":"product-type-variable"},"yoast_head":"<!-- This site is optimized with the Yoast SEO plugin v27.0 - https:\/\/yoast.com\/product\/yoast-seo-wordpress\/ -->\n<title>Co-Amoxiclav | Effektiv Behandling av Infektioner - Transtoyou<\/title>\n<meta name=\"description\" content=\"Uppt\u00e4ck Co-Amoxiclav p\u00e5 Transtoyou, ett effektivt antibiotikum mot olika infektioner som kombinerar amoxicillin och klavulansyra f\u00f6r att bek\u00e4mpa resistenta bakterier.\" \/>\n<meta name=\"robots\" content=\"noindex, follow, max-snippet:-1, max-image-preview:large, max-video-preview:-1\" \/>\n<meta property=\"og:locale\" content=\"sv_SE\" \/>\n<meta property=\"og:type\" content=\"article\" \/>\n<meta property=\"og:title\" content=\"Co-Amoxiclav | Effektiv Behandling av Infektioner - Transtoyou\" \/>\n<meta property=\"og:description\" content=\"Uppt\u00e4ck Co-Amoxiclav p\u00e5 Transtoyou, ett effektivt antibiotikum mot olika infektioner som kombinerar amoxicillin och klavulansyra f\u00f6r att bek\u00e4mpa resistenta bakterier.\" \/>\n<meta property=\"og:url\" content=\"https:\/\/www.transtoyou.com\/sv\/product\/co-amoxiclav\/\" \/>\n<meta property=\"og:site_name\" content=\"Transtoyou - SV\" \/>\n<meta property=\"article:modified_time\" content=\"2026-01-25T17:49:01+00:00\" \/>\n<meta name=\"twitter:card\" content=\"summary_large_image\" \/>\n<meta name=\"twitter:label1\" content=\"Ber\u00e4knad l\u00e4stid\" \/>\n\t<meta name=\"twitter:data1\" content=\"1 minut\" \/>\n<script type=\"application\/ld+json\" class=\"yoast-schema-graph\">{\"@context\":\"https:\/\/schema.org\",\"@graph\":[{\"@type\":\"WebPage\",\"@id\":\"https:\/\/www.transtoyou.com\/sv\/product\/co-amoxiclav\/\",\"url\":\"https:\/\/www.transtoyou.com\/sv\/product\/co-amoxiclav\/\",\"name\":\"Co-Amoxiclav | Effektiv Behandling av Infektioner - Transtoyou\",\"isPartOf\":{\"@id\":\"https:\/\/www.transtoyou.com\/sv\/#website\"},\"primaryImageOfPage\":{\"@id\":\"https:\/\/www.transtoyou.com\/sv\/product\/co-amoxiclav\/#primaryimage\"},\"image\":{\"@id\":\"https:\/\/www.transtoyou.com\/sv\/product\/co-amoxiclav\/#primaryimage\"},\"thumbnailUrl\":\"https:\/\/www.transtoyou.com\/sv\/wp-content\/uploads\/sites\/15\/2026\/01\/tty-no-product-image-151.webp\",\"datePublished\":\"2026-01-25T17:47:38+00:00\",\"dateModified\":\"2026-01-25T17:49:01+00:00\",\"description\":\"Uppt\u00e4ck Co-Amoxiclav p\u00e5 Transtoyou, ett effektivt antibiotikum mot olika infektioner som kombinerar amoxicillin och klavulansyra f\u00f6r att bek\u00e4mpa resistenta bakterier.\",\"breadcrumb\":{\"@id\":\"https:\/\/www.transtoyou.com\/sv\/product\/co-amoxiclav\/#breadcrumb\"},\"inLanguage\":\"sv-SE\",\"potentialAction\":[{\"@type\":\"ReadAction\",\"target\":[\"https:\/\/www.transtoyou.com\/sv\/product\/co-amoxiclav\/\"]}]},{\"@type\":\"ImageObject\",\"inLanguage\":\"sv-SE\",\"@id\":\"https:\/\/www.transtoyou.com\/sv\/product\/co-amoxiclav\/#primaryimage\",\"url\":\"https:\/\/www.transtoyou.com\/sv\/wp-content\/uploads\/sites\/15\/2026\/01\/tty-no-product-image-151.webp\",\"contentUrl\":\"https:\/\/www.transtoyou.com\/sv\/wp-content\/uploads\/sites\/15\/2026\/01\/tty-no-product-image-151.webp\",\"width\":1000,\"height\":1000,\"caption\":\"Standard produktbild\"},{\"@type\":\"WebSite\",\"@id\":\"https:\/\/www.transtoyou.com\/sv\/#website\",\"url\":\"https:\/\/www.transtoyou.com\/sv\/\",\"name\":\"Transtoyou - SV\",\"description\":\"\",\"publisher\":{\"@id\":\"https:\/\/www.transtoyou.com\/sv\/#organization\"},\"potentialAction\":[{\"@type\":\"SearchAction\",\"target\":{\"@type\":\"EntryPoint\",\"urlTemplate\":\"https:\/\/www.transtoyou.com\/sv\/?s={search_term_string}\"},\"query-input\":{\"@type\":\"PropertyValueSpecification\",\"valueRequired\":true,\"valueName\":\"search_term_string\"}}],\"inLanguage\":\"sv-SE\"},{\"@type\":\"Organization\",\"@id\":\"https:\/\/www.transtoyou.com\/sv\/#organization\",\"name\":\"Transtoyou - SV\",\"url\":\"https:\/\/www.transtoyou.com\/sv\/\",\"logo\":{\"@type\":\"ImageObject\",\"inLanguage\":\"sv-SE\",\"@id\":\"https:\/\/www.transtoyou.com\/sv\/#\/schema\/logo\/image\/\",\"url\":\"https:\/\/www.transtoyou.com\/sv\/wp-content\/uploads\/sites\/15\/2026\/01\/logo-tty-menu-bar-300x87-1.webp\",\"contentUrl\":\"https:\/\/www.transtoyou.com\/sv\/wp-content\/uploads\/sites\/15\/2026\/01\/logo-tty-menu-bar-300x87-1.webp\",\"width\":300,\"height\":87,\"caption\":\"Transtoyou - SV\"},\"image\":{\"@id\":\"https:\/\/www.transtoyou.com\/sv\/#\/schema\/logo\/image\/\"}}]}<\/script>\n<!-- \/ Yoast SEO plugin. -->","yoast_head_json":{"title":"Co-Amoxiclav | Effektiv Behandling av Infektioner - Transtoyou","description":"Uppt\u00e4ck Co-Amoxiclav p\u00e5 Transtoyou, ett effektivt antibiotikum mot olika infektioner som kombinerar amoxicillin och klavulansyra f\u00f6r att bek\u00e4mpa resistenta bakterier.","robots":{"index":"noindex","follow":"follow","max-snippet":"max-snippet:-1","max-image-preview":"max-image-preview:large","max-video-preview":"max-video-preview:-1"},"og_locale":"sv_SE","og_type":"article","og_title":"Co-Amoxiclav | Effektiv Behandling av Infektioner - Transtoyou","og_description":"Uppt\u00e4ck Co-Amoxiclav p\u00e5 Transtoyou, ett effektivt antibiotikum mot olika infektioner som kombinerar amoxicillin och klavulansyra f\u00f6r att bek\u00e4mpa resistenta bakterier.","og_url":"https:\/\/www.transtoyou.com\/sv\/product\/co-amoxiclav\/","og_site_name":"Transtoyou - SV","article_modified_time":"2026-01-25T17:49:01+00:00","twitter_card":"summary_large_image","twitter_misc":{"Ber\u00e4knad l\u00e4stid":"1 minut"},"schema":{"@context":"https:\/\/schema.org","@graph":[{"@type":"WebPage","@id":"https:\/\/www.transtoyou.com\/sv\/product\/co-amoxiclav\/","url":"https:\/\/www.transtoyou.com\/sv\/product\/co-amoxiclav\/","name":"Co-Amoxiclav | Effektiv Behandling av Infektioner - Transtoyou","isPartOf":{"@id":"https:\/\/www.transtoyou.com\/sv\/#website"},"primaryImageOfPage":{"@id":"https:\/\/www.transtoyou.com\/sv\/product\/co-amoxiclav\/#primaryimage"},"image":{"@id":"https:\/\/www.transtoyou.com\/sv\/product\/co-amoxiclav\/#primaryimage"},"thumbnailUrl":"https:\/\/www.transtoyou.com\/sv\/wp-content\/uploads\/sites\/15\/2026\/01\/tty-no-product-image-151.webp","datePublished":"2026-01-25T17:47:38+00:00","dateModified":"2026-01-25T17:49:01+00:00","description":"Uppt\u00e4ck Co-Amoxiclav p\u00e5 Transtoyou, ett effektivt antibiotikum mot olika infektioner som kombinerar amoxicillin och klavulansyra f\u00f6r att bek\u00e4mpa resistenta bakterier.","breadcrumb":{"@id":"https:\/\/www.transtoyou.com\/sv\/product\/co-amoxiclav\/#breadcrumb"},"inLanguage":"sv-SE","potentialAction":[{"@type":"ReadAction","target":["https:\/\/www.transtoyou.com\/sv\/product\/co-amoxiclav\/"]}]},{"@type":"ImageObject","inLanguage":"sv-SE","@id":"https:\/\/www.transtoyou.com\/sv\/product\/co-amoxiclav\/#primaryimage","url":"https:\/\/www.transtoyou.com\/sv\/wp-content\/uploads\/sites\/15\/2026\/01\/tty-no-product-image-151.webp","contentUrl":"https:\/\/www.transtoyou.com\/sv\/wp-content\/uploads\/sites\/15\/2026\/01\/tty-no-product-image-151.webp","width":1000,"height":1000,"caption":"Standard produktbild"},{"@type":"WebSite","@id":"https:\/\/www.transtoyou.com\/sv\/#website","url":"https:\/\/www.transtoyou.com\/sv\/","name":"Transtoyou - SV","description":"","publisher":{"@id":"https:\/\/www.transtoyou.com\/sv\/#organization"},"potentialAction":[{"@type":"SearchAction","target":{"@type":"EntryPoint","urlTemplate":"https:\/\/www.transtoyou.com\/sv\/?s={search_term_string}"},"query-input":{"@type":"PropertyValueSpecification","valueRequired":true,"valueName":"search_term_string"}}],"inLanguage":"sv-SE"},{"@type":"Organization","@id":"https:\/\/www.transtoyou.com\/sv\/#organization","name":"Transtoyou - SV","url":"https:\/\/www.transtoyou.com\/sv\/","logo":{"@type":"ImageObject","inLanguage":"sv-SE","@id":"https:\/\/www.transtoyou.com\/sv\/#\/schema\/logo\/image\/","url":"https:\/\/www.transtoyou.com\/sv\/wp-content\/uploads\/sites\/15\/2026\/01\/logo-tty-menu-bar-300x87-1.webp","contentUrl":"https:\/\/www.transtoyou.com\/sv\/wp-content\/uploads\/sites\/15\/2026\/01\/logo-tty-menu-bar-300x87-1.webp","width":300,"height":87,"caption":"Transtoyou - SV"},"image":{"@id":"https:\/\/www.transtoyou.com\/sv\/#\/schema\/logo\/image\/"}}]}},"_links":{"self":[{"href":"https:\/\/www.transtoyou.com\/sv\/wp-json\/wp\/v2\/product\/921","targetHints":{"allow":["GET"]}}],"collection":[{"href":"https:\/\/www.transtoyou.com\/sv\/wp-json\/wp\/v2\/product"}],"about":[{"href":"https:\/\/www.transtoyou.com\/sv\/wp-json\/wp\/v2\/types\/product"}],"replies":[{"embeddable":true,"href":"https:\/\/www.transtoyou.com\/sv\/wp-json\/wp\/v2\/comments?post=921"}],"wp:featuredmedia":[{"embeddable":true,"href":"https:\/\/www.transtoyou.com\/sv\/wp-json\/wp\/v2\/media\/923"}],"wp:attachment":[{"href":"https:\/\/www.transtoyou.com\/sv\/wp-json\/wp\/v2\/media?parent=921"}],"wp:term":[{"taxonomy":"product_brand","embeddable":true,"href":"https:\/\/www.transtoyou.com\/sv\/wp-json\/wp\/v2\/product_brand?post=921"},{"taxonomy":"product_cat","embeddable":true,"href":"https:\/\/www.transtoyou.com\/sv\/wp-json\/wp\/v2\/product_cat?post=921"},{"taxonomy":"product_tag","embeddable":true,"href":"https:\/\/www.transtoyou.com\/sv\/wp-json\/wp\/v2\/product_tag?post=921"},{"taxonomy":"expert","embeddable":true,"href":"https:\/\/www.transtoyou.com\/sv\/wp-json\/wp\/v2\/expert?post=921"}],"curies":[{"name":"wp","href":"https:\/\/api.w.org\/{rel}","templated":true}]}}