{"id":927,"date":"2026-01-25T18:29:08","date_gmt":"2026-01-25T18:29:08","guid":{"rendered":"https:\/\/www.transtoyou.com\/sv\/product\/antabuse\/"},"modified":"2026-01-25T18:30:20","modified_gmt":"2026-01-25T18:30:20","slug":"antabus","status":"publish","type":"product","link":"https:\/\/www.transtoyou.com\/sv\/product\/antabus\/","title":{"rendered":"Antabuse"},"content":{"rendered":"<p>Antabuse (disulfiram) \u00e4r en receptbelagd medicin som \u00e4r utformad f\u00f6r att st\u00f6dja individer i deras \u00e5terh\u00e4mtning fr\u00e5n alkoholberoende. Den fungerar genom att skapa en akut k\u00e4nslighet f\u00f6r alkohol. N\u00e4r alkohol konsumeras samtidigt som man tar Antabuse, orsakar det obehagliga effekter som illam\u00e5ende, rodnad och snabb hj\u00e4rtfrekvens, vilket avskr\u00e4cker fr\u00e5n fortsatt alkoholkonsumtion.<\/p>\n<p>Antabuse anv\u00e4nds vanligtvis som en del av en omfattande behandlingsplan som inkluderar r\u00e5dgivning och st\u00f6dprogram. Det \u00e4r ingen bot f\u00f6r alkoholism, men fungerar som en avskr\u00e4ckande faktor f\u00f6r att dricka, vilket hj\u00e4lper individer att uppr\u00e4tth\u00e5lla nykterhet.<\/p>\n<p>Antabuse ordineras vanligtvis f\u00f6r l\u00e5ngvarig anv\u00e4ndning under strikt medicinsk \u00f6vervakning f\u00f6r att s\u00e4kerst\u00e4lla efterlevnad och effektivitet. Det finns i tablettform och tas oralt en g\u00e5ng dagligen, helst p\u00e5 morgonen.<\/p>\n<p>Vanliga biverkningar inkluderar d\u00e5sighet, huvudv\u00e4rk och en metallisk smak i munnen. S\u00e4llsynta men allvarliga biverkningar kan inkludera leverskador, vilket kr\u00e4ver regelbunden \u00f6vervakning av leverfunktionen under behandlingen. Antabuse b\u00f6r aldrig tas med alkohol eller alkoholhaltiga produkter, s\u00e5som vissa hostmediciner eller s\u00e5ser.<\/p>\n","protected":false},"excerpt":{"rendered":"<ul>\n<li>St\u00f6der \u00e5terh\u00e4mtning fr\u00e5n alkoholberoende<\/li>\n<li>Fungerar som en avskr\u00e4ckande faktor mot drickande<\/li>\n<li>En del av en omfattande behandlingsplan<\/li>\n<\/ul>\n","protected":false},"featured_media":929,"comment_status":"open","ping_status":"closed","template":"","meta":[],"product_brand":[],"product_cat":[54],"product_tag":[],"expert":[19],"class_list":{"0":"post-927","1":"product","2":"type-product","3":"status-publish","4":"has-post-thumbnail","6":"product_cat-alkoholaterhamtningshjalpmedel","7":"expert-dr-j-vazquez","9":"first","10":"instock","11":"shipping-taxable","12":"product-type-variable"},"yoast_head":"<!-- This site is optimized with the Yoast SEO plugin v27.0 - https:\/\/yoast.com\/product\/yoast-seo-wordpress\/ -->\n<title>Antabuse | St\u00f6dja nykterhet effektivt - Transtoyou<\/title>\n<meta name=\"description\" content=\"Uppt\u00e4ck Antabuse, ett receptbelagt hj\u00e4lpmedel f\u00f6r alkoholberoende, tillg\u00e4ngligt p\u00e5 Transtoyou. St\u00f6djer nykterhet med medicinsk \u00f6vervakning. L\u00e4r dig mer idag.\" \/>\n<meta name=\"robots\" content=\"noindex, follow, max-snippet:-1, max-image-preview:large, max-video-preview:-1\" \/>\n<meta property=\"og:locale\" content=\"sv_SE\" \/>\n<meta property=\"og:type\" content=\"article\" \/>\n<meta property=\"og:title\" content=\"Antabuse | St\u00f6dja nykterhet effektivt - Transtoyou\" \/>\n<meta property=\"og:description\" content=\"Uppt\u00e4ck Antabuse, ett receptbelagt hj\u00e4lpmedel f\u00f6r alkoholberoende, tillg\u00e4ngligt p\u00e5 Transtoyou. St\u00f6djer nykterhet med medicinsk \u00f6vervakning. L\u00e4r dig mer idag.\" \/>\n<meta property=\"og:url\" content=\"https:\/\/www.transtoyou.com\/sv\/product\/antabuse\/\" \/>\n<meta property=\"og:site_name\" content=\"Transtoyou - SV\" \/>\n<meta property=\"article:modified_time\" content=\"2026-01-25T18:30:20+00:00\" \/>\n<meta name=\"twitter:card\" content=\"summary_large_image\" \/>\n<meta name=\"twitter:label1\" content=\"Ber\u00e4knad l\u00e4stid\" \/>\n\t<meta name=\"twitter:data1\" content=\"1 minut\" \/>\n<script type=\"application\/ld+json\" class=\"yoast-schema-graph\">{\"@context\":\"https:\/\/schema.org\",\"@graph\":[{\"@type\":\"WebPage\",\"@id\":\"https:\/\/www.transtoyou.com\/sv\/product\/antabuse\/\",\"url\":\"https:\/\/www.transtoyou.com\/sv\/product\/antabuse\/\",\"name\":\"Antabuse | St\u00f6dja nykterhet effektivt - Transtoyou\",\"isPartOf\":{\"@id\":\"https:\/\/www.transtoyou.com\/sv\/#website\"},\"primaryImageOfPage\":{\"@id\":\"https:\/\/www.transtoyou.com\/sv\/product\/antabuse\/#primaryimage\"},\"image\":{\"@id\":\"https:\/\/www.transtoyou.com\/sv\/product\/antabuse\/#primaryimage\"},\"thumbnailUrl\":\"https:\/\/www.transtoyou.com\/sv\/wp-content\/uploads\/sites\/15\/2026\/01\/tty-no-product-image-153.webp\",\"datePublished\":\"2026-01-25T18:29:08+00:00\",\"dateModified\":\"2026-01-25T18:30:20+00:00\",\"description\":\"Uppt\u00e4ck Antabuse, ett receptbelagt hj\u00e4lpmedel f\u00f6r alkoholberoende, tillg\u00e4ngligt p\u00e5 Transtoyou. St\u00f6djer nykterhet med medicinsk \u00f6vervakning. L\u00e4r dig mer idag.\",\"breadcrumb\":{\"@id\":\"https:\/\/www.transtoyou.com\/sv\/product\/antabuse\/#breadcrumb\"},\"inLanguage\":\"sv-SE\",\"potentialAction\":[{\"@type\":\"ReadAction\",\"target\":[\"https:\/\/www.transtoyou.com\/sv\/product\/antabuse\/\"]}]},{\"@type\":\"ImageObject\",\"inLanguage\":\"sv-SE\",\"@id\":\"https:\/\/www.transtoyou.com\/sv\/product\/antabuse\/#primaryimage\",\"url\":\"https:\/\/www.transtoyou.com\/sv\/wp-content\/uploads\/sites\/15\/2026\/01\/tty-no-product-image-153.webp\",\"contentUrl\":\"https:\/\/www.transtoyou.com\/sv\/wp-content\/uploads\/sites\/15\/2026\/01\/tty-no-product-image-153.webp\",\"width\":1000,\"height\":1000,\"caption\":\"Standard produktbild\"},{\"@type\":\"WebSite\",\"@id\":\"https:\/\/www.transtoyou.com\/sv\/#website\",\"url\":\"https:\/\/www.transtoyou.com\/sv\/\",\"name\":\"Transtoyou - SV\",\"description\":\"\",\"publisher\":{\"@id\":\"https:\/\/www.transtoyou.com\/sv\/#organization\"},\"potentialAction\":[{\"@type\":\"SearchAction\",\"target\":{\"@type\":\"EntryPoint\",\"urlTemplate\":\"https:\/\/www.transtoyou.com\/sv\/?s={search_term_string}\"},\"query-input\":{\"@type\":\"PropertyValueSpecification\",\"valueRequired\":true,\"valueName\":\"search_term_string\"}}],\"inLanguage\":\"sv-SE\"},{\"@type\":\"Organization\",\"@id\":\"https:\/\/www.transtoyou.com\/sv\/#organization\",\"name\":\"Transtoyou - SV\",\"url\":\"https:\/\/www.transtoyou.com\/sv\/\",\"logo\":{\"@type\":\"ImageObject\",\"inLanguage\":\"sv-SE\",\"@id\":\"https:\/\/www.transtoyou.com\/sv\/#\/schema\/logo\/image\/\",\"url\":\"https:\/\/www.transtoyou.com\/sv\/wp-content\/uploads\/sites\/15\/2026\/01\/logo-tty-menu-bar-300x87-1.webp\",\"contentUrl\":\"https:\/\/www.transtoyou.com\/sv\/wp-content\/uploads\/sites\/15\/2026\/01\/logo-tty-menu-bar-300x87-1.webp\",\"width\":300,\"height\":87,\"caption\":\"Transtoyou - SV\"},\"image\":{\"@id\":\"https:\/\/www.transtoyou.com\/sv\/#\/schema\/logo\/image\/\"}}]}<\/script>\n<!-- \/ Yoast SEO plugin. -->","yoast_head_json":{"title":"Antabuse | St\u00f6dja nykterhet effektivt - Transtoyou","description":"Uppt\u00e4ck Antabuse, ett receptbelagt hj\u00e4lpmedel f\u00f6r alkoholberoende, tillg\u00e4ngligt p\u00e5 Transtoyou. St\u00f6djer nykterhet med medicinsk \u00f6vervakning. L\u00e4r dig mer idag.","robots":{"index":"noindex","follow":"follow","max-snippet":"max-snippet:-1","max-image-preview":"max-image-preview:large","max-video-preview":"max-video-preview:-1"},"og_locale":"sv_SE","og_type":"article","og_title":"Antabuse | St\u00f6dja nykterhet effektivt - Transtoyou","og_description":"Uppt\u00e4ck Antabuse, ett receptbelagt hj\u00e4lpmedel f\u00f6r alkoholberoende, tillg\u00e4ngligt p\u00e5 Transtoyou. St\u00f6djer nykterhet med medicinsk \u00f6vervakning. L\u00e4r dig mer idag.","og_url":"https:\/\/www.transtoyou.com\/sv\/product\/antabuse\/","og_site_name":"Transtoyou - SV","article_modified_time":"2026-01-25T18:30:20+00:00","twitter_card":"summary_large_image","twitter_misc":{"Ber\u00e4knad l\u00e4stid":"1 minut"},"schema":{"@context":"https:\/\/schema.org","@graph":[{"@type":"WebPage","@id":"https:\/\/www.transtoyou.com\/sv\/product\/antabuse\/","url":"https:\/\/www.transtoyou.com\/sv\/product\/antabuse\/","name":"Antabuse | St\u00f6dja nykterhet effektivt - Transtoyou","isPartOf":{"@id":"https:\/\/www.transtoyou.com\/sv\/#website"},"primaryImageOfPage":{"@id":"https:\/\/www.transtoyou.com\/sv\/product\/antabuse\/#primaryimage"},"image":{"@id":"https:\/\/www.transtoyou.com\/sv\/product\/antabuse\/#primaryimage"},"thumbnailUrl":"https:\/\/www.transtoyou.com\/sv\/wp-content\/uploads\/sites\/15\/2026\/01\/tty-no-product-image-153.webp","datePublished":"2026-01-25T18:29:08+00:00","dateModified":"2026-01-25T18:30:20+00:00","description":"Uppt\u00e4ck Antabuse, ett receptbelagt hj\u00e4lpmedel f\u00f6r alkoholberoende, tillg\u00e4ngligt p\u00e5 Transtoyou. St\u00f6djer nykterhet med medicinsk \u00f6vervakning. L\u00e4r dig mer idag.","breadcrumb":{"@id":"https:\/\/www.transtoyou.com\/sv\/product\/antabuse\/#breadcrumb"},"inLanguage":"sv-SE","potentialAction":[{"@type":"ReadAction","target":["https:\/\/www.transtoyou.com\/sv\/product\/antabuse\/"]}]},{"@type":"ImageObject","inLanguage":"sv-SE","@id":"https:\/\/www.transtoyou.com\/sv\/product\/antabuse\/#primaryimage","url":"https:\/\/www.transtoyou.com\/sv\/wp-content\/uploads\/sites\/15\/2026\/01\/tty-no-product-image-153.webp","contentUrl":"https:\/\/www.transtoyou.com\/sv\/wp-content\/uploads\/sites\/15\/2026\/01\/tty-no-product-image-153.webp","width":1000,"height":1000,"caption":"Standard produktbild"},{"@type":"WebSite","@id":"https:\/\/www.transtoyou.com\/sv\/#website","url":"https:\/\/www.transtoyou.com\/sv\/","name":"Transtoyou - SV","description":"","publisher":{"@id":"https:\/\/www.transtoyou.com\/sv\/#organization"},"potentialAction":[{"@type":"SearchAction","target":{"@type":"EntryPoint","urlTemplate":"https:\/\/www.transtoyou.com\/sv\/?s={search_term_string}"},"query-input":{"@type":"PropertyValueSpecification","valueRequired":true,"valueName":"search_term_string"}}],"inLanguage":"sv-SE"},{"@type":"Organization","@id":"https:\/\/www.transtoyou.com\/sv\/#organization","name":"Transtoyou - SV","url":"https:\/\/www.transtoyou.com\/sv\/","logo":{"@type":"ImageObject","inLanguage":"sv-SE","@id":"https:\/\/www.transtoyou.com\/sv\/#\/schema\/logo\/image\/","url":"https:\/\/www.transtoyou.com\/sv\/wp-content\/uploads\/sites\/15\/2026\/01\/logo-tty-menu-bar-300x87-1.webp","contentUrl":"https:\/\/www.transtoyou.com\/sv\/wp-content\/uploads\/sites\/15\/2026\/01\/logo-tty-menu-bar-300x87-1.webp","width":300,"height":87,"caption":"Transtoyou - SV"},"image":{"@id":"https:\/\/www.transtoyou.com\/sv\/#\/schema\/logo\/image\/"}}]}},"_links":{"self":[{"href":"https:\/\/www.transtoyou.com\/sv\/wp-json\/wp\/v2\/product\/927","targetHints":{"allow":["GET"]}}],"collection":[{"href":"https:\/\/www.transtoyou.com\/sv\/wp-json\/wp\/v2\/product"}],"about":[{"href":"https:\/\/www.transtoyou.com\/sv\/wp-json\/wp\/v2\/types\/product"}],"replies":[{"embeddable":true,"href":"https:\/\/www.transtoyou.com\/sv\/wp-json\/wp\/v2\/comments?post=927"}],"wp:featuredmedia":[{"embeddable":true,"href":"https:\/\/www.transtoyou.com\/sv\/wp-json\/wp\/v2\/media\/929"}],"wp:attachment":[{"href":"https:\/\/www.transtoyou.com\/sv\/wp-json\/wp\/v2\/media?parent=927"}],"wp:term":[{"taxonomy":"product_brand","embeddable":true,"href":"https:\/\/www.transtoyou.com\/sv\/wp-json\/wp\/v2\/product_brand?post=927"},{"taxonomy":"product_cat","embeddable":true,"href":"https:\/\/www.transtoyou.com\/sv\/wp-json\/wp\/v2\/product_cat?post=927"},{"taxonomy":"product_tag","embeddable":true,"href":"https:\/\/www.transtoyou.com\/sv\/wp-json\/wp\/v2\/product_tag?post=927"},{"taxonomy":"expert","embeddable":true,"href":"https:\/\/www.transtoyou.com\/sv\/wp-json\/wp\/v2\/expert?post=927"}],"curies":[{"name":"wp","href":"https:\/\/api.w.org\/{rel}","templated":true}]}}