{"id":930,"date":"2026-01-25T18:46:34","date_gmt":"2026-01-25T18:46:34","guid":{"rendered":"https:\/\/www.transtoyou.com\/sv\/product\/grazax\/"},"modified":"2026-01-25T18:47:35","modified_gmt":"2026-01-25T18:47:35","slug":"grazax","status":"publish","type":"product","link":"https:\/\/www.transtoyou.com\/sv\/product\/grazax\/","title":{"rendered":"Grazax"},"content":{"rendered":"<p>Grazax \u00e4r en sublingual immunterapi (SLIT) tablett som \u00e4r utformad f\u00f6r att behandla gr\u00e4spollenallergier genom att gradvis desensibilisera immunsystemet mot gr\u00e4spollenallergener. Den inneh\u00e5ller ett standardallergenextrakt fr\u00e5n Timothy-gr\u00e4spollen, vilket hj\u00e4lper till att minska sv\u00e5righetsgraden av allergiska reaktioner \u00f6ver tid.<\/p>\n<p>Grazax ordineras vanligtvis f\u00f6r individer med sv\u00e5ra gr\u00e4spollenallergier som p\u00e5verkar deras livskvalitet avsev\u00e4rt. Den tas en g\u00e5ng dagligen, med start flera m\u00e5nader f\u00f6re och forts\u00e4tter under hela gr\u00e4spollens\u00e4songen f\u00f6r optimal effektivitet.<\/p>\n<p>Behandlingen fungerar genom att exponera immunsystemet f\u00f6r sm\u00e5, kontrollerade doser av gr\u00e4spollenallergener, vilket minskar kroppens k\u00e4nslighet och ger l\u00e5ngvarig lindring. Grazax \u00e4r mest effektivt n\u00e4r det anv\u00e4nds som en del av en omfattande allergihanteringsplan som inkluderar att undvika allergener och anv\u00e4nda andra mediciner vid behov.<\/p>\n<p>Vanliga biverkningar inkluderar mild kl\u00e5da eller svullnad i munnen, irritation i halsen eller gastrointestinal obehag, vilket vanligtvis avtar n\u00e4r kroppen anpassar sig till behandlingen.<\/p>\n","protected":false},"excerpt":{"rendered":"<ul>\n<li>Minskar symtom p\u00e5 gr\u00e4spollenallergi<\/li>\n<li>Desensibiliserar immunsystemet<\/li>\n<li>Praktisk sublingual tablett som tas en g\u00e5ng om dagen<\/li>\n<\/ul>\n","protected":false},"featured_media":932,"comment_status":"open","ping_status":"closed","template":"","meta":[],"product_brand":[],"product_cat":[56],"product_tag":[],"expert":[19],"class_list":{"0":"post-930","1":"product","2":"type-product","3":"status-publish","4":"has-post-thumbnail","6":"product_cat-allergi-och-hosnuvebehandling","7":"expert-dr-j-vazquez","9":"first","10":"instock","11":"shipping-taxable","12":"product-type-variable"},"yoast_head":"<!-- This site is optimized with the Yoast SEO plugin v27.0 - https:\/\/yoast.com\/product\/yoast-seo-wordpress\/ -->\n<title>Grazax | Allergilindring &amp; Immunst\u00f6d - Transtoyou<\/title>\n<meta name=\"description\" content=\"Uppt\u00e4ck Grazax, en SLIT-tablett f\u00f6r lindring av gr\u00e4spollenallergi. F\u00f6rb\u00e4ttra ditt liv med l\u00e5ngvarig desensibilisering. Handla nu p\u00e5 Transtoyou.\" \/>\n<meta name=\"robots\" content=\"noindex, follow, max-snippet:-1, max-image-preview:large, max-video-preview:-1\" \/>\n<meta property=\"og:locale\" content=\"sv_SE\" \/>\n<meta property=\"og:type\" content=\"article\" \/>\n<meta property=\"og:title\" content=\"Grazax | Allergilindring &amp; Immunst\u00f6d - Transtoyou\" \/>\n<meta property=\"og:description\" content=\"Uppt\u00e4ck Grazax, en SLIT-tablett f\u00f6r lindring av gr\u00e4spollenallergi. F\u00f6rb\u00e4ttra ditt liv med l\u00e5ngvarig desensibilisering. Handla nu p\u00e5 Transtoyou.\" \/>\n<meta property=\"og:url\" content=\"https:\/\/www.transtoyou.com\/sv\/product\/grazax\/\" \/>\n<meta property=\"og:site_name\" content=\"Transtoyou - SV\" \/>\n<meta property=\"article:modified_time\" content=\"2026-01-25T18:47:35+00:00\" \/>\n<meta name=\"twitter:card\" content=\"summary_large_image\" \/>\n<meta name=\"twitter:label1\" content=\"Ber\u00e4knad l\u00e4stid\" \/>\n\t<meta name=\"twitter:data1\" content=\"1 minut\" \/>\n<script type=\"application\/ld+json\" class=\"yoast-schema-graph\">{\"@context\":\"https:\/\/schema.org\",\"@graph\":[{\"@type\":\"WebPage\",\"@id\":\"https:\/\/www.transtoyou.com\/sv\/product\/grazax\/\",\"url\":\"https:\/\/www.transtoyou.com\/sv\/product\/grazax\/\",\"name\":\"Grazax | Allergilindring & Immunst\u00f6d - Transtoyou\",\"isPartOf\":{\"@id\":\"https:\/\/www.transtoyou.com\/sv\/#website\"},\"primaryImageOfPage\":{\"@id\":\"https:\/\/www.transtoyou.com\/sv\/product\/grazax\/#primaryimage\"},\"image\":{\"@id\":\"https:\/\/www.transtoyou.com\/sv\/product\/grazax\/#primaryimage\"},\"thumbnailUrl\":\"https:\/\/www.transtoyou.com\/sv\/wp-content\/uploads\/sites\/15\/2026\/01\/tty-no-product-image-154.webp\",\"datePublished\":\"2026-01-25T18:46:34+00:00\",\"dateModified\":\"2026-01-25T18:47:35+00:00\",\"description\":\"Uppt\u00e4ck Grazax, en SLIT-tablett f\u00f6r lindring av gr\u00e4spollenallergi. F\u00f6rb\u00e4ttra ditt liv med l\u00e5ngvarig desensibilisering. Handla nu p\u00e5 Transtoyou.\",\"breadcrumb\":{\"@id\":\"https:\/\/www.transtoyou.com\/sv\/product\/grazax\/#breadcrumb\"},\"inLanguage\":\"sv-SE\",\"potentialAction\":[{\"@type\":\"ReadAction\",\"target\":[\"https:\/\/www.transtoyou.com\/sv\/product\/grazax\/\"]}]},{\"@type\":\"ImageObject\",\"inLanguage\":\"sv-SE\",\"@id\":\"https:\/\/www.transtoyou.com\/sv\/product\/grazax\/#primaryimage\",\"url\":\"https:\/\/www.transtoyou.com\/sv\/wp-content\/uploads\/sites\/15\/2026\/01\/tty-no-product-image-154.webp\",\"contentUrl\":\"https:\/\/www.transtoyou.com\/sv\/wp-content\/uploads\/sites\/15\/2026\/01\/tty-no-product-image-154.webp\",\"width\":1000,\"height\":1000,\"caption\":\"Standard produktbild\"},{\"@type\":\"WebSite\",\"@id\":\"https:\/\/www.transtoyou.com\/sv\/#website\",\"url\":\"https:\/\/www.transtoyou.com\/sv\/\",\"name\":\"Transtoyou - SV\",\"description\":\"\",\"publisher\":{\"@id\":\"https:\/\/www.transtoyou.com\/sv\/#organization\"},\"potentialAction\":[{\"@type\":\"SearchAction\",\"target\":{\"@type\":\"EntryPoint\",\"urlTemplate\":\"https:\/\/www.transtoyou.com\/sv\/?s={search_term_string}\"},\"query-input\":{\"@type\":\"PropertyValueSpecification\",\"valueRequired\":true,\"valueName\":\"search_term_string\"}}],\"inLanguage\":\"sv-SE\"},{\"@type\":\"Organization\",\"@id\":\"https:\/\/www.transtoyou.com\/sv\/#organization\",\"name\":\"Transtoyou - SV\",\"url\":\"https:\/\/www.transtoyou.com\/sv\/\",\"logo\":{\"@type\":\"ImageObject\",\"inLanguage\":\"sv-SE\",\"@id\":\"https:\/\/www.transtoyou.com\/sv\/#\/schema\/logo\/image\/\",\"url\":\"https:\/\/www.transtoyou.com\/sv\/wp-content\/uploads\/sites\/15\/2026\/01\/logo-tty-menu-bar-300x87-1.webp\",\"contentUrl\":\"https:\/\/www.transtoyou.com\/sv\/wp-content\/uploads\/sites\/15\/2026\/01\/logo-tty-menu-bar-300x87-1.webp\",\"width\":300,\"height\":87,\"caption\":\"Transtoyou - SV\"},\"image\":{\"@id\":\"https:\/\/www.transtoyou.com\/sv\/#\/schema\/logo\/image\/\"}}]}<\/script>\n<!-- \/ Yoast SEO plugin. -->","yoast_head_json":{"title":"Grazax | Allergilindring & Immunst\u00f6d - Transtoyou","description":"Uppt\u00e4ck Grazax, en SLIT-tablett f\u00f6r lindring av gr\u00e4spollenallergi. F\u00f6rb\u00e4ttra ditt liv med l\u00e5ngvarig desensibilisering. Handla nu p\u00e5 Transtoyou.","robots":{"index":"noindex","follow":"follow","max-snippet":"max-snippet:-1","max-image-preview":"max-image-preview:large","max-video-preview":"max-video-preview:-1"},"og_locale":"sv_SE","og_type":"article","og_title":"Grazax | Allergilindring & Immunst\u00f6d - Transtoyou","og_description":"Uppt\u00e4ck Grazax, en SLIT-tablett f\u00f6r lindring av gr\u00e4spollenallergi. F\u00f6rb\u00e4ttra ditt liv med l\u00e5ngvarig desensibilisering. Handla nu p\u00e5 Transtoyou.","og_url":"https:\/\/www.transtoyou.com\/sv\/product\/grazax\/","og_site_name":"Transtoyou - SV","article_modified_time":"2026-01-25T18:47:35+00:00","twitter_card":"summary_large_image","twitter_misc":{"Ber\u00e4knad l\u00e4stid":"1 minut"},"schema":{"@context":"https:\/\/schema.org","@graph":[{"@type":"WebPage","@id":"https:\/\/www.transtoyou.com\/sv\/product\/grazax\/","url":"https:\/\/www.transtoyou.com\/sv\/product\/grazax\/","name":"Grazax | Allergilindring & Immunst\u00f6d - Transtoyou","isPartOf":{"@id":"https:\/\/www.transtoyou.com\/sv\/#website"},"primaryImageOfPage":{"@id":"https:\/\/www.transtoyou.com\/sv\/product\/grazax\/#primaryimage"},"image":{"@id":"https:\/\/www.transtoyou.com\/sv\/product\/grazax\/#primaryimage"},"thumbnailUrl":"https:\/\/www.transtoyou.com\/sv\/wp-content\/uploads\/sites\/15\/2026\/01\/tty-no-product-image-154.webp","datePublished":"2026-01-25T18:46:34+00:00","dateModified":"2026-01-25T18:47:35+00:00","description":"Uppt\u00e4ck Grazax, en SLIT-tablett f\u00f6r lindring av gr\u00e4spollenallergi. F\u00f6rb\u00e4ttra ditt liv med l\u00e5ngvarig desensibilisering. Handla nu p\u00e5 Transtoyou.","breadcrumb":{"@id":"https:\/\/www.transtoyou.com\/sv\/product\/grazax\/#breadcrumb"},"inLanguage":"sv-SE","potentialAction":[{"@type":"ReadAction","target":["https:\/\/www.transtoyou.com\/sv\/product\/grazax\/"]}]},{"@type":"ImageObject","inLanguage":"sv-SE","@id":"https:\/\/www.transtoyou.com\/sv\/product\/grazax\/#primaryimage","url":"https:\/\/www.transtoyou.com\/sv\/wp-content\/uploads\/sites\/15\/2026\/01\/tty-no-product-image-154.webp","contentUrl":"https:\/\/www.transtoyou.com\/sv\/wp-content\/uploads\/sites\/15\/2026\/01\/tty-no-product-image-154.webp","width":1000,"height":1000,"caption":"Standard produktbild"},{"@type":"WebSite","@id":"https:\/\/www.transtoyou.com\/sv\/#website","url":"https:\/\/www.transtoyou.com\/sv\/","name":"Transtoyou - SV","description":"","publisher":{"@id":"https:\/\/www.transtoyou.com\/sv\/#organization"},"potentialAction":[{"@type":"SearchAction","target":{"@type":"EntryPoint","urlTemplate":"https:\/\/www.transtoyou.com\/sv\/?s={search_term_string}"},"query-input":{"@type":"PropertyValueSpecification","valueRequired":true,"valueName":"search_term_string"}}],"inLanguage":"sv-SE"},{"@type":"Organization","@id":"https:\/\/www.transtoyou.com\/sv\/#organization","name":"Transtoyou - SV","url":"https:\/\/www.transtoyou.com\/sv\/","logo":{"@type":"ImageObject","inLanguage":"sv-SE","@id":"https:\/\/www.transtoyou.com\/sv\/#\/schema\/logo\/image\/","url":"https:\/\/www.transtoyou.com\/sv\/wp-content\/uploads\/sites\/15\/2026\/01\/logo-tty-menu-bar-300x87-1.webp","contentUrl":"https:\/\/www.transtoyou.com\/sv\/wp-content\/uploads\/sites\/15\/2026\/01\/logo-tty-menu-bar-300x87-1.webp","width":300,"height":87,"caption":"Transtoyou - SV"},"image":{"@id":"https:\/\/www.transtoyou.com\/sv\/#\/schema\/logo\/image\/"}}]}},"_links":{"self":[{"href":"https:\/\/www.transtoyou.com\/sv\/wp-json\/wp\/v2\/product\/930","targetHints":{"allow":["GET"]}}],"collection":[{"href":"https:\/\/www.transtoyou.com\/sv\/wp-json\/wp\/v2\/product"}],"about":[{"href":"https:\/\/www.transtoyou.com\/sv\/wp-json\/wp\/v2\/types\/product"}],"replies":[{"embeddable":true,"href":"https:\/\/www.transtoyou.com\/sv\/wp-json\/wp\/v2\/comments?post=930"}],"wp:featuredmedia":[{"embeddable":true,"href":"https:\/\/www.transtoyou.com\/sv\/wp-json\/wp\/v2\/media\/932"}],"wp:attachment":[{"href":"https:\/\/www.transtoyou.com\/sv\/wp-json\/wp\/v2\/media?parent=930"}],"wp:term":[{"taxonomy":"product_brand","embeddable":true,"href":"https:\/\/www.transtoyou.com\/sv\/wp-json\/wp\/v2\/product_brand?post=930"},{"taxonomy":"product_cat","embeddable":true,"href":"https:\/\/www.transtoyou.com\/sv\/wp-json\/wp\/v2\/product_cat?post=930"},{"taxonomy":"product_tag","embeddable":true,"href":"https:\/\/www.transtoyou.com\/sv\/wp-json\/wp\/v2\/product_tag?post=930"},{"taxonomy":"expert","embeddable":true,"href":"https:\/\/www.transtoyou.com\/sv\/wp-json\/wp\/v2\/expert?post=930"}],"curies":[{"name":"wp","href":"https:\/\/api.w.org\/{rel}","templated":true}]}}