{"id":933,"date":"2026-01-25T19:04:39","date_gmt":"2026-01-25T19:04:39","guid":{"rendered":"https:\/\/www.transtoyou.com\/sv\/product\/promethazine\/"},"modified":"2026-03-01T14:23:36","modified_gmt":"2026-03-01T14:23:36","slug":"prometazin","status":"publish","type":"product","link":"https:\/\/www.transtoyou.com\/sv\/product\/prometazin\/","title":{"rendered":"Prometazin"},"content":{"rendered":"<p>Prometazin \u00e4r en f\u00f6rsta generationens antihistamin som anv\u00e4nds f\u00f6r att hj\u00e4lpa till att hantera symtom p\u00e5 allergier och h\u00f6snuva, inklusive nysningar, rinnande n\u00e4sa, kliande eller rinnande \u00f6gon och hudreaktioner som n\u00e4sselutslag eller kl\u00e5da. Det fungerar genom att blockera effekterna av histamin, en kemikalie som frig\u00f6rs under allergiska reaktioner, vilket orsakar inflammation och irritation i kroppen.<\/p>\n<p>Denna medicin \u00e4r s\u00e4rskilt anv\u00e4ndbar f\u00f6r individer som upplever m\u00e5ttliga till sv\u00e5ra allergiska reaktioner som p\u00e5verkar deras livskvalitet eller s\u00f6mn. Till skillnad fr\u00e5n nyare antihistaminer har prometazin en lugnande effekt, vilket g\u00f6r det till ett hj\u00e4lpsamt alternativ f\u00f6r dem vars allergisymtom st\u00f6r s\u00f6mnen. Det ordineras ocks\u00e5 ofta n\u00e4r allergier \u00e5tf\u00f6ljs av hudproblem som utslag eller sv\u00e5r kl\u00e5da.<\/p>\n<p>Prometazin tas vanligtvis i tablettform en eller tv\u00e5 g\u00e5nger om dagen, beroende p\u00e5 sv\u00e5righetsgraden av symtomen. P\u00e5 grund av sin lugnande effekt tas det ofta p\u00e5 kv\u00e4llen eller f\u00f6re s\u00e4ngg\u00e5endet. Den lugnande effekten lindrar inte bara allergisymtom utan hj\u00e4lper ocks\u00e5 kroppen att vila, vilket g\u00f6r det s\u00e4rskilt l\u00e4mpligt f\u00f6r nattligt bruk.<\/p>\n<p>Effekterna b\u00f6rjar vanligtvis inom 20 till 60 minuter efter att en dos tagits och kan vara i flera timmar. Vissa personer kan uppleva d\u00e5sighet, yrsel eller torr mun, s\u00e4rskilt under de f\u00f6rsta dagarna av anv\u00e4ndning. Dessa biverkningar minskar ofta n\u00e4r kroppen anpassar sig. Det \u00e4r viktigt att inte k\u00f6ra bil eller anv\u00e4nda maskiner efter att ha tagit prometazin tills du vet hur det p\u00e5verkar dig.<\/p>\n","protected":false},"excerpt":{"rendered":"<ul>\n<li>Ger lindring fr\u00e5n allergier och illam\u00e5ende<\/li>\n<li>Hj\u00e4lper till att hantera \u00e5ksjuka<\/li>\n<li>Kan hj\u00e4lpa med kortvariga s\u00f6mnproblem<\/li>\n<\/ul>\n","protected":false},"featured_media":935,"comment_status":"open","ping_status":"closed","template":"","meta":[],"product_brand":[],"product_cat":[56],"product_tag":[],"expert":[19],"class_list":{"0":"post-933","1":"product","2":"type-product","3":"status-publish","4":"has-post-thumbnail","6":"product_cat-allergi-och-hosnuvebehandling","7":"expert-dr-j-vazquez","9":"first","10":"instock","11":"shipping-taxable","12":"product-type-variable"},"yoast_head":"<!-- This site is optimized with the Yoast SEO plugin v27.0 - https:\/\/yoast.com\/product\/yoast-seo-wordpress\/ -->\n<title>Prometazin | Lindra allergisymptom snabbt - Transtoyou<\/title>\n<meta name=\"description\" content=\"Promethazin, ett f\u00f6rsta generationens antihistamin f\u00f6r allergilindring och b\u00e4ttre s\u00f6mn. Lindra symtom, handla nu p\u00e5 Transtoyou. S\u00e4ker och effektiv.\" \/>\n<meta name=\"robots\" content=\"noindex, follow, max-snippet:-1, max-image-preview:large, max-video-preview:-1\" \/>\n<meta property=\"og:locale\" content=\"sv_SE\" \/>\n<meta property=\"og:type\" content=\"article\" \/>\n<meta property=\"og:title\" content=\"Prometazin | Lindra allergisymptom snabbt - Transtoyou\" \/>\n<meta property=\"og:description\" content=\"Promethazin, ett f\u00f6rsta generationens antihistamin f\u00f6r allergilindring och b\u00e4ttre s\u00f6mn. Lindra symtom, handla nu p\u00e5 Transtoyou. S\u00e4ker och effektiv.\" \/>\n<meta property=\"og:url\" content=\"https:\/\/www.transtoyou.com\/sv\/product\/promethazine\/\" \/>\n<meta property=\"og:site_name\" content=\"Transtoyou - SV\" \/>\n<meta property=\"article:modified_time\" content=\"2026-03-01T14:23:36+00:00\" \/>\n<meta name=\"twitter:card\" content=\"summary_large_image\" \/>\n<meta name=\"twitter:label1\" content=\"Ber\u00e4knad l\u00e4stid\" \/>\n\t<meta name=\"twitter:data1\" content=\"1 minut\" \/>\n<script type=\"application\/ld+json\" class=\"yoast-schema-graph\">{\"@context\":\"https:\/\/schema.org\",\"@graph\":[{\"@type\":\"WebPage\",\"@id\":\"https:\/\/www.transtoyou.com\/sv\/product\/promethazine\/\",\"url\":\"https:\/\/www.transtoyou.com\/sv\/product\/promethazine\/\",\"name\":\"Prometazin | Lindra allergisymptom snabbt - Transtoyou\",\"isPartOf\":{\"@id\":\"https:\/\/www.transtoyou.com\/sv\/#website\"},\"primaryImageOfPage\":{\"@id\":\"https:\/\/www.transtoyou.com\/sv\/product\/promethazine\/#primaryimage\"},\"image\":{\"@id\":\"https:\/\/www.transtoyou.com\/sv\/product\/promethazine\/#primaryimage\"},\"thumbnailUrl\":\"https:\/\/www.transtoyou.com\/sv\/wp-content\/uploads\/sites\/15\/2026\/01\/tty-no-product-image-155.webp\",\"datePublished\":\"2026-01-25T19:04:39+00:00\",\"dateModified\":\"2026-03-01T14:23:36+00:00\",\"description\":\"Promethazin, ett f\u00f6rsta generationens antihistamin f\u00f6r allergilindring och b\u00e4ttre s\u00f6mn. Lindra symtom, handla nu p\u00e5 Transtoyou. S\u00e4ker och effektiv.\",\"breadcrumb\":{\"@id\":\"https:\/\/www.transtoyou.com\/sv\/product\/promethazine\/#breadcrumb\"},\"inLanguage\":\"sv-SE\",\"potentialAction\":[{\"@type\":\"ReadAction\",\"target\":[\"https:\/\/www.transtoyou.com\/sv\/product\/promethazine\/\"]}]},{\"@type\":\"ImageObject\",\"inLanguage\":\"sv-SE\",\"@id\":\"https:\/\/www.transtoyou.com\/sv\/product\/promethazine\/#primaryimage\",\"url\":\"https:\/\/www.transtoyou.com\/sv\/wp-content\/uploads\/sites\/15\/2026\/01\/tty-no-product-image-155.webp\",\"contentUrl\":\"https:\/\/www.transtoyou.com\/sv\/wp-content\/uploads\/sites\/15\/2026\/01\/tty-no-product-image-155.webp\",\"width\":1000,\"height\":1000,\"caption\":\"Standard produktbild\"},{\"@type\":\"WebSite\",\"@id\":\"https:\/\/www.transtoyou.com\/sv\/#website\",\"url\":\"https:\/\/www.transtoyou.com\/sv\/\",\"name\":\"Transtoyou - SV\",\"description\":\"\",\"publisher\":{\"@id\":\"https:\/\/www.transtoyou.com\/sv\/#organization\"},\"potentialAction\":[{\"@type\":\"SearchAction\",\"target\":{\"@type\":\"EntryPoint\",\"urlTemplate\":\"https:\/\/www.transtoyou.com\/sv\/?s={search_term_string}\"},\"query-input\":{\"@type\":\"PropertyValueSpecification\",\"valueRequired\":true,\"valueName\":\"search_term_string\"}}],\"inLanguage\":\"sv-SE\"},{\"@type\":\"Organization\",\"@id\":\"https:\/\/www.transtoyou.com\/sv\/#organization\",\"name\":\"Transtoyou - SV\",\"url\":\"https:\/\/www.transtoyou.com\/sv\/\",\"logo\":{\"@type\":\"ImageObject\",\"inLanguage\":\"sv-SE\",\"@id\":\"https:\/\/www.transtoyou.com\/sv\/#\/schema\/logo\/image\/\",\"url\":\"https:\/\/www.transtoyou.com\/sv\/wp-content\/uploads\/sites\/15\/2026\/01\/logo-tty-menu-bar-300x87-1.webp\",\"contentUrl\":\"https:\/\/www.transtoyou.com\/sv\/wp-content\/uploads\/sites\/15\/2026\/01\/logo-tty-menu-bar-300x87-1.webp\",\"width\":300,\"height\":87,\"caption\":\"Transtoyou - SV\"},\"image\":{\"@id\":\"https:\/\/www.transtoyou.com\/sv\/#\/schema\/logo\/image\/\"}}]}<\/script>\n<!-- \/ Yoast SEO plugin. -->","yoast_head_json":{"title":"Prometazin | Lindra allergisymptom snabbt - Transtoyou","description":"Promethazin, ett f\u00f6rsta generationens antihistamin f\u00f6r allergilindring och b\u00e4ttre s\u00f6mn. Lindra symtom, handla nu p\u00e5 Transtoyou. S\u00e4ker och effektiv.","robots":{"index":"noindex","follow":"follow","max-snippet":"max-snippet:-1","max-image-preview":"max-image-preview:large","max-video-preview":"max-video-preview:-1"},"og_locale":"sv_SE","og_type":"article","og_title":"Prometazin | Lindra allergisymptom snabbt - Transtoyou","og_description":"Promethazin, ett f\u00f6rsta generationens antihistamin f\u00f6r allergilindring och b\u00e4ttre s\u00f6mn. Lindra symtom, handla nu p\u00e5 Transtoyou. S\u00e4ker och effektiv.","og_url":"https:\/\/www.transtoyou.com\/sv\/product\/promethazine\/","og_site_name":"Transtoyou - SV","article_modified_time":"2026-03-01T14:23:36+00:00","twitter_card":"summary_large_image","twitter_misc":{"Ber\u00e4knad l\u00e4stid":"1 minut"},"schema":{"@context":"https:\/\/schema.org","@graph":[{"@type":"WebPage","@id":"https:\/\/www.transtoyou.com\/sv\/product\/promethazine\/","url":"https:\/\/www.transtoyou.com\/sv\/product\/promethazine\/","name":"Prometazin | Lindra allergisymptom snabbt - Transtoyou","isPartOf":{"@id":"https:\/\/www.transtoyou.com\/sv\/#website"},"primaryImageOfPage":{"@id":"https:\/\/www.transtoyou.com\/sv\/product\/promethazine\/#primaryimage"},"image":{"@id":"https:\/\/www.transtoyou.com\/sv\/product\/promethazine\/#primaryimage"},"thumbnailUrl":"https:\/\/www.transtoyou.com\/sv\/wp-content\/uploads\/sites\/15\/2026\/01\/tty-no-product-image-155.webp","datePublished":"2026-01-25T19:04:39+00:00","dateModified":"2026-03-01T14:23:36+00:00","description":"Promethazin, ett f\u00f6rsta generationens antihistamin f\u00f6r allergilindring och b\u00e4ttre s\u00f6mn. Lindra symtom, handla nu p\u00e5 Transtoyou. S\u00e4ker och effektiv.","breadcrumb":{"@id":"https:\/\/www.transtoyou.com\/sv\/product\/promethazine\/#breadcrumb"},"inLanguage":"sv-SE","potentialAction":[{"@type":"ReadAction","target":["https:\/\/www.transtoyou.com\/sv\/product\/promethazine\/"]}]},{"@type":"ImageObject","inLanguage":"sv-SE","@id":"https:\/\/www.transtoyou.com\/sv\/product\/promethazine\/#primaryimage","url":"https:\/\/www.transtoyou.com\/sv\/wp-content\/uploads\/sites\/15\/2026\/01\/tty-no-product-image-155.webp","contentUrl":"https:\/\/www.transtoyou.com\/sv\/wp-content\/uploads\/sites\/15\/2026\/01\/tty-no-product-image-155.webp","width":1000,"height":1000,"caption":"Standard produktbild"},{"@type":"WebSite","@id":"https:\/\/www.transtoyou.com\/sv\/#website","url":"https:\/\/www.transtoyou.com\/sv\/","name":"Transtoyou - SV","description":"","publisher":{"@id":"https:\/\/www.transtoyou.com\/sv\/#organization"},"potentialAction":[{"@type":"SearchAction","target":{"@type":"EntryPoint","urlTemplate":"https:\/\/www.transtoyou.com\/sv\/?s={search_term_string}"},"query-input":{"@type":"PropertyValueSpecification","valueRequired":true,"valueName":"search_term_string"}}],"inLanguage":"sv-SE"},{"@type":"Organization","@id":"https:\/\/www.transtoyou.com\/sv\/#organization","name":"Transtoyou - SV","url":"https:\/\/www.transtoyou.com\/sv\/","logo":{"@type":"ImageObject","inLanguage":"sv-SE","@id":"https:\/\/www.transtoyou.com\/sv\/#\/schema\/logo\/image\/","url":"https:\/\/www.transtoyou.com\/sv\/wp-content\/uploads\/sites\/15\/2026\/01\/logo-tty-menu-bar-300x87-1.webp","contentUrl":"https:\/\/www.transtoyou.com\/sv\/wp-content\/uploads\/sites\/15\/2026\/01\/logo-tty-menu-bar-300x87-1.webp","width":300,"height":87,"caption":"Transtoyou - SV"},"image":{"@id":"https:\/\/www.transtoyou.com\/sv\/#\/schema\/logo\/image\/"}}]}},"_links":{"self":[{"href":"https:\/\/www.transtoyou.com\/sv\/wp-json\/wp\/v2\/product\/933","targetHints":{"allow":["GET"]}}],"collection":[{"href":"https:\/\/www.transtoyou.com\/sv\/wp-json\/wp\/v2\/product"}],"about":[{"href":"https:\/\/www.transtoyou.com\/sv\/wp-json\/wp\/v2\/types\/product"}],"replies":[{"embeddable":true,"href":"https:\/\/www.transtoyou.com\/sv\/wp-json\/wp\/v2\/comments?post=933"}],"wp:featuredmedia":[{"embeddable":true,"href":"https:\/\/www.transtoyou.com\/sv\/wp-json\/wp\/v2\/media\/935"}],"wp:attachment":[{"href":"https:\/\/www.transtoyou.com\/sv\/wp-json\/wp\/v2\/media?parent=933"}],"wp:term":[{"taxonomy":"product_brand","embeddable":true,"href":"https:\/\/www.transtoyou.com\/sv\/wp-json\/wp\/v2\/product_brand?post=933"},{"taxonomy":"product_cat","embeddable":true,"href":"https:\/\/www.transtoyou.com\/sv\/wp-json\/wp\/v2\/product_cat?post=933"},{"taxonomy":"product_tag","embeddable":true,"href":"https:\/\/www.transtoyou.com\/sv\/wp-json\/wp\/v2\/product_tag?post=933"},{"taxonomy":"expert","embeddable":true,"href":"https:\/\/www.transtoyou.com\/sv\/wp-json\/wp\/v2\/expert?post=933"}],"curies":[{"name":"wp","href":"https:\/\/api.w.org\/{rel}","templated":true}]}}