{"id":948,"date":"2026-01-25T20:33:33","date_gmt":"2026-01-25T20:33:33","guid":{"rendered":"https:\/\/www.transtoyou.com\/sv\/product\/isotretinoin\/"},"modified":"2026-02-26T09:58:32","modified_gmt":"2026-02-26T09:58:32","slug":"isotretinoin","status":"publish","type":"product","link":"https:\/\/www.transtoyou.com\/sv\/product\/isotretinoin\/","title":{"rendered":"Isotretinoin"},"content":{"rendered":"<p>Isotretinoin \u00e4r ett l\u00e4kemedel som anv\u00e4nds f\u00f6r att behandla mycket allvarlig akne, s\u00e4rskilt den typ som orsakar djupa, sm\u00e4rtsamma kn\u00f6lar (som cystor eller noduler) och inte f\u00f6rb\u00e4ttras med kr\u00e4mer eller antibiotika. Det tas som en tablett och \u00f6verv\u00e4gs vanligtvis n\u00e4r andra behandlingar inte har fungerat. Den aktiva ingrediensen kommer fr\u00e5n vitamin A och riktar sig mot de grundl\u00e4ggande orsakerna till akne.<\/p>\n<p>Det fungerar genom att krympa hudens talgk\u00f6rtlar och minska hur mycket olja (talg) de producerar. F\u00f6r mycket olja kan t\u00e4ppa till porerna och leda till utbrott. Isotretinoin hj\u00e4lper ocks\u00e5 till att f\u00f6rhindra att d\u00f6da hudceller samlas inuti porerna och minskar antalet akneframkallande bakterier p\u00e5 huden. Eftersom det verkar p\u00e5 flera orsaker samtidigt kan det leda till klarare hud \u00f6ver tid, och det kan ocks\u00e5 hj\u00e4lpa till att f\u00f6rb\u00e4ttra \u00e4rr.<\/p>\n<p>En typisk behandling varar mellan fyra och sex m\u00e5nader. M\u00e5nga m\u00e4nniskor m\u00e4rker att deras hud gradvis f\u00f6rb\u00e4ttras under denna tid. Dock kan isotretinoin orsaka biverkningar. De vanligaste \u00e4r torra l\u00e4ppar, torr hud och k\u00e4nslighet f\u00f6r solljus. Vissa personer kan ocks\u00e5 uppleva n\u00e4sblod, ledv\u00e4rk eller hum\u00f6rf\u00f6r\u00e4ndringar. Eftersom det ocks\u00e5 kan p\u00e5verka levern och kolesterolniv\u00e5erna, beh\u00f6vs vanligtvis regelbundna blodprov eller rekommenderas starkt under behandlingen.<\/p>\n<p>En av de mest allvarliga riskerna \u00e4r att isotretinoin kan orsaka fosterskador om det tas under graviditet. Av denna anledning m\u00e5ste personer som kan bli gravida anv\u00e4nda p\u00e5litlig preventivmedel och ta regelbundna graviditetstester f\u00f6re och under behandlingen. Isotretinoin ordineras endast under medicinsk \u00f6vervakning p\u00e5 grund av dessa m\u00f6jliga biverkningar och risker.<\/p>\n","protected":false},"excerpt":{"rendered":"<ul>\n<li>Potent retinoid f\u00f6r sv\u00e5r, behandlingsresistent akne<\/li>\n<li>Reducerar talgproduktionen och normaliserar hudcellernas oms\u00e4ttning<\/li>\n<li>Ger varaktig f\u00f6rb\u00e4ttring av hudens klarhet och textur<\/li>\n<\/ul>\n","protected":false},"featured_media":950,"comment_status":"open","ping_status":"closed","template":"","meta":[],"product_brand":[],"product_cat":[53],"product_tag":[],"expert":[21],"class_list":{"0":"post-948","1":"product","2":"type-product","3":"status-publish","4":"has-post-thumbnail","6":"product_cat-akne","7":"expert-dr-m-sharoyko","9":"first","10":"instock","11":"shipping-taxable","12":"product-type-variable"},"yoast_head":"<!-- This site is optimized with the Yoast SEO plugin v27.0 - https:\/\/yoast.com\/product\/yoast-seo-wordpress\/ -->\n<title>Isotretinoin | Effektiv Aknebehandling - Transtoyou<\/title>\n<meta name=\"description\" content=\"Isotretinoin, en kraftfull aknel\u00f6sning, minskar oljeproduktionen och bek\u00e4mpar djupa finnar. Finns nu p\u00e5 Transtoyou f\u00f6r klarare hud.\" \/>\n<meta name=\"robots\" content=\"noindex, follow, max-snippet:-1, max-image-preview:large, max-video-preview:-1\" \/>\n<meta property=\"og:locale\" content=\"sv_SE\" \/>\n<meta property=\"og:type\" content=\"article\" \/>\n<meta property=\"og:title\" content=\"Isotretinoin | Effektiv Aknebehandling - Transtoyou\" \/>\n<meta property=\"og:description\" content=\"Isotretinoin, en kraftfull aknel\u00f6sning, minskar oljeproduktionen och bek\u00e4mpar djupa finnar. Finns nu p\u00e5 Transtoyou f\u00f6r klarare hud.\" \/>\n<meta property=\"og:url\" content=\"https:\/\/www.transtoyou.com\/sv\/product\/isotretinoin\/\" \/>\n<meta property=\"og:site_name\" content=\"Transtoyou - SV\" \/>\n<meta property=\"article:modified_time\" content=\"2026-02-26T09:58:32+00:00\" \/>\n<meta name=\"twitter:card\" content=\"summary_large_image\" \/>\n<meta name=\"twitter:label1\" content=\"Ber\u00e4knad l\u00e4stid\" \/>\n\t<meta name=\"twitter:data1\" content=\"1 minut\" \/>\n<script type=\"application\/ld+json\" class=\"yoast-schema-graph\">{\"@context\":\"https:\/\/schema.org\",\"@graph\":[{\"@type\":\"WebPage\",\"@id\":\"https:\/\/www.transtoyou.com\/sv\/product\/isotretinoin\/\",\"url\":\"https:\/\/www.transtoyou.com\/sv\/product\/isotretinoin\/\",\"name\":\"Isotretinoin | Effektiv Aknebehandling - Transtoyou\",\"isPartOf\":{\"@id\":\"https:\/\/www.transtoyou.com\/sv\/#website\"},\"primaryImageOfPage\":{\"@id\":\"https:\/\/www.transtoyou.com\/sv\/product\/isotretinoin\/#primaryimage\"},\"image\":{\"@id\":\"https:\/\/www.transtoyou.com\/sv\/product\/isotretinoin\/#primaryimage\"},\"thumbnailUrl\":\"https:\/\/www.transtoyou.com\/sv\/wp-content\/uploads\/sites\/15\/2026\/01\/tty-no-product-image-160.webp\",\"datePublished\":\"2026-01-25T20:33:33+00:00\",\"dateModified\":\"2026-02-26T09:58:32+00:00\",\"description\":\"Isotretinoin, en kraftfull aknel\u00f6sning, minskar oljeproduktionen och bek\u00e4mpar djupa finnar. Finns nu p\u00e5 Transtoyou f\u00f6r klarare hud.\",\"breadcrumb\":{\"@id\":\"https:\/\/www.transtoyou.com\/sv\/product\/isotretinoin\/#breadcrumb\"},\"inLanguage\":\"sv-SE\",\"potentialAction\":[{\"@type\":\"ReadAction\",\"target\":[\"https:\/\/www.transtoyou.com\/sv\/product\/isotretinoin\/\"]}]},{\"@type\":\"ImageObject\",\"inLanguage\":\"sv-SE\",\"@id\":\"https:\/\/www.transtoyou.com\/sv\/product\/isotretinoin\/#primaryimage\",\"url\":\"https:\/\/www.transtoyou.com\/sv\/wp-content\/uploads\/sites\/15\/2026\/01\/tty-no-product-image-160.webp\",\"contentUrl\":\"https:\/\/www.transtoyou.com\/sv\/wp-content\/uploads\/sites\/15\/2026\/01\/tty-no-product-image-160.webp\",\"width\":1000,\"height\":1000,\"caption\":\"Standard produktbild\"},{\"@type\":\"WebSite\",\"@id\":\"https:\/\/www.transtoyou.com\/sv\/#website\",\"url\":\"https:\/\/www.transtoyou.com\/sv\/\",\"name\":\"Transtoyou - SV\",\"description\":\"\",\"publisher\":{\"@id\":\"https:\/\/www.transtoyou.com\/sv\/#organization\"},\"potentialAction\":[{\"@type\":\"SearchAction\",\"target\":{\"@type\":\"EntryPoint\",\"urlTemplate\":\"https:\/\/www.transtoyou.com\/sv\/?s={search_term_string}\"},\"query-input\":{\"@type\":\"PropertyValueSpecification\",\"valueRequired\":true,\"valueName\":\"search_term_string\"}}],\"inLanguage\":\"sv-SE\"},{\"@type\":\"Organization\",\"@id\":\"https:\/\/www.transtoyou.com\/sv\/#organization\",\"name\":\"Transtoyou - SV\",\"url\":\"https:\/\/www.transtoyou.com\/sv\/\",\"logo\":{\"@type\":\"ImageObject\",\"inLanguage\":\"sv-SE\",\"@id\":\"https:\/\/www.transtoyou.com\/sv\/#\/schema\/logo\/image\/\",\"url\":\"https:\/\/www.transtoyou.com\/sv\/wp-content\/uploads\/sites\/15\/2026\/01\/logo-tty-menu-bar-300x87-1.webp\",\"contentUrl\":\"https:\/\/www.transtoyou.com\/sv\/wp-content\/uploads\/sites\/15\/2026\/01\/logo-tty-menu-bar-300x87-1.webp\",\"width\":300,\"height\":87,\"caption\":\"Transtoyou - SV\"},\"image\":{\"@id\":\"https:\/\/www.transtoyou.com\/sv\/#\/schema\/logo\/image\/\"}}]}<\/script>\n<!-- \/ Yoast SEO plugin. -->","yoast_head_json":{"title":"Isotretinoin | Effektiv Aknebehandling - Transtoyou","description":"Isotretinoin, en kraftfull aknel\u00f6sning, minskar oljeproduktionen och bek\u00e4mpar djupa finnar. Finns nu p\u00e5 Transtoyou f\u00f6r klarare hud.","robots":{"index":"noindex","follow":"follow","max-snippet":"max-snippet:-1","max-image-preview":"max-image-preview:large","max-video-preview":"max-video-preview:-1"},"og_locale":"sv_SE","og_type":"article","og_title":"Isotretinoin | Effektiv Aknebehandling - Transtoyou","og_description":"Isotretinoin, en kraftfull aknel\u00f6sning, minskar oljeproduktionen och bek\u00e4mpar djupa finnar. Finns nu p\u00e5 Transtoyou f\u00f6r klarare hud.","og_url":"https:\/\/www.transtoyou.com\/sv\/product\/isotretinoin\/","og_site_name":"Transtoyou - SV","article_modified_time":"2026-02-26T09:58:32+00:00","twitter_card":"summary_large_image","twitter_misc":{"Ber\u00e4knad l\u00e4stid":"1 minut"},"schema":{"@context":"https:\/\/schema.org","@graph":[{"@type":"WebPage","@id":"https:\/\/www.transtoyou.com\/sv\/product\/isotretinoin\/","url":"https:\/\/www.transtoyou.com\/sv\/product\/isotretinoin\/","name":"Isotretinoin | Effektiv Aknebehandling - Transtoyou","isPartOf":{"@id":"https:\/\/www.transtoyou.com\/sv\/#website"},"primaryImageOfPage":{"@id":"https:\/\/www.transtoyou.com\/sv\/product\/isotretinoin\/#primaryimage"},"image":{"@id":"https:\/\/www.transtoyou.com\/sv\/product\/isotretinoin\/#primaryimage"},"thumbnailUrl":"https:\/\/www.transtoyou.com\/sv\/wp-content\/uploads\/sites\/15\/2026\/01\/tty-no-product-image-160.webp","datePublished":"2026-01-25T20:33:33+00:00","dateModified":"2026-02-26T09:58:32+00:00","description":"Isotretinoin, en kraftfull aknel\u00f6sning, minskar oljeproduktionen och bek\u00e4mpar djupa finnar. Finns nu p\u00e5 Transtoyou f\u00f6r klarare hud.","breadcrumb":{"@id":"https:\/\/www.transtoyou.com\/sv\/product\/isotretinoin\/#breadcrumb"},"inLanguage":"sv-SE","potentialAction":[{"@type":"ReadAction","target":["https:\/\/www.transtoyou.com\/sv\/product\/isotretinoin\/"]}]},{"@type":"ImageObject","inLanguage":"sv-SE","@id":"https:\/\/www.transtoyou.com\/sv\/product\/isotretinoin\/#primaryimage","url":"https:\/\/www.transtoyou.com\/sv\/wp-content\/uploads\/sites\/15\/2026\/01\/tty-no-product-image-160.webp","contentUrl":"https:\/\/www.transtoyou.com\/sv\/wp-content\/uploads\/sites\/15\/2026\/01\/tty-no-product-image-160.webp","width":1000,"height":1000,"caption":"Standard produktbild"},{"@type":"WebSite","@id":"https:\/\/www.transtoyou.com\/sv\/#website","url":"https:\/\/www.transtoyou.com\/sv\/","name":"Transtoyou - SV","description":"","publisher":{"@id":"https:\/\/www.transtoyou.com\/sv\/#organization"},"potentialAction":[{"@type":"SearchAction","target":{"@type":"EntryPoint","urlTemplate":"https:\/\/www.transtoyou.com\/sv\/?s={search_term_string}"},"query-input":{"@type":"PropertyValueSpecification","valueRequired":true,"valueName":"search_term_string"}}],"inLanguage":"sv-SE"},{"@type":"Organization","@id":"https:\/\/www.transtoyou.com\/sv\/#organization","name":"Transtoyou - SV","url":"https:\/\/www.transtoyou.com\/sv\/","logo":{"@type":"ImageObject","inLanguage":"sv-SE","@id":"https:\/\/www.transtoyou.com\/sv\/#\/schema\/logo\/image\/","url":"https:\/\/www.transtoyou.com\/sv\/wp-content\/uploads\/sites\/15\/2026\/01\/logo-tty-menu-bar-300x87-1.webp","contentUrl":"https:\/\/www.transtoyou.com\/sv\/wp-content\/uploads\/sites\/15\/2026\/01\/logo-tty-menu-bar-300x87-1.webp","width":300,"height":87,"caption":"Transtoyou - SV"},"image":{"@id":"https:\/\/www.transtoyou.com\/sv\/#\/schema\/logo\/image\/"}}]}},"_links":{"self":[{"href":"https:\/\/www.transtoyou.com\/sv\/wp-json\/wp\/v2\/product\/948","targetHints":{"allow":["GET"]}}],"collection":[{"href":"https:\/\/www.transtoyou.com\/sv\/wp-json\/wp\/v2\/product"}],"about":[{"href":"https:\/\/www.transtoyou.com\/sv\/wp-json\/wp\/v2\/types\/product"}],"replies":[{"embeddable":true,"href":"https:\/\/www.transtoyou.com\/sv\/wp-json\/wp\/v2\/comments?post=948"}],"wp:featuredmedia":[{"embeddable":true,"href":"https:\/\/www.transtoyou.com\/sv\/wp-json\/wp\/v2\/media\/950"}],"wp:attachment":[{"href":"https:\/\/www.transtoyou.com\/sv\/wp-json\/wp\/v2\/media?parent=948"}],"wp:term":[{"taxonomy":"product_brand","embeddable":true,"href":"https:\/\/www.transtoyou.com\/sv\/wp-json\/wp\/v2\/product_brand?post=948"},{"taxonomy":"product_cat","embeddable":true,"href":"https:\/\/www.transtoyou.com\/sv\/wp-json\/wp\/v2\/product_cat?post=948"},{"taxonomy":"product_tag","embeddable":true,"href":"https:\/\/www.transtoyou.com\/sv\/wp-json\/wp\/v2\/product_tag?post=948"},{"taxonomy":"expert","embeddable":true,"href":"https:\/\/www.transtoyou.com\/sv\/wp-json\/wp\/v2\/expert?post=948"}],"curies":[{"name":"wp","href":"https:\/\/api.w.org\/{rel}","templated":true}]}}