{"id":951,"date":"2026-01-25T20:51:26","date_gmt":"2026-01-25T20:51:26","guid":{"rendered":"https:\/\/www.transtoyou.com\/sv\/product\/diane-35-dianette\/"},"modified":"2026-01-25T20:52:36","modified_gmt":"2026-01-25T20:52:36","slug":"diane-35-dianette","status":"publish","type":"product","link":"https:\/\/www.transtoyou.com\/sv\/product\/diane-35-dianette\/","title":{"rendered":"Diane 35 (Dianette)"},"content":{"rendered":"<p>Diane 35 (\u00e4ven k\u00e4nd som Dianette) \u00e4r ett kombinerat oralt preventivmedel som inneh\u00e5ller b\u00e5de ett \u00f6strogen (etinyloestradiol) och ett anti-androgeniskt gestagen (cyproteronacetat). Det ordineras ofta inte bara f\u00f6r preventivmedel utan ocks\u00e5 f\u00f6r att behandla androgenrelaterade tillst\u00e5nd som akne, \u00f6verdriven ansikts- eller kroppsh\u00e5r (hirsutism) och vissa tecken p\u00e5 hyperandrogenism. Genom att d\u00e4mpa androgeners verkan hj\u00e4lper Diane 35 till att minska talgproduktionen och mildra hudf\u00f6r\u00e4ndringar samtidigt som den hj\u00e4lper till att reglera menstruationscykler.<\/p>\n<p>Anv\u00e4nds det korrekt kan Diane 35 avsev\u00e4rt f\u00f6rb\u00e4ttra utseendet p\u00e5 akneben\u00e4gen hud, vilket ibland g\u00f6r det till ett f\u00f6redraget preventivmedel f\u00f6r individer som \u00f6nskar b\u00e5de preventivmedel och en riktad behandling f\u00f6r akne. Kombinationen av \u00f6strogen och cyproteronacetat verkar p\u00e5 flera punkter, inklusive att d\u00e4mpa \u00e4gglossning, f\u00f6r\u00e4ndra livmoderslemhinnan och f\u00f6rtjocka livmoderhalsens slem. Dessa effekter minskar sannolikheten f\u00f6r graviditet samtidigt som de ocks\u00e5 minskar androgeniska effekter som f\u00f6rv\u00e4rrar akne eller o\u00f6nskad h\u00e5rv\u00e4xt.<\/p>\n<p>Diane 35 tas en g\u00e5ng dagligen i 21 dagar, f\u00f6ljt av en 7-dagars paus under vilken en avbruten bl\u00f6dning vanligtvis intr\u00e4ffar. Det rekommenderas inte f\u00f6r l\u00e5ngsiktig preventivmedel om det inte specifikt ordineras f\u00f6r tillst\u00e5nd som akne eller hirsutism.<\/p>\n","protected":false},"excerpt":{"rendered":"<ul>\n<li>Preventivmedel med anti-androgena f\u00f6rdelar<\/li>\n<li>Minskar akne och o\u00f6nskad h\u00e5rv\u00e4xt<\/li>\n<li>Kombinerar \u00f6strogen och cyproteronacetat<\/li>\n<\/ul>\n","protected":false},"featured_media":953,"comment_status":"open","ping_status":"closed","template":"","meta":[],"product_brand":[],"product_cat":[53,92,117,74],"product_tag":[],"expert":[21],"class_list":{"0":"post-951","1":"product","2":"type-product","3":"status-publish","4":"has-post-thumbnail","6":"product_cat-akne","7":"product_cat-endometrios","8":"product_cat-hirsutism-ansiktshar","9":"product_cat-kombinationspiller","10":"expert-dr-m-sharoyko","12":"first","13":"instock","14":"shipping-taxable","15":"product-type-variable"},"yoast_head":"<!-- This site is optimized with the Yoast SEO plugin v27.0 - https:\/\/yoast.com\/product\/yoast-seo-wordpress\/ -->\n<title>Diane 35 (Dianette) | Acne &amp; Preventivmedel - Transtoyou<\/title>\n<meta name=\"description\" content=\"Diane 35 (Dianette) finns p\u00e5 Transtoyou, kontrollerar akne och o\u00f6nskad h\u00e5rv\u00e4xt, reglerar cykler med kombinerade preventivmedelsf\u00f6rdelar.\" \/>\n<meta name=\"robots\" content=\"noindex, follow, max-snippet:-1, max-image-preview:large, max-video-preview:-1\" \/>\n<meta property=\"og:locale\" content=\"sv_SE\" \/>\n<meta property=\"og:type\" content=\"article\" \/>\n<meta property=\"og:title\" content=\"Diane 35 (Dianette) | Acne &amp; Preventivmedel - Transtoyou\" \/>\n<meta property=\"og:description\" content=\"Diane 35 (Dianette) finns p\u00e5 Transtoyou, kontrollerar akne och o\u00f6nskad h\u00e5rv\u00e4xt, reglerar cykler med kombinerade preventivmedelsf\u00f6rdelar.\" \/>\n<meta property=\"og:url\" content=\"https:\/\/www.transtoyou.com\/sv\/product\/diane-35-dianette\/\" \/>\n<meta property=\"og:site_name\" content=\"Transtoyou - SV\" \/>\n<meta property=\"article:modified_time\" content=\"2026-01-25T20:52:36+00:00\" \/>\n<meta name=\"twitter:card\" content=\"summary_large_image\" \/>\n<meta name=\"twitter:label1\" content=\"Ber\u00e4knad l\u00e4stid\" \/>\n\t<meta name=\"twitter:data1\" content=\"1 minut\" \/>\n<script type=\"application\/ld+json\" class=\"yoast-schema-graph\">{\"@context\":\"https:\/\/schema.org\",\"@graph\":[{\"@type\":\"WebPage\",\"@id\":\"https:\/\/www.transtoyou.com\/sv\/product\/diane-35-dianette\/\",\"url\":\"https:\/\/www.transtoyou.com\/sv\/product\/diane-35-dianette\/\",\"name\":\"Diane 35 (Dianette) | Acne & Preventivmedel - Transtoyou\",\"isPartOf\":{\"@id\":\"https:\/\/www.transtoyou.com\/sv\/#website\"},\"primaryImageOfPage\":{\"@id\":\"https:\/\/www.transtoyou.com\/sv\/product\/diane-35-dianette\/#primaryimage\"},\"image\":{\"@id\":\"https:\/\/www.transtoyou.com\/sv\/product\/diane-35-dianette\/#primaryimage\"},\"thumbnailUrl\":\"https:\/\/www.transtoyou.com\/sv\/wp-content\/uploads\/sites\/15\/2026\/01\/tty-no-product-image-161.webp\",\"datePublished\":\"2026-01-25T20:51:26+00:00\",\"dateModified\":\"2026-01-25T20:52:36+00:00\",\"description\":\"Diane 35 (Dianette) finns p\u00e5 Transtoyou, kontrollerar akne och o\u00f6nskad h\u00e5rv\u00e4xt, reglerar cykler med kombinerade preventivmedelsf\u00f6rdelar.\",\"breadcrumb\":{\"@id\":\"https:\/\/www.transtoyou.com\/sv\/product\/diane-35-dianette\/#breadcrumb\"},\"inLanguage\":\"sv-SE\",\"potentialAction\":[{\"@type\":\"ReadAction\",\"target\":[\"https:\/\/www.transtoyou.com\/sv\/product\/diane-35-dianette\/\"]}]},{\"@type\":\"ImageObject\",\"inLanguage\":\"sv-SE\",\"@id\":\"https:\/\/www.transtoyou.com\/sv\/product\/diane-35-dianette\/#primaryimage\",\"url\":\"https:\/\/www.transtoyou.com\/sv\/wp-content\/uploads\/sites\/15\/2026\/01\/tty-no-product-image-161.webp\",\"contentUrl\":\"https:\/\/www.transtoyou.com\/sv\/wp-content\/uploads\/sites\/15\/2026\/01\/tty-no-product-image-161.webp\",\"width\":1000,\"height\":1000,\"caption\":\"Standardproduktbild\"},{\"@type\":\"WebSite\",\"@id\":\"https:\/\/www.transtoyou.com\/sv\/#website\",\"url\":\"https:\/\/www.transtoyou.com\/sv\/\",\"name\":\"Transtoyou - SV\",\"description\":\"\",\"publisher\":{\"@id\":\"https:\/\/www.transtoyou.com\/sv\/#organization\"},\"potentialAction\":[{\"@type\":\"SearchAction\",\"target\":{\"@type\":\"EntryPoint\",\"urlTemplate\":\"https:\/\/www.transtoyou.com\/sv\/?s={search_term_string}\"},\"query-input\":{\"@type\":\"PropertyValueSpecification\",\"valueRequired\":true,\"valueName\":\"search_term_string\"}}],\"inLanguage\":\"sv-SE\"},{\"@type\":\"Organization\",\"@id\":\"https:\/\/www.transtoyou.com\/sv\/#organization\",\"name\":\"Transtoyou - SV\",\"url\":\"https:\/\/www.transtoyou.com\/sv\/\",\"logo\":{\"@type\":\"ImageObject\",\"inLanguage\":\"sv-SE\",\"@id\":\"https:\/\/www.transtoyou.com\/sv\/#\/schema\/logo\/image\/\",\"url\":\"https:\/\/www.transtoyou.com\/sv\/wp-content\/uploads\/sites\/15\/2026\/01\/logo-tty-menu-bar-300x87-1.webp\",\"contentUrl\":\"https:\/\/www.transtoyou.com\/sv\/wp-content\/uploads\/sites\/15\/2026\/01\/logo-tty-menu-bar-300x87-1.webp\",\"width\":300,\"height\":87,\"caption\":\"Transtoyou - SV\"},\"image\":{\"@id\":\"https:\/\/www.transtoyou.com\/sv\/#\/schema\/logo\/image\/\"}}]}<\/script>\n<!-- \/ Yoast SEO plugin. -->","yoast_head_json":{"title":"Diane 35 (Dianette) | Acne & Preventivmedel - Transtoyou","description":"Diane 35 (Dianette) finns p\u00e5 Transtoyou, kontrollerar akne och o\u00f6nskad h\u00e5rv\u00e4xt, reglerar cykler med kombinerade preventivmedelsf\u00f6rdelar.","robots":{"index":"noindex","follow":"follow","max-snippet":"max-snippet:-1","max-image-preview":"max-image-preview:large","max-video-preview":"max-video-preview:-1"},"og_locale":"sv_SE","og_type":"article","og_title":"Diane 35 (Dianette) | Acne & Preventivmedel - Transtoyou","og_description":"Diane 35 (Dianette) finns p\u00e5 Transtoyou, kontrollerar akne och o\u00f6nskad h\u00e5rv\u00e4xt, reglerar cykler med kombinerade preventivmedelsf\u00f6rdelar.","og_url":"https:\/\/www.transtoyou.com\/sv\/product\/diane-35-dianette\/","og_site_name":"Transtoyou - SV","article_modified_time":"2026-01-25T20:52:36+00:00","twitter_card":"summary_large_image","twitter_misc":{"Ber\u00e4knad l\u00e4stid":"1 minut"},"schema":{"@context":"https:\/\/schema.org","@graph":[{"@type":"WebPage","@id":"https:\/\/www.transtoyou.com\/sv\/product\/diane-35-dianette\/","url":"https:\/\/www.transtoyou.com\/sv\/product\/diane-35-dianette\/","name":"Diane 35 (Dianette) | Acne & Preventivmedel - Transtoyou","isPartOf":{"@id":"https:\/\/www.transtoyou.com\/sv\/#website"},"primaryImageOfPage":{"@id":"https:\/\/www.transtoyou.com\/sv\/product\/diane-35-dianette\/#primaryimage"},"image":{"@id":"https:\/\/www.transtoyou.com\/sv\/product\/diane-35-dianette\/#primaryimage"},"thumbnailUrl":"https:\/\/www.transtoyou.com\/sv\/wp-content\/uploads\/sites\/15\/2026\/01\/tty-no-product-image-161.webp","datePublished":"2026-01-25T20:51:26+00:00","dateModified":"2026-01-25T20:52:36+00:00","description":"Diane 35 (Dianette) finns p\u00e5 Transtoyou, kontrollerar akne och o\u00f6nskad h\u00e5rv\u00e4xt, reglerar cykler med kombinerade preventivmedelsf\u00f6rdelar.","breadcrumb":{"@id":"https:\/\/www.transtoyou.com\/sv\/product\/diane-35-dianette\/#breadcrumb"},"inLanguage":"sv-SE","potentialAction":[{"@type":"ReadAction","target":["https:\/\/www.transtoyou.com\/sv\/product\/diane-35-dianette\/"]}]},{"@type":"ImageObject","inLanguage":"sv-SE","@id":"https:\/\/www.transtoyou.com\/sv\/product\/diane-35-dianette\/#primaryimage","url":"https:\/\/www.transtoyou.com\/sv\/wp-content\/uploads\/sites\/15\/2026\/01\/tty-no-product-image-161.webp","contentUrl":"https:\/\/www.transtoyou.com\/sv\/wp-content\/uploads\/sites\/15\/2026\/01\/tty-no-product-image-161.webp","width":1000,"height":1000,"caption":"Standardproduktbild"},{"@type":"WebSite","@id":"https:\/\/www.transtoyou.com\/sv\/#website","url":"https:\/\/www.transtoyou.com\/sv\/","name":"Transtoyou - SV","description":"","publisher":{"@id":"https:\/\/www.transtoyou.com\/sv\/#organization"},"potentialAction":[{"@type":"SearchAction","target":{"@type":"EntryPoint","urlTemplate":"https:\/\/www.transtoyou.com\/sv\/?s={search_term_string}"},"query-input":{"@type":"PropertyValueSpecification","valueRequired":true,"valueName":"search_term_string"}}],"inLanguage":"sv-SE"},{"@type":"Organization","@id":"https:\/\/www.transtoyou.com\/sv\/#organization","name":"Transtoyou - SV","url":"https:\/\/www.transtoyou.com\/sv\/","logo":{"@type":"ImageObject","inLanguage":"sv-SE","@id":"https:\/\/www.transtoyou.com\/sv\/#\/schema\/logo\/image\/","url":"https:\/\/www.transtoyou.com\/sv\/wp-content\/uploads\/sites\/15\/2026\/01\/logo-tty-menu-bar-300x87-1.webp","contentUrl":"https:\/\/www.transtoyou.com\/sv\/wp-content\/uploads\/sites\/15\/2026\/01\/logo-tty-menu-bar-300x87-1.webp","width":300,"height":87,"caption":"Transtoyou - SV"},"image":{"@id":"https:\/\/www.transtoyou.com\/sv\/#\/schema\/logo\/image\/"}}]}},"_links":{"self":[{"href":"https:\/\/www.transtoyou.com\/sv\/wp-json\/wp\/v2\/product\/951","targetHints":{"allow":["GET"]}}],"collection":[{"href":"https:\/\/www.transtoyou.com\/sv\/wp-json\/wp\/v2\/product"}],"about":[{"href":"https:\/\/www.transtoyou.com\/sv\/wp-json\/wp\/v2\/types\/product"}],"replies":[{"embeddable":true,"href":"https:\/\/www.transtoyou.com\/sv\/wp-json\/wp\/v2\/comments?post=951"}],"wp:featuredmedia":[{"embeddable":true,"href":"https:\/\/www.transtoyou.com\/sv\/wp-json\/wp\/v2\/media\/953"}],"wp:attachment":[{"href":"https:\/\/www.transtoyou.com\/sv\/wp-json\/wp\/v2\/media?parent=951"}],"wp:term":[{"taxonomy":"product_brand","embeddable":true,"href":"https:\/\/www.transtoyou.com\/sv\/wp-json\/wp\/v2\/product_brand?post=951"},{"taxonomy":"product_cat","embeddable":true,"href":"https:\/\/www.transtoyou.com\/sv\/wp-json\/wp\/v2\/product_cat?post=951"},{"taxonomy":"product_tag","embeddable":true,"href":"https:\/\/www.transtoyou.com\/sv\/wp-json\/wp\/v2\/product_tag?post=951"},{"taxonomy":"expert","embeddable":true,"href":"https:\/\/www.transtoyou.com\/sv\/wp-json\/wp\/v2\/expert?post=951"}],"curies":[{"name":"wp","href":"https:\/\/api.w.org\/{rel}","templated":true}]}}