{"id":966,"date":"2026-01-25T22:19:19","date_gmt":"2026-01-25T22:19:19","guid":{"rendered":"https:\/\/www.transtoyou.com\/sv\/product\/propecia\/"},"modified":"2026-03-01T14:33:16","modified_gmt":"2026-03-01T14:33:16","slug":"propecia","status":"publish","type":"product","link":"https:\/\/www.transtoyou.com\/sv\/product\/propecia\/","title":{"rendered":"Propecia"},"content":{"rendered":"<p>Propecia \u00e4r en medicin som anv\u00e4nds f\u00f6r att behandla manligt h\u00e5ravfall, \u00e4ven k\u00e4nt som androgenetisk alopeci, hos vuxna m\u00e4n. Den inneh\u00e5ller den aktiva ingrediensen finasterid, som tillh\u00f6r en grupp l\u00e4kemedel som kallas 5\u03b1-reduktash\u00e4mmare.<\/p>\n<p>Propecia verkar genom att rikta in sig p\u00e5 ett specifikt enzym i kroppen som kallas typ II 5\u03b1-reduktas. Detta enzym \u00e4r ansvarigt f\u00f6r att omvandla testosteron till dihydrotestosteron (DHT), ett hormon kopplat till h\u00e5ravfall hos m\u00e4n som \u00e4r genetiskt mottagliga. Genom att blockera detta enzym s\u00e4nker Propecia niv\u00e5erna av DHT i h\u00e5rbotten och blodet, vilket hj\u00e4lper till att bromsa h\u00e5ravfallet och kan till och med uppmuntra ny h\u00e5rv\u00e4xt hos vissa m\u00e4n.<\/p>\n<p>Propecia anv\u00e4nds specifikt f\u00f6r att behandla manligt h\u00e5ravfall, s\u00e4rskilt p\u00e5 kronan (toppen) och den mellersta fronten av h\u00e5rbotten. Den \u00e4r inte avsedd f\u00f6r anv\u00e4ndning hos kvinnor eller barn och \u00e4r inte effektiv f\u00f6r andra typer av h\u00e5ravfall.<\/p>\n<p>Genom att minska DHT-niv\u00e5erna hj\u00e4lper Propecia till att f\u00f6rhindra att h\u00e5rs\u00e4ckarna krymper (miniaturisering), vilket \u00e4r den fr\u00e4msta orsaken till tunnare h\u00e5r och skallighet vid manligt h\u00e5ravfall. Denna \u00e5tg\u00e4rd g\u00f6r att h\u00e5rs\u00e4ckarna kan f\u00f6rbli friska l\u00e4ngre, vilket bibeh\u00e5ller h\u00e5rdensiteten och ibland fr\u00e4mjar \u00e5terv\u00e4xt av h\u00e5r som nyligen har f\u00f6rlorats.<\/p>\n<p>Den st\u00f6rsta f\u00f6rdelen med Propecia \u00e4r dess f\u00f6rm\u00e5ga att bromsa eller stoppa h\u00e5ravfall hos m\u00e4n med manlig skallighet. M\u00e5nga m\u00e4n m\u00e4rker att deras h\u00e5ravfall saktar ner efter cirka tre m\u00e5naders konsekvent anv\u00e4ndning, med vissa som upplever tjockare h\u00e5r eller \u00e5terv\u00e4xt, s\u00e4rskilt p\u00e5 kronan av huvudet. Effekterna varar s\u00e5 l\u00e4nge medicinen tas regelbundet. Propecia tas som en tablett en g\u00e5ng om dagen, vilket g\u00f6r den bekv\u00e4m att anv\u00e4nda. Den tolereras generellt v\u00e4l, med de flesta m\u00e4n som upplever f\u00e5 biverkningar. Men om medicinen stoppas, f\u00f6rloras vanligtvis allt h\u00e5r som har vunnits eller bibeh\u00e5llits inom ett \u00e5r.<\/p>\n","protected":false},"excerpt":{"rendered":"<ul>\n<li>F\u00f6rhindrar och bromsar h\u00e5ravfall<\/li>\n<li>Fr\u00e4mjar h\u00e5r\u00e5terv\u00e4xt hos m\u00e4n<\/li>\n<li>Praktisk eng\u00e5ngstablett per dag<\/li>\n<\/ul>\n","protected":false},"featured_media":968,"comment_status":"open","ping_status":"closed","template":"","meta":[],"product_brand":[],"product_cat":[108],"product_tag":[],"expert":[18],"class_list":{"0":"post-966","1":"product","2":"type-product","3":"status-publish","4":"has-post-thumbnail","6":"product_cat-haravfallslosningar","7":"expert-dr-g-varbanov","9":"first","10":"instock","11":"shipping-taxable","12":"product-type-variable"},"yoast_head":"<!-- This site is optimized with the Yoast SEO plugin v27.0 - https:\/\/yoast.com\/product\/yoast-seo-wordpress\/ -->\n<title>Propecia | Effektiv l\u00f6sning f\u00f6r h\u00e5ravfall - Transtoyou<\/title>\n<meta name=\"description\" content=\"Uppt\u00e4ck Propecia f\u00f6r behandling av manligt h\u00e5ravfall p\u00e5 Transtoyou. Best\u00e4ll online idag och f\u00e5 tillg\u00e5ng till kliniskt godk\u00e4nda l\u00f6sningar.\" \/>\n<meta name=\"robots\" content=\"noindex, follow, max-snippet:-1, max-image-preview:large, max-video-preview:-1\" \/>\n<meta property=\"og:locale\" content=\"sv_SE\" \/>\n<meta property=\"og:type\" content=\"article\" \/>\n<meta property=\"og:title\" content=\"Propecia | Effektiv l\u00f6sning f\u00f6r h\u00e5ravfall - Transtoyou\" \/>\n<meta property=\"og:description\" content=\"Uppt\u00e4ck Propecia f\u00f6r behandling av manligt h\u00e5ravfall p\u00e5 Transtoyou. Best\u00e4ll online idag och f\u00e5 tillg\u00e5ng till kliniskt godk\u00e4nda l\u00f6sningar.\" \/>\n<meta property=\"og:url\" content=\"https:\/\/www.transtoyou.com\/sv\/product\/propecia\/\" \/>\n<meta property=\"og:site_name\" content=\"Transtoyou - SV\" \/>\n<meta property=\"article:modified_time\" content=\"2026-03-01T14:33:16+00:00\" \/>\n<meta name=\"twitter:card\" content=\"summary_large_image\" \/>\n<meta name=\"twitter:label1\" content=\"Ber\u00e4knad l\u00e4stid\" \/>\n\t<meta name=\"twitter:data1\" content=\"2 minuter\" \/>\n<script type=\"application\/ld+json\" class=\"yoast-schema-graph\">{\"@context\":\"https:\/\/schema.org\",\"@graph\":[{\"@type\":\"WebPage\",\"@id\":\"https:\/\/www.transtoyou.com\/sv\/product\/propecia\/\",\"url\":\"https:\/\/www.transtoyou.com\/sv\/product\/propecia\/\",\"name\":\"Propecia | Effektiv l\u00f6sning f\u00f6r h\u00e5ravfall - Transtoyou\",\"isPartOf\":{\"@id\":\"https:\/\/www.transtoyou.com\/sv\/#website\"},\"primaryImageOfPage\":{\"@id\":\"https:\/\/www.transtoyou.com\/sv\/product\/propecia\/#primaryimage\"},\"image\":{\"@id\":\"https:\/\/www.transtoyou.com\/sv\/product\/propecia\/#primaryimage\"},\"thumbnailUrl\":\"https:\/\/www.transtoyou.com\/sv\/wp-content\/uploads\/sites\/15\/2026\/01\/tty-no-product-image-166.webp\",\"datePublished\":\"2026-01-25T22:19:19+00:00\",\"dateModified\":\"2026-03-01T14:33:16+00:00\",\"description\":\"Uppt\u00e4ck Propecia f\u00f6r behandling av manligt h\u00e5ravfall p\u00e5 Transtoyou. Best\u00e4ll online idag och f\u00e5 tillg\u00e5ng till kliniskt godk\u00e4nda l\u00f6sningar.\",\"breadcrumb\":{\"@id\":\"https:\/\/www.transtoyou.com\/sv\/product\/propecia\/#breadcrumb\"},\"inLanguage\":\"sv-SE\",\"potentialAction\":[{\"@type\":\"ReadAction\",\"target\":[\"https:\/\/www.transtoyou.com\/sv\/product\/propecia\/\"]}]},{\"@type\":\"ImageObject\",\"inLanguage\":\"sv-SE\",\"@id\":\"https:\/\/www.transtoyou.com\/sv\/product\/propecia\/#primaryimage\",\"url\":\"https:\/\/www.transtoyou.com\/sv\/wp-content\/uploads\/sites\/15\/2026\/01\/tty-no-product-image-166.webp\",\"contentUrl\":\"https:\/\/www.transtoyou.com\/sv\/wp-content\/uploads\/sites\/15\/2026\/01\/tty-no-product-image-166.webp\",\"width\":1000,\"height\":1000,\"caption\":\"Standard produktbild\"},{\"@type\":\"WebSite\",\"@id\":\"https:\/\/www.transtoyou.com\/sv\/#website\",\"url\":\"https:\/\/www.transtoyou.com\/sv\/\",\"name\":\"Transtoyou - SV\",\"description\":\"\",\"publisher\":{\"@id\":\"https:\/\/www.transtoyou.com\/sv\/#organization\"},\"potentialAction\":[{\"@type\":\"SearchAction\",\"target\":{\"@type\":\"EntryPoint\",\"urlTemplate\":\"https:\/\/www.transtoyou.com\/sv\/?s={search_term_string}\"},\"query-input\":{\"@type\":\"PropertyValueSpecification\",\"valueRequired\":true,\"valueName\":\"search_term_string\"}}],\"inLanguage\":\"sv-SE\"},{\"@type\":\"Organization\",\"@id\":\"https:\/\/www.transtoyou.com\/sv\/#organization\",\"name\":\"Transtoyou - SV\",\"url\":\"https:\/\/www.transtoyou.com\/sv\/\",\"logo\":{\"@type\":\"ImageObject\",\"inLanguage\":\"sv-SE\",\"@id\":\"https:\/\/www.transtoyou.com\/sv\/#\/schema\/logo\/image\/\",\"url\":\"https:\/\/www.transtoyou.com\/sv\/wp-content\/uploads\/sites\/15\/2026\/01\/logo-tty-menu-bar-300x87-1.webp\",\"contentUrl\":\"https:\/\/www.transtoyou.com\/sv\/wp-content\/uploads\/sites\/15\/2026\/01\/logo-tty-menu-bar-300x87-1.webp\",\"width\":300,\"height\":87,\"caption\":\"Transtoyou - SV\"},\"image\":{\"@id\":\"https:\/\/www.transtoyou.com\/sv\/#\/schema\/logo\/image\/\"}}]}<\/script>\n<!-- \/ Yoast SEO plugin. -->","yoast_head_json":{"title":"Propecia | Effektiv l\u00f6sning f\u00f6r h\u00e5ravfall - Transtoyou","description":"Uppt\u00e4ck Propecia f\u00f6r behandling av manligt h\u00e5ravfall p\u00e5 Transtoyou. Best\u00e4ll online idag och f\u00e5 tillg\u00e5ng till kliniskt godk\u00e4nda l\u00f6sningar.","robots":{"index":"noindex","follow":"follow","max-snippet":"max-snippet:-1","max-image-preview":"max-image-preview:large","max-video-preview":"max-video-preview:-1"},"og_locale":"sv_SE","og_type":"article","og_title":"Propecia | Effektiv l\u00f6sning f\u00f6r h\u00e5ravfall - Transtoyou","og_description":"Uppt\u00e4ck Propecia f\u00f6r behandling av manligt h\u00e5ravfall p\u00e5 Transtoyou. Best\u00e4ll online idag och f\u00e5 tillg\u00e5ng till kliniskt godk\u00e4nda l\u00f6sningar.","og_url":"https:\/\/www.transtoyou.com\/sv\/product\/propecia\/","og_site_name":"Transtoyou - SV","article_modified_time":"2026-03-01T14:33:16+00:00","twitter_card":"summary_large_image","twitter_misc":{"Ber\u00e4knad l\u00e4stid":"2 minuter"},"schema":{"@context":"https:\/\/schema.org","@graph":[{"@type":"WebPage","@id":"https:\/\/www.transtoyou.com\/sv\/product\/propecia\/","url":"https:\/\/www.transtoyou.com\/sv\/product\/propecia\/","name":"Propecia | Effektiv l\u00f6sning f\u00f6r h\u00e5ravfall - Transtoyou","isPartOf":{"@id":"https:\/\/www.transtoyou.com\/sv\/#website"},"primaryImageOfPage":{"@id":"https:\/\/www.transtoyou.com\/sv\/product\/propecia\/#primaryimage"},"image":{"@id":"https:\/\/www.transtoyou.com\/sv\/product\/propecia\/#primaryimage"},"thumbnailUrl":"https:\/\/www.transtoyou.com\/sv\/wp-content\/uploads\/sites\/15\/2026\/01\/tty-no-product-image-166.webp","datePublished":"2026-01-25T22:19:19+00:00","dateModified":"2026-03-01T14:33:16+00:00","description":"Uppt\u00e4ck Propecia f\u00f6r behandling av manligt h\u00e5ravfall p\u00e5 Transtoyou. Best\u00e4ll online idag och f\u00e5 tillg\u00e5ng till kliniskt godk\u00e4nda l\u00f6sningar.","breadcrumb":{"@id":"https:\/\/www.transtoyou.com\/sv\/product\/propecia\/#breadcrumb"},"inLanguage":"sv-SE","potentialAction":[{"@type":"ReadAction","target":["https:\/\/www.transtoyou.com\/sv\/product\/propecia\/"]}]},{"@type":"ImageObject","inLanguage":"sv-SE","@id":"https:\/\/www.transtoyou.com\/sv\/product\/propecia\/#primaryimage","url":"https:\/\/www.transtoyou.com\/sv\/wp-content\/uploads\/sites\/15\/2026\/01\/tty-no-product-image-166.webp","contentUrl":"https:\/\/www.transtoyou.com\/sv\/wp-content\/uploads\/sites\/15\/2026\/01\/tty-no-product-image-166.webp","width":1000,"height":1000,"caption":"Standard produktbild"},{"@type":"WebSite","@id":"https:\/\/www.transtoyou.com\/sv\/#website","url":"https:\/\/www.transtoyou.com\/sv\/","name":"Transtoyou - SV","description":"","publisher":{"@id":"https:\/\/www.transtoyou.com\/sv\/#organization"},"potentialAction":[{"@type":"SearchAction","target":{"@type":"EntryPoint","urlTemplate":"https:\/\/www.transtoyou.com\/sv\/?s={search_term_string}"},"query-input":{"@type":"PropertyValueSpecification","valueRequired":true,"valueName":"search_term_string"}}],"inLanguage":"sv-SE"},{"@type":"Organization","@id":"https:\/\/www.transtoyou.com\/sv\/#organization","name":"Transtoyou - SV","url":"https:\/\/www.transtoyou.com\/sv\/","logo":{"@type":"ImageObject","inLanguage":"sv-SE","@id":"https:\/\/www.transtoyou.com\/sv\/#\/schema\/logo\/image\/","url":"https:\/\/www.transtoyou.com\/sv\/wp-content\/uploads\/sites\/15\/2026\/01\/logo-tty-menu-bar-300x87-1.webp","contentUrl":"https:\/\/www.transtoyou.com\/sv\/wp-content\/uploads\/sites\/15\/2026\/01\/logo-tty-menu-bar-300x87-1.webp","width":300,"height":87,"caption":"Transtoyou - SV"},"image":{"@id":"https:\/\/www.transtoyou.com\/sv\/#\/schema\/logo\/image\/"}}]}},"_links":{"self":[{"href":"https:\/\/www.transtoyou.com\/sv\/wp-json\/wp\/v2\/product\/966","targetHints":{"allow":["GET"]}}],"collection":[{"href":"https:\/\/www.transtoyou.com\/sv\/wp-json\/wp\/v2\/product"}],"about":[{"href":"https:\/\/www.transtoyou.com\/sv\/wp-json\/wp\/v2\/types\/product"}],"replies":[{"embeddable":true,"href":"https:\/\/www.transtoyou.com\/sv\/wp-json\/wp\/v2\/comments?post=966"}],"wp:featuredmedia":[{"embeddable":true,"href":"https:\/\/www.transtoyou.com\/sv\/wp-json\/wp\/v2\/media\/968"}],"wp:attachment":[{"href":"https:\/\/www.transtoyou.com\/sv\/wp-json\/wp\/v2\/media?parent=966"}],"wp:term":[{"taxonomy":"product_brand","embeddable":true,"href":"https:\/\/www.transtoyou.com\/sv\/wp-json\/wp\/v2\/product_brand?post=966"},{"taxonomy":"product_cat","embeddable":true,"href":"https:\/\/www.transtoyou.com\/sv\/wp-json\/wp\/v2\/product_cat?post=966"},{"taxonomy":"product_tag","embeddable":true,"href":"https:\/\/www.transtoyou.com\/sv\/wp-json\/wp\/v2\/product_tag?post=966"},{"taxonomy":"expert","embeddable":true,"href":"https:\/\/www.transtoyou.com\/sv\/wp-json\/wp\/v2\/expert?post=966"}],"curies":[{"name":"wp","href":"https:\/\/api.w.org\/{rel}","templated":true}]}}