{"id":969,"date":"2026-01-25T22:33:52","date_gmt":"2026-01-25T22:33:52","guid":{"rendered":"https:\/\/www.transtoyou.com\/sv\/product\/condyline-condylox\/"},"modified":"2026-01-25T22:34:43","modified_gmt":"2026-01-25T22:34:43","slug":"condyline-condylox","status":"publish","type":"product","link":"https:\/\/www.transtoyou.com\/sv\/product\/condyline-condylox\/","title":{"rendered":"Condyline (Condylox)"},"content":{"rendered":"<p>Condyline inneh\u00e5ller podofyllotoxin, en v\u00e4xtbaserad f\u00f6rening som fungerar som ett cytotoxiskt medel (d\u00f6dar o\u00f6nskade celler). Det verkar genom att h\u00e4mma celldelning och DNA-syntes (stoppar v\u00e5rtceller fr\u00e5n att v\u00e4xa och f\u00f6r\u00f6ka sig). Podofyllotoxin binder till ett protein som kallas tubulin, vilket f\u00f6rhindrar bildandet av mikrotubuli, vilket g\u00f6r att v\u00e5rtceller d\u00f6r.<\/p>\n<p>Denna medicin anv\u00e4nds f\u00f6r att behandla k\u00f6nsv\u00e5rtor p\u00e5 de yttre k\u00f6nsorganen. Den hj\u00e4lper kroppen att bli av med v\u00e5rtorna \u00f6ver tid genom att angripa endast den onormala huden, inte den friska omgivande huden.<\/p>\n<p>Condyline appliceras direkt p\u00e5 v\u00e5rtorna, vanligtvis tv\u00e5 g\u00e5nger om dagen i tre dagar, f\u00f6ljt av en paus p\u00e5 fyra dagar. Denna enveckorscykel kan upprepas i upp till fyra veckor, beroende p\u00e5 hur v\u00e4l v\u00e5rtorna svarar.<\/p>\n<p>Den st\u00f6rsta f\u00f6rdelen med Condyline \u00e4r att det \u00e4r en icke-invasiv behandling (ingen kirurgi eller frysning kr\u00e4vs). Det \u00e4r enkelt att anv\u00e4nda hemma men m\u00e5ste appliceras mycket f\u00f6rsiktigt, eftersom det kan orsaka hudirritation eller s\u00e5r om f\u00f6r mycket anv\u00e4nds eller om det appliceras p\u00e5 frisk hud.<\/p>\n<p>Genom att stoppa v\u00e5rtceller fr\u00e5n att v\u00e4xa och hj\u00e4lpa dem att brytas ner, st\u00f6der Condyline din kropp i att rensa HPV-relaterade hudlesioner.<\/p>\n","protected":false},"excerpt":{"rendered":"<ul>\n<li>Riktar sig mot k\u00f6nsv\u00e5rtsv\u00e4vnad<\/li>\n<li>Stoppar v\u00e5rtcells tillv\u00e4xt<\/li>\n<li>F\u00f6r kortvarig lokal behandling<\/li>\n<\/ul>\n","protected":false},"featured_media":970,"comment_status":"open","ping_status":"closed","template":"","meta":[],"product_brand":[],"product_cat":[104,156],"product_tag":[],"expert":[17],"class_list":{"0":"post-969","1":"product","2":"type-product","3":"status-publish","4":"has-post-thumbnail","6":"product_cat-konsvartor","7":"product_cat-vartor","8":"expert-dr-c-munoz-parada","10":"first","11":"instock","12":"shipping-taxable","13":"product-type-simple"},"yoast_head":"<!-- This site is optimized with the Yoast SEO plugin v27.0 - https:\/\/yoast.com\/product\/yoast-seo-wordpress\/ -->\n<title>Condyline (Condylox) - Effektiv V\u00e5rtborttagning | Transtoyou<\/title>\n<meta name=\"description\" content=\"Condyline (Condylox) f\u00f6r genitala v\u00e5rtor. Best\u00e4ll online p\u00e5 Transtoyou. Effektiv och enkel att anv\u00e4nda hemma. B\u00f6rja behandlingen idag, tillg\u00e4nglig nu.\" \/>\n<meta name=\"robots\" content=\"noindex, follow, max-snippet:-1, max-image-preview:large, max-video-preview:-1\" \/>\n<meta property=\"og:locale\" content=\"sv_SE\" \/>\n<meta property=\"og:type\" content=\"article\" \/>\n<meta property=\"og:title\" content=\"Condyline (Condylox) - Effektiv V\u00e5rtborttagning | Transtoyou\" \/>\n<meta property=\"og:description\" content=\"Condyline (Condylox) f\u00f6r genitala v\u00e5rtor. Best\u00e4ll online p\u00e5 Transtoyou. Effektiv och enkel att anv\u00e4nda hemma. B\u00f6rja behandlingen idag, tillg\u00e4nglig nu.\" \/>\n<meta property=\"og:url\" content=\"https:\/\/www.transtoyou.com\/sv\/product\/condyline-condylox\/\" \/>\n<meta property=\"og:site_name\" content=\"Transtoyou - SV\" \/>\n<meta property=\"article:modified_time\" content=\"2026-01-25T22:34:43+00:00\" \/>\n<meta name=\"twitter:card\" content=\"summary_large_image\" \/>\n<meta name=\"twitter:label1\" content=\"Ber\u00e4knad l\u00e4stid\" \/>\n\t<meta name=\"twitter:data1\" content=\"1 minut\" \/>\n<script type=\"application\/ld+json\" class=\"yoast-schema-graph\">{\"@context\":\"https:\/\/schema.org\",\"@graph\":[{\"@type\":\"WebPage\",\"@id\":\"https:\/\/www.transtoyou.com\/sv\/product\/condyline-condylox\/\",\"url\":\"https:\/\/www.transtoyou.com\/sv\/product\/condyline-condylox\/\",\"name\":\"Condyline (Condylox) - Effektiv V\u00e5rtborttagning | Transtoyou\",\"isPartOf\":{\"@id\":\"https:\/\/www.transtoyou.com\/sv\/#website\"},\"primaryImageOfPage\":{\"@id\":\"https:\/\/www.transtoyou.com\/sv\/product\/condyline-condylox\/#primaryimage\"},\"image\":{\"@id\":\"https:\/\/www.transtoyou.com\/sv\/product\/condyline-condylox\/#primaryimage\"},\"thumbnailUrl\":\"https:\/\/www.transtoyou.com\/sv\/wp-content\/uploads\/sites\/15\/2026\/01\/tty-no-product-image-167.webp\",\"datePublished\":\"2026-01-25T22:33:52+00:00\",\"dateModified\":\"2026-01-25T22:34:43+00:00\",\"description\":\"Condyline (Condylox) f\u00f6r genitala v\u00e5rtor. Best\u00e4ll online p\u00e5 Transtoyou. Effektiv och enkel att anv\u00e4nda hemma. B\u00f6rja behandlingen idag, tillg\u00e4nglig nu.\",\"breadcrumb\":{\"@id\":\"https:\/\/www.transtoyou.com\/sv\/product\/condyline-condylox\/#breadcrumb\"},\"inLanguage\":\"sv-SE\",\"potentialAction\":[{\"@type\":\"ReadAction\",\"target\":[\"https:\/\/www.transtoyou.com\/sv\/product\/condyline-condylox\/\"]}]},{\"@type\":\"ImageObject\",\"inLanguage\":\"sv-SE\",\"@id\":\"https:\/\/www.transtoyou.com\/sv\/product\/condyline-condylox\/#primaryimage\",\"url\":\"https:\/\/www.transtoyou.com\/sv\/wp-content\/uploads\/sites\/15\/2026\/01\/tty-no-product-image-167.webp\",\"contentUrl\":\"https:\/\/www.transtoyou.com\/sv\/wp-content\/uploads\/sites\/15\/2026\/01\/tty-no-product-image-167.webp\",\"width\":1000,\"height\":1000,\"caption\":\"Standard produktbild\"},{\"@type\":\"WebSite\",\"@id\":\"https:\/\/www.transtoyou.com\/sv\/#website\",\"url\":\"https:\/\/www.transtoyou.com\/sv\/\",\"name\":\"Transtoyou - SV\",\"description\":\"\",\"publisher\":{\"@id\":\"https:\/\/www.transtoyou.com\/sv\/#organization\"},\"potentialAction\":[{\"@type\":\"SearchAction\",\"target\":{\"@type\":\"EntryPoint\",\"urlTemplate\":\"https:\/\/www.transtoyou.com\/sv\/?s={search_term_string}\"},\"query-input\":{\"@type\":\"PropertyValueSpecification\",\"valueRequired\":true,\"valueName\":\"search_term_string\"}}],\"inLanguage\":\"sv-SE\"},{\"@type\":\"Organization\",\"@id\":\"https:\/\/www.transtoyou.com\/sv\/#organization\",\"name\":\"Transtoyou - SV\",\"url\":\"https:\/\/www.transtoyou.com\/sv\/\",\"logo\":{\"@type\":\"ImageObject\",\"inLanguage\":\"sv-SE\",\"@id\":\"https:\/\/www.transtoyou.com\/sv\/#\/schema\/logo\/image\/\",\"url\":\"https:\/\/www.transtoyou.com\/sv\/wp-content\/uploads\/sites\/15\/2026\/01\/logo-tty-menu-bar-300x87-1.webp\",\"contentUrl\":\"https:\/\/www.transtoyou.com\/sv\/wp-content\/uploads\/sites\/15\/2026\/01\/logo-tty-menu-bar-300x87-1.webp\",\"width\":300,\"height\":87,\"caption\":\"Transtoyou - SV\"},\"image\":{\"@id\":\"https:\/\/www.transtoyou.com\/sv\/#\/schema\/logo\/image\/\"}}]}<\/script>\n<!-- \/ Yoast SEO plugin. -->","yoast_head_json":{"title":"Condyline (Condylox) - Effektiv V\u00e5rtborttagning | Transtoyou","description":"Condyline (Condylox) f\u00f6r genitala v\u00e5rtor. Best\u00e4ll online p\u00e5 Transtoyou. Effektiv och enkel att anv\u00e4nda hemma. B\u00f6rja behandlingen idag, tillg\u00e4nglig nu.","robots":{"index":"noindex","follow":"follow","max-snippet":"max-snippet:-1","max-image-preview":"max-image-preview:large","max-video-preview":"max-video-preview:-1"},"og_locale":"sv_SE","og_type":"article","og_title":"Condyline (Condylox) - Effektiv V\u00e5rtborttagning | Transtoyou","og_description":"Condyline (Condylox) f\u00f6r genitala v\u00e5rtor. Best\u00e4ll online p\u00e5 Transtoyou. Effektiv och enkel att anv\u00e4nda hemma. B\u00f6rja behandlingen idag, tillg\u00e4nglig nu.","og_url":"https:\/\/www.transtoyou.com\/sv\/product\/condyline-condylox\/","og_site_name":"Transtoyou - SV","article_modified_time":"2026-01-25T22:34:43+00:00","twitter_card":"summary_large_image","twitter_misc":{"Ber\u00e4knad l\u00e4stid":"1 minut"},"schema":{"@context":"https:\/\/schema.org","@graph":[{"@type":"WebPage","@id":"https:\/\/www.transtoyou.com\/sv\/product\/condyline-condylox\/","url":"https:\/\/www.transtoyou.com\/sv\/product\/condyline-condylox\/","name":"Condyline (Condylox) - Effektiv V\u00e5rtborttagning | Transtoyou","isPartOf":{"@id":"https:\/\/www.transtoyou.com\/sv\/#website"},"primaryImageOfPage":{"@id":"https:\/\/www.transtoyou.com\/sv\/product\/condyline-condylox\/#primaryimage"},"image":{"@id":"https:\/\/www.transtoyou.com\/sv\/product\/condyline-condylox\/#primaryimage"},"thumbnailUrl":"https:\/\/www.transtoyou.com\/sv\/wp-content\/uploads\/sites\/15\/2026\/01\/tty-no-product-image-167.webp","datePublished":"2026-01-25T22:33:52+00:00","dateModified":"2026-01-25T22:34:43+00:00","description":"Condyline (Condylox) f\u00f6r genitala v\u00e5rtor. Best\u00e4ll online p\u00e5 Transtoyou. Effektiv och enkel att anv\u00e4nda hemma. B\u00f6rja behandlingen idag, tillg\u00e4nglig nu.","breadcrumb":{"@id":"https:\/\/www.transtoyou.com\/sv\/product\/condyline-condylox\/#breadcrumb"},"inLanguage":"sv-SE","potentialAction":[{"@type":"ReadAction","target":["https:\/\/www.transtoyou.com\/sv\/product\/condyline-condylox\/"]}]},{"@type":"ImageObject","inLanguage":"sv-SE","@id":"https:\/\/www.transtoyou.com\/sv\/product\/condyline-condylox\/#primaryimage","url":"https:\/\/www.transtoyou.com\/sv\/wp-content\/uploads\/sites\/15\/2026\/01\/tty-no-product-image-167.webp","contentUrl":"https:\/\/www.transtoyou.com\/sv\/wp-content\/uploads\/sites\/15\/2026\/01\/tty-no-product-image-167.webp","width":1000,"height":1000,"caption":"Standard produktbild"},{"@type":"WebSite","@id":"https:\/\/www.transtoyou.com\/sv\/#website","url":"https:\/\/www.transtoyou.com\/sv\/","name":"Transtoyou - SV","description":"","publisher":{"@id":"https:\/\/www.transtoyou.com\/sv\/#organization"},"potentialAction":[{"@type":"SearchAction","target":{"@type":"EntryPoint","urlTemplate":"https:\/\/www.transtoyou.com\/sv\/?s={search_term_string}"},"query-input":{"@type":"PropertyValueSpecification","valueRequired":true,"valueName":"search_term_string"}}],"inLanguage":"sv-SE"},{"@type":"Organization","@id":"https:\/\/www.transtoyou.com\/sv\/#organization","name":"Transtoyou - SV","url":"https:\/\/www.transtoyou.com\/sv\/","logo":{"@type":"ImageObject","inLanguage":"sv-SE","@id":"https:\/\/www.transtoyou.com\/sv\/#\/schema\/logo\/image\/","url":"https:\/\/www.transtoyou.com\/sv\/wp-content\/uploads\/sites\/15\/2026\/01\/logo-tty-menu-bar-300x87-1.webp","contentUrl":"https:\/\/www.transtoyou.com\/sv\/wp-content\/uploads\/sites\/15\/2026\/01\/logo-tty-menu-bar-300x87-1.webp","width":300,"height":87,"caption":"Transtoyou - SV"},"image":{"@id":"https:\/\/www.transtoyou.com\/sv\/#\/schema\/logo\/image\/"}}]}},"_links":{"self":[{"href":"https:\/\/www.transtoyou.com\/sv\/wp-json\/wp\/v2\/product\/969","targetHints":{"allow":["GET"]}}],"collection":[{"href":"https:\/\/www.transtoyou.com\/sv\/wp-json\/wp\/v2\/product"}],"about":[{"href":"https:\/\/www.transtoyou.com\/sv\/wp-json\/wp\/v2\/types\/product"}],"replies":[{"embeddable":true,"href":"https:\/\/www.transtoyou.com\/sv\/wp-json\/wp\/v2\/comments?post=969"}],"wp:featuredmedia":[{"embeddable":true,"href":"https:\/\/www.transtoyou.com\/sv\/wp-json\/wp\/v2\/media\/970"}],"wp:attachment":[{"href":"https:\/\/www.transtoyou.com\/sv\/wp-json\/wp\/v2\/media?parent=969"}],"wp:term":[{"taxonomy":"product_brand","embeddable":true,"href":"https:\/\/www.transtoyou.com\/sv\/wp-json\/wp\/v2\/product_brand?post=969"},{"taxonomy":"product_cat","embeddable":true,"href":"https:\/\/www.transtoyou.com\/sv\/wp-json\/wp\/v2\/product_cat?post=969"},{"taxonomy":"product_tag","embeddable":true,"href":"https:\/\/www.transtoyou.com\/sv\/wp-json\/wp\/v2\/product_tag?post=969"},{"taxonomy":"expert","embeddable":true,"href":"https:\/\/www.transtoyou.com\/sv\/wp-json\/wp\/v2\/expert?post=969"}],"curies":[{"name":"wp","href":"https:\/\/api.w.org\/{rel}","templated":true}]}}