{"id":983,"date":"2026-01-25T23:59:05","date_gmt":"2026-01-25T23:59:05","guid":{"rendered":"https:\/\/www.transtoyou.com\/sv\/product\/anoro-ellipta\/"},"modified":"2026-01-26T00:00:07","modified_gmt":"2026-01-26T00:00:07","slug":"anoro-ellipta","status":"publish","type":"product","link":"https:\/\/www.transtoyou.com\/sv\/product\/anoro-ellipta\/","title":{"rendered":"Anoro Ellipta"},"content":{"rendered":"<p>Anoro Ellipta \u00e4r en receptbelagd medicin som anv\u00e4nds f\u00f6r underh\u00e5llsbehandling av kronisk obstruktiv lungsjukdom (KOL), ett progressivt tillst\u00e5nd i lungorna som g\u00f6r det sv\u00e5rt att andas. Den kombinerar tv\u00e5 aktiva ingredienser, umeclidiniumbromid och vilanteroltrifenatat, som levereras genom en praktisk inhalator. Varje puff ger 55 mikrogram umeclidinium och 22 mikrogram vilanterol.<\/p>\n<p>Anoro Ellipta fungerar genom att slappna av och \u00f6ppna luftv\u00e4garna i lungorna, vilket g\u00f6r det l\u00e4ttare att andas. Umeclidinium \u00e4r en l\u00e5ngverkande muskarinantagonist (LAMA), \u00e4ven k\u00e4nd som en antikolinerg. Den blockerar muskarinreceptorer i luftv\u00e4gsmusklerna, vilket f\u00f6rhindrar att de dras samman. Vilanterol, \u00e5 sin sida, \u00e4r en l\u00e5ngverkande beta-2 adrenerg agonist (LABA). Den stimulerar beta-2-receptorer i luftv\u00e4gsmusklerna, vilket f\u00e5r dem att slappna av. Tillsammans ger dessa tv\u00e5 komponenter dubbel bronkdilation, vilket h\u00e5ller luftv\u00e4garna \u00f6ppna f\u00f6r f\u00f6rb\u00e4ttrad luftfl\u00f6de.<\/p>\n<p>Anoro Ellipta \u00e4r specifikt indicerat f\u00f6r vuxna med KOL, inklusive kronisk bronkit och emfysem. Den \u00e4r inte avsedd f\u00f6r astma eller f\u00f6r att lindra pl\u00f6tsliga andningssv\u00e5righeter (akut bronkospasm). Ist\u00e4llet anv\u00e4nds den som en underh\u00e5llsterapi f\u00f6r att hantera symtom som andf\u00e5ddhet, hosta och tryck \u00f6ver br\u00f6stet.<\/p>\n<p>Genom att rikta in sig p\u00e5 olika mekanismer som kontrollerar luftv\u00e4gskonstruktion minskar Anoro Ellipta luftv\u00e4gsmotst\u00e5ndet och f\u00f6rb\u00e4ttrar lungfunktionen. Studier har visat att den signifikant \u00f6kar forcerad expiratorisk volym (FEV1), ett m\u00e5tt p\u00e5 lungkapacitet, j\u00e4mf\u00f6rt med individuella komponenter eller placebo. Denna f\u00f6rb\u00e4ttring hj\u00e4lper patienter att andas l\u00e4ttare och minskar KOL-relaterade symtom \u00f6ver tid.<\/p>\n<p>F\u00f6rdelar med anv\u00e4ndning:<\/p>\n<ul>\n<li> l\u00e5ngvarig lindring \u2013 En enda daglig dos ger 24-timmars bronkdilation.<\/li>\n<li> F\u00f6rb\u00e4ttrad lungfunktion \u2013 Kliniska studier har visat signifikanta \u00f6kningar i FEV1 j\u00e4mf\u00f6rt med andra behandlingar.<\/li>\n<li> Bekv\u00e4mlighet \u2013 Den eng\u00e5ngsdagliga inhalatorn \u00e4r l\u00e4tt att anv\u00e4nda och s\u00e4kerst\u00e4ller konsekvent dosering.<\/li>\n<li> Symtomkontroll \u2013 Regelbunden anv\u00e4ndning hj\u00e4lper till att minska andf\u00e5ddhet och f\u00f6rb\u00e4ttra den \u00f6vergripande livskvaliteten f\u00f6r KOL-patienter.<\/li>\n<\/ul>\n","protected":false},"excerpt":{"rendered":"<ul>\n<li>Dubbla bronkdilaterande effekter f\u00f6r b\u00e4ttre andning<\/li>\n<li>Bekv\u00e4m inhalator som anv\u00e4nds en g\u00e5ng om dagen<\/li>\n<li>Bevisad att f\u00f6rb\u00e4ttra lungfunktionen<\/li>\n<\/ul>\n","protected":false},"featured_media":984,"comment_status":"open","ping_status":"closed","template":"","meta":[],"product_brand":[],"product_cat":[78],"product_tag":[],"expert":[18],"class_list":{"0":"post-983","1":"product","2":"type-product","3":"status-publish","4":"has-post-thumbnail","6":"product_cat-kol","7":"expert-dr-g-varbanov","9":"first","10":"outofstock","11":"shipping-taxable","12":"purchasable","13":"product-type-variable"},"yoast_head":"<!-- This site is optimized with the Yoast SEO plugin v27.0 - https:\/\/yoast.com\/product\/yoast-seo-wordpress\/ -->\n<title>Anoro Ellipta | Daglig inhalator f\u00f6r lindring av KOL-symptom - Transtoyou - SV<\/title>\n<meta name=\"description\" content=\"Handla Anoro Ellipta f\u00f6r underh\u00e5ll av KOL. Dubbla \u00e5tg\u00e4rder inhalator \u00f6ppnar luftv\u00e4garna f\u00f6r l\u00e4ttare andning. Finns p\u00e5 Transtoyou, l\u00e4karbes\u00f6k kr\u00e4vs.\" \/>\n<meta name=\"robots\" content=\"noindex, follow, max-snippet:-1, max-image-preview:large, max-video-preview:-1\" \/>\n<meta property=\"og:locale\" content=\"sv_SE\" \/>\n<meta property=\"og:type\" content=\"article\" \/>\n<meta property=\"og:title\" content=\"Anoro Ellipta | Daglig inhalator f\u00f6r lindring av KOL-symptom - Transtoyou - SV\" \/>\n<meta property=\"og:description\" content=\"Handla Anoro Ellipta f\u00f6r underh\u00e5ll av KOL. Dubbla \u00e5tg\u00e4rder inhalator \u00f6ppnar luftv\u00e4garna f\u00f6r l\u00e4ttare andning. Finns p\u00e5 Transtoyou, l\u00e4karbes\u00f6k kr\u00e4vs.\" \/>\n<meta property=\"og:url\" content=\"https:\/\/www.transtoyou.com\/sv\/product\/anoro-ellipta\/\" \/>\n<meta property=\"og:site_name\" content=\"Transtoyou - SV\" \/>\n<meta property=\"article:modified_time\" content=\"2026-01-26T00:00:07+00:00\" \/>\n<meta name=\"twitter:card\" content=\"summary_large_image\" \/>\n<meta name=\"twitter:label1\" content=\"Ber\u00e4knad l\u00e4stid\" \/>\n\t<meta name=\"twitter:data1\" content=\"2 minuter\" \/>\n<script type=\"application\/ld+json\" class=\"yoast-schema-graph\">{\"@context\":\"https:\/\/schema.org\",\"@graph\":[{\"@type\":\"WebPage\",\"@id\":\"https:\/\/www.transtoyou.com\/sv\/product\/anoro-ellipta\/\",\"url\":\"https:\/\/www.transtoyou.com\/sv\/product\/anoro-ellipta\/\",\"name\":\"Anoro Ellipta | Daglig inhalator f\u00f6r lindring av KOL-symptom - Transtoyou - SV\",\"isPartOf\":{\"@id\":\"https:\/\/www.transtoyou.com\/sv\/#website\"},\"primaryImageOfPage\":{\"@id\":\"https:\/\/www.transtoyou.com\/sv\/product\/anoro-ellipta\/#primaryimage\"},\"image\":{\"@id\":\"https:\/\/www.transtoyou.com\/sv\/product\/anoro-ellipta\/#primaryimage\"},\"thumbnailUrl\":\"https:\/\/www.transtoyou.com\/sv\/wp-content\/uploads\/sites\/15\/2026\/01\/tty-no-product-image-172.webp\",\"datePublished\":\"2026-01-25T23:59:05+00:00\",\"dateModified\":\"2026-01-26T00:00:07+00:00\",\"description\":\"Handla Anoro Ellipta f\u00f6r underh\u00e5ll av KOL. Dubbla \u00e5tg\u00e4rder inhalator \u00f6ppnar luftv\u00e4garna f\u00f6r l\u00e4ttare andning. Finns p\u00e5 Transtoyou, l\u00e4karbes\u00f6k kr\u00e4vs.\",\"breadcrumb\":{\"@id\":\"https:\/\/www.transtoyou.com\/sv\/product\/anoro-ellipta\/#breadcrumb\"},\"inLanguage\":\"sv-SE\",\"potentialAction\":[{\"@type\":\"ReadAction\",\"target\":[\"https:\/\/www.transtoyou.com\/sv\/product\/anoro-ellipta\/\"]}]},{\"@type\":\"ImageObject\",\"inLanguage\":\"sv-SE\",\"@id\":\"https:\/\/www.transtoyou.com\/sv\/product\/anoro-ellipta\/#primaryimage\",\"url\":\"https:\/\/www.transtoyou.com\/sv\/wp-content\/uploads\/sites\/15\/2026\/01\/tty-no-product-image-172.webp\",\"contentUrl\":\"https:\/\/www.transtoyou.com\/sv\/wp-content\/uploads\/sites\/15\/2026\/01\/tty-no-product-image-172.webp\",\"width\":1000,\"height\":1000,\"caption\":\"Standard produktbild\"},{\"@type\":\"WebSite\",\"@id\":\"https:\/\/www.transtoyou.com\/sv\/#website\",\"url\":\"https:\/\/www.transtoyou.com\/sv\/\",\"name\":\"Transtoyou - SV\",\"description\":\"\",\"publisher\":{\"@id\":\"https:\/\/www.transtoyou.com\/sv\/#organization\"},\"potentialAction\":[{\"@type\":\"SearchAction\",\"target\":{\"@type\":\"EntryPoint\",\"urlTemplate\":\"https:\/\/www.transtoyou.com\/sv\/?s={search_term_string}\"},\"query-input\":{\"@type\":\"PropertyValueSpecification\",\"valueRequired\":true,\"valueName\":\"search_term_string\"}}],\"inLanguage\":\"sv-SE\"},{\"@type\":\"Organization\",\"@id\":\"https:\/\/www.transtoyou.com\/sv\/#organization\",\"name\":\"Transtoyou - SV\",\"url\":\"https:\/\/www.transtoyou.com\/sv\/\",\"logo\":{\"@type\":\"ImageObject\",\"inLanguage\":\"sv-SE\",\"@id\":\"https:\/\/www.transtoyou.com\/sv\/#\/schema\/logo\/image\/\",\"url\":\"https:\/\/www.transtoyou.com\/sv\/wp-content\/uploads\/sites\/15\/2026\/01\/logo-tty-menu-bar-300x87-1.webp\",\"contentUrl\":\"https:\/\/www.transtoyou.com\/sv\/wp-content\/uploads\/sites\/15\/2026\/01\/logo-tty-menu-bar-300x87-1.webp\",\"width\":300,\"height\":87,\"caption\":\"Transtoyou - SV\"},\"image\":{\"@id\":\"https:\/\/www.transtoyou.com\/sv\/#\/schema\/logo\/image\/\"}}]}<\/script>\n<!-- \/ Yoast SEO plugin. -->","yoast_head_json":{"title":"Anoro Ellipta | Daglig inhalator f\u00f6r lindring av KOL-symptom - Transtoyou - SV","description":"Handla Anoro Ellipta f\u00f6r underh\u00e5ll av KOL. Dubbla \u00e5tg\u00e4rder inhalator \u00f6ppnar luftv\u00e4garna f\u00f6r l\u00e4ttare andning. Finns p\u00e5 Transtoyou, l\u00e4karbes\u00f6k kr\u00e4vs.","robots":{"index":"noindex","follow":"follow","max-snippet":"max-snippet:-1","max-image-preview":"max-image-preview:large","max-video-preview":"max-video-preview:-1"},"og_locale":"sv_SE","og_type":"article","og_title":"Anoro Ellipta | Daglig inhalator f\u00f6r lindring av KOL-symptom - Transtoyou - SV","og_description":"Handla Anoro Ellipta f\u00f6r underh\u00e5ll av KOL. Dubbla \u00e5tg\u00e4rder inhalator \u00f6ppnar luftv\u00e4garna f\u00f6r l\u00e4ttare andning. Finns p\u00e5 Transtoyou, l\u00e4karbes\u00f6k kr\u00e4vs.","og_url":"https:\/\/www.transtoyou.com\/sv\/product\/anoro-ellipta\/","og_site_name":"Transtoyou - SV","article_modified_time":"2026-01-26T00:00:07+00:00","twitter_card":"summary_large_image","twitter_misc":{"Ber\u00e4knad l\u00e4stid":"2 minuter"},"schema":{"@context":"https:\/\/schema.org","@graph":[{"@type":"WebPage","@id":"https:\/\/www.transtoyou.com\/sv\/product\/anoro-ellipta\/","url":"https:\/\/www.transtoyou.com\/sv\/product\/anoro-ellipta\/","name":"Anoro Ellipta | Daglig inhalator f\u00f6r lindring av KOL-symptom - Transtoyou - SV","isPartOf":{"@id":"https:\/\/www.transtoyou.com\/sv\/#website"},"primaryImageOfPage":{"@id":"https:\/\/www.transtoyou.com\/sv\/product\/anoro-ellipta\/#primaryimage"},"image":{"@id":"https:\/\/www.transtoyou.com\/sv\/product\/anoro-ellipta\/#primaryimage"},"thumbnailUrl":"https:\/\/www.transtoyou.com\/sv\/wp-content\/uploads\/sites\/15\/2026\/01\/tty-no-product-image-172.webp","datePublished":"2026-01-25T23:59:05+00:00","dateModified":"2026-01-26T00:00:07+00:00","description":"Handla Anoro Ellipta f\u00f6r underh\u00e5ll av KOL. Dubbla \u00e5tg\u00e4rder inhalator \u00f6ppnar luftv\u00e4garna f\u00f6r l\u00e4ttare andning. Finns p\u00e5 Transtoyou, l\u00e4karbes\u00f6k kr\u00e4vs.","breadcrumb":{"@id":"https:\/\/www.transtoyou.com\/sv\/product\/anoro-ellipta\/#breadcrumb"},"inLanguage":"sv-SE","potentialAction":[{"@type":"ReadAction","target":["https:\/\/www.transtoyou.com\/sv\/product\/anoro-ellipta\/"]}]},{"@type":"ImageObject","inLanguage":"sv-SE","@id":"https:\/\/www.transtoyou.com\/sv\/product\/anoro-ellipta\/#primaryimage","url":"https:\/\/www.transtoyou.com\/sv\/wp-content\/uploads\/sites\/15\/2026\/01\/tty-no-product-image-172.webp","contentUrl":"https:\/\/www.transtoyou.com\/sv\/wp-content\/uploads\/sites\/15\/2026\/01\/tty-no-product-image-172.webp","width":1000,"height":1000,"caption":"Standard produktbild"},{"@type":"WebSite","@id":"https:\/\/www.transtoyou.com\/sv\/#website","url":"https:\/\/www.transtoyou.com\/sv\/","name":"Transtoyou - SV","description":"","publisher":{"@id":"https:\/\/www.transtoyou.com\/sv\/#organization"},"potentialAction":[{"@type":"SearchAction","target":{"@type":"EntryPoint","urlTemplate":"https:\/\/www.transtoyou.com\/sv\/?s={search_term_string}"},"query-input":{"@type":"PropertyValueSpecification","valueRequired":true,"valueName":"search_term_string"}}],"inLanguage":"sv-SE"},{"@type":"Organization","@id":"https:\/\/www.transtoyou.com\/sv\/#organization","name":"Transtoyou - SV","url":"https:\/\/www.transtoyou.com\/sv\/","logo":{"@type":"ImageObject","inLanguage":"sv-SE","@id":"https:\/\/www.transtoyou.com\/sv\/#\/schema\/logo\/image\/","url":"https:\/\/www.transtoyou.com\/sv\/wp-content\/uploads\/sites\/15\/2026\/01\/logo-tty-menu-bar-300x87-1.webp","contentUrl":"https:\/\/www.transtoyou.com\/sv\/wp-content\/uploads\/sites\/15\/2026\/01\/logo-tty-menu-bar-300x87-1.webp","width":300,"height":87,"caption":"Transtoyou - SV"},"image":{"@id":"https:\/\/www.transtoyou.com\/sv\/#\/schema\/logo\/image\/"}}]}},"_links":{"self":[{"href":"https:\/\/www.transtoyou.com\/sv\/wp-json\/wp\/v2\/product\/983","targetHints":{"allow":["GET"]}}],"collection":[{"href":"https:\/\/www.transtoyou.com\/sv\/wp-json\/wp\/v2\/product"}],"about":[{"href":"https:\/\/www.transtoyou.com\/sv\/wp-json\/wp\/v2\/types\/product"}],"replies":[{"embeddable":true,"href":"https:\/\/www.transtoyou.com\/sv\/wp-json\/wp\/v2\/comments?post=983"}],"wp:featuredmedia":[{"embeddable":true,"href":"https:\/\/www.transtoyou.com\/sv\/wp-json\/wp\/v2\/media\/984"}],"wp:attachment":[{"href":"https:\/\/www.transtoyou.com\/sv\/wp-json\/wp\/v2\/media?parent=983"}],"wp:term":[{"taxonomy":"product_brand","embeddable":true,"href":"https:\/\/www.transtoyou.com\/sv\/wp-json\/wp\/v2\/product_brand?post=983"},{"taxonomy":"product_cat","embeddable":true,"href":"https:\/\/www.transtoyou.com\/sv\/wp-json\/wp\/v2\/product_cat?post=983"},{"taxonomy":"product_tag","embeddable":true,"href":"https:\/\/www.transtoyou.com\/sv\/wp-json\/wp\/v2\/product_tag?post=983"},{"taxonomy":"expert","embeddable":true,"href":"https:\/\/www.transtoyou.com\/sv\/wp-json\/wp\/v2\/expert?post=983"}],"curies":[{"name":"wp","href":"https:\/\/api.w.org\/{rel}","templated":true}]}}