{"id":985,"date":"2026-01-26T00:20:23","date_gmt":"2026-01-26T00:20:23","guid":{"rendered":"https:\/\/www.transtoyou.com\/sv\/product\/campral\/"},"modified":"2026-01-26T00:21:41","modified_gmt":"2026-01-26T00:21:41","slug":"campral","status":"publish","type":"product","link":"https:\/\/www.transtoyou.com\/sv\/product\/campral\/","title":{"rendered":"Campral"},"content":{"rendered":"<p>Campral (Acamprosat) \u00e4r en medicin som \u00e4r utformad f\u00f6r att st\u00f6dja individer som \u00e5terh\u00e4mtar sig fr\u00e5n alkoholberoende. Den hj\u00e4lper till att minska beg\u00e4r och st\u00f6djer l\u00e5ngsiktig avh\u00e5llsamhet genom att stabilisera neurotransmittaktiviteten i hj\u00e4rnan. Kronisk alkoholkonsumtion st\u00f6r balansen mellan excitatoriska och h\u00e4mmande neurotransmittorer, vilket leder till beroende och abstinenssymptom. Campral verkar genom att modulera glutamat- och GABA-aktivitet, vilket hj\u00e4lper hj\u00e4rnan att \u00e5terf\u00e5 sin naturliga balans.<\/p>\n<p>Till skillnad fr\u00e5n mediciner som orsakar negativa effekter n\u00e4r alkohol konsumeras, g\u00f6r Campral inte att det blir obehagligt att dricka. Ist\u00e4llet minskar det den psykologiska lusten att dricka, vilket g\u00f6r det l\u00e4ttare f\u00f6r individer att uppr\u00e4tth\u00e5lla nykterhet. Det \u00e4r mest effektivt n\u00e4r det anv\u00e4nds tillsammans med r\u00e5dgivning eller terapi som en del av ett omfattande behandlingsprogram.<\/p>\n<p>Genom att minska alkoholbeg\u00e4r hj\u00e4lper Campral till att f\u00f6rebygga \u00e5terfall och st\u00f6djer l\u00e5ngsiktig \u00e5terh\u00e4mtning. Det \u00e4r inte beroendeframkallande och ger inga abstinenssymptom n\u00e4r det stoppas. Medicinen tolereras generellt v\u00e4l, med de vanligaste biverkningarna som milda gastrointestinala problem som diarr\u00e9, illam\u00e5ende eller magbesv\u00e4r. Dessa avtar vanligtvis \u00f6ver tid n\u00e4r kroppen anpassar sig.<\/p>\n<p>Campral \u00e4r s\u00e4rskilt f\u00f6rdelaktigt f\u00f6r individer som redan har genomg\u00e5tt den initiala avgiftningsfasen och \u00e4r engagerade i att uppr\u00e4tth\u00e5lla avh\u00e5llsamhet. Studier har visat att det \u00f6kar chanserna f\u00f6r l\u00e5ngsiktig nykterhet n\u00e4r det tas enligt f\u00f6reskrift. \u00c4ven om det inte fungerar f\u00f6r alla, \u00e4r de som f\u00f6ljer sin behandlingsplan och f\u00e5r psykologiskt st\u00f6d mer ben\u00e4gna att dra nytta av det.<\/p>\n","protected":false},"excerpt":{"rendered":"<ul>\n<li>Minskar beg\u00e4r och st\u00f6der l\u00e5ngsiktig nykterhet<\/li>\n<li>\u00c5terst\u00e4ller hj\u00e4rnans balans efter alkoholanv\u00e4ndning<\/li>\n<li>Icke beroendeframkallande och allm\u00e4nt v\u00e4l tolererat<\/li>\n<\/ul>\n","protected":false},"featured_media":987,"comment_status":"open","ping_status":"closed","template":"","meta":[],"product_brand":[],"product_cat":[54],"product_tag":[],"expert":[16],"class_list":{"0":"post-985","1":"product","2":"type-product","3":"status-publish","4":"has-post-thumbnail","6":"product_cat-alkoholaterhamtningshjalpmedel","7":"expert-dr-c-alexandru","9":"first","10":"instock","11":"shipping-taxable","12":"product-type-variable"},"yoast_head":"<!-- This site is optimized with the Yoast SEO plugin v27.0 - https:\/\/yoast.com\/product\/yoast-seo-wordpress\/ -->\n<title>Campral | St\u00f6d f\u00f6r att H\u00e5lla sig Alkoholfri - Transtoyou - SV<\/title>\n<meta name=\"description\" content=\"Campral minskar alkoholbeg\u00e4r och st\u00f6djer \u00e5terh\u00e4mtning. Icke beroendeframkallande och v\u00e4l tolererat, hj\u00e4lper det till med l\u00e5ngsiktig nykterhet. Finns p\u00e5 Transtoyou.\" \/>\n<meta name=\"robots\" content=\"noindex, follow, max-snippet:-1, max-image-preview:large, max-video-preview:-1\" \/>\n<meta property=\"og:locale\" content=\"sv_SE\" \/>\n<meta property=\"og:type\" content=\"article\" \/>\n<meta property=\"og:title\" content=\"Campral | St\u00f6d f\u00f6r att H\u00e5lla sig Alkoholfri - Transtoyou - SV\" \/>\n<meta property=\"og:description\" content=\"Campral minskar alkoholbeg\u00e4r och st\u00f6djer \u00e5terh\u00e4mtning. Icke beroendeframkallande och v\u00e4l tolererat, hj\u00e4lper det till med l\u00e5ngsiktig nykterhet. Finns p\u00e5 Transtoyou.\" \/>\n<meta property=\"og:url\" content=\"https:\/\/www.transtoyou.com\/sv\/product\/campral\/\" \/>\n<meta property=\"og:site_name\" content=\"Transtoyou - SV\" \/>\n<meta property=\"article:modified_time\" content=\"2026-01-26T00:21:41+00:00\" \/>\n<meta name=\"twitter:card\" content=\"summary_large_image\" \/>\n<meta name=\"twitter:label1\" content=\"Ber\u00e4knad l\u00e4stid\" \/>\n\t<meta name=\"twitter:data1\" content=\"1 minut\" \/>\n<script type=\"application\/ld+json\" class=\"yoast-schema-graph\">{\"@context\":\"https:\/\/schema.org\",\"@graph\":[{\"@type\":\"WebPage\",\"@id\":\"https:\/\/www.transtoyou.com\/sv\/product\/campral\/\",\"url\":\"https:\/\/www.transtoyou.com\/sv\/product\/campral\/\",\"name\":\"Campral | St\u00f6d f\u00f6r att H\u00e5lla sig Alkoholfri - Transtoyou - SV\",\"isPartOf\":{\"@id\":\"https:\/\/www.transtoyou.com\/sv\/#website\"},\"primaryImageOfPage\":{\"@id\":\"https:\/\/www.transtoyou.com\/sv\/product\/campral\/#primaryimage\"},\"image\":{\"@id\":\"https:\/\/www.transtoyou.com\/sv\/product\/campral\/#primaryimage\"},\"thumbnailUrl\":\"https:\/\/www.transtoyou.com\/sv\/wp-content\/uploads\/sites\/15\/2026\/01\/tty-no-product-image-173.webp\",\"datePublished\":\"2026-01-26T00:20:23+00:00\",\"dateModified\":\"2026-01-26T00:21:41+00:00\",\"description\":\"Campral minskar alkoholbeg\u00e4r och st\u00f6djer \u00e5terh\u00e4mtning. Icke beroendeframkallande och v\u00e4l tolererat, hj\u00e4lper det till med l\u00e5ngsiktig nykterhet. Finns p\u00e5 Transtoyou.\",\"breadcrumb\":{\"@id\":\"https:\/\/www.transtoyou.com\/sv\/product\/campral\/#breadcrumb\"},\"inLanguage\":\"sv-SE\",\"potentialAction\":[{\"@type\":\"ReadAction\",\"target\":[\"https:\/\/www.transtoyou.com\/sv\/product\/campral\/\"]}]},{\"@type\":\"ImageObject\",\"inLanguage\":\"sv-SE\",\"@id\":\"https:\/\/www.transtoyou.com\/sv\/product\/campral\/#primaryimage\",\"url\":\"https:\/\/www.transtoyou.com\/sv\/wp-content\/uploads\/sites\/15\/2026\/01\/tty-no-product-image-173.webp\",\"contentUrl\":\"https:\/\/www.transtoyou.com\/sv\/wp-content\/uploads\/sites\/15\/2026\/01\/tty-no-product-image-173.webp\",\"width\":1000,\"height\":1000,\"caption\":\"Standard produktbild\"},{\"@type\":\"WebSite\",\"@id\":\"https:\/\/www.transtoyou.com\/sv\/#website\",\"url\":\"https:\/\/www.transtoyou.com\/sv\/\",\"name\":\"Transtoyou - SV\",\"description\":\"\",\"publisher\":{\"@id\":\"https:\/\/www.transtoyou.com\/sv\/#organization\"},\"potentialAction\":[{\"@type\":\"SearchAction\",\"target\":{\"@type\":\"EntryPoint\",\"urlTemplate\":\"https:\/\/www.transtoyou.com\/sv\/?s={search_term_string}\"},\"query-input\":{\"@type\":\"PropertyValueSpecification\",\"valueRequired\":true,\"valueName\":\"search_term_string\"}}],\"inLanguage\":\"sv-SE\"},{\"@type\":\"Organization\",\"@id\":\"https:\/\/www.transtoyou.com\/sv\/#organization\",\"name\":\"Transtoyou - SV\",\"url\":\"https:\/\/www.transtoyou.com\/sv\/\",\"logo\":{\"@type\":\"ImageObject\",\"inLanguage\":\"sv-SE\",\"@id\":\"https:\/\/www.transtoyou.com\/sv\/#\/schema\/logo\/image\/\",\"url\":\"https:\/\/www.transtoyou.com\/sv\/wp-content\/uploads\/sites\/15\/2026\/01\/logo-tty-menu-bar-300x87-1.webp\",\"contentUrl\":\"https:\/\/www.transtoyou.com\/sv\/wp-content\/uploads\/sites\/15\/2026\/01\/logo-tty-menu-bar-300x87-1.webp\",\"width\":300,\"height\":87,\"caption\":\"Transtoyou - SV\"},\"image\":{\"@id\":\"https:\/\/www.transtoyou.com\/sv\/#\/schema\/logo\/image\/\"}}]}<\/script>\n<!-- \/ Yoast SEO plugin. -->","yoast_head_json":{"title":"Campral | St\u00f6d f\u00f6r att H\u00e5lla sig Alkoholfri - Transtoyou - SV","description":"Campral minskar alkoholbeg\u00e4r och st\u00f6djer \u00e5terh\u00e4mtning. Icke beroendeframkallande och v\u00e4l tolererat, hj\u00e4lper det till med l\u00e5ngsiktig nykterhet. Finns p\u00e5 Transtoyou.","robots":{"index":"noindex","follow":"follow","max-snippet":"max-snippet:-1","max-image-preview":"max-image-preview:large","max-video-preview":"max-video-preview:-1"},"og_locale":"sv_SE","og_type":"article","og_title":"Campral | St\u00f6d f\u00f6r att H\u00e5lla sig Alkoholfri - Transtoyou - SV","og_description":"Campral minskar alkoholbeg\u00e4r och st\u00f6djer \u00e5terh\u00e4mtning. Icke beroendeframkallande och v\u00e4l tolererat, hj\u00e4lper det till med l\u00e5ngsiktig nykterhet. Finns p\u00e5 Transtoyou.","og_url":"https:\/\/www.transtoyou.com\/sv\/product\/campral\/","og_site_name":"Transtoyou - SV","article_modified_time":"2026-01-26T00:21:41+00:00","twitter_card":"summary_large_image","twitter_misc":{"Ber\u00e4knad l\u00e4stid":"1 minut"},"schema":{"@context":"https:\/\/schema.org","@graph":[{"@type":"WebPage","@id":"https:\/\/www.transtoyou.com\/sv\/product\/campral\/","url":"https:\/\/www.transtoyou.com\/sv\/product\/campral\/","name":"Campral | St\u00f6d f\u00f6r att H\u00e5lla sig Alkoholfri - Transtoyou - SV","isPartOf":{"@id":"https:\/\/www.transtoyou.com\/sv\/#website"},"primaryImageOfPage":{"@id":"https:\/\/www.transtoyou.com\/sv\/product\/campral\/#primaryimage"},"image":{"@id":"https:\/\/www.transtoyou.com\/sv\/product\/campral\/#primaryimage"},"thumbnailUrl":"https:\/\/www.transtoyou.com\/sv\/wp-content\/uploads\/sites\/15\/2026\/01\/tty-no-product-image-173.webp","datePublished":"2026-01-26T00:20:23+00:00","dateModified":"2026-01-26T00:21:41+00:00","description":"Campral minskar alkoholbeg\u00e4r och st\u00f6djer \u00e5terh\u00e4mtning. Icke beroendeframkallande och v\u00e4l tolererat, hj\u00e4lper det till med l\u00e5ngsiktig nykterhet. Finns p\u00e5 Transtoyou.","breadcrumb":{"@id":"https:\/\/www.transtoyou.com\/sv\/product\/campral\/#breadcrumb"},"inLanguage":"sv-SE","potentialAction":[{"@type":"ReadAction","target":["https:\/\/www.transtoyou.com\/sv\/product\/campral\/"]}]},{"@type":"ImageObject","inLanguage":"sv-SE","@id":"https:\/\/www.transtoyou.com\/sv\/product\/campral\/#primaryimage","url":"https:\/\/www.transtoyou.com\/sv\/wp-content\/uploads\/sites\/15\/2026\/01\/tty-no-product-image-173.webp","contentUrl":"https:\/\/www.transtoyou.com\/sv\/wp-content\/uploads\/sites\/15\/2026\/01\/tty-no-product-image-173.webp","width":1000,"height":1000,"caption":"Standard produktbild"},{"@type":"WebSite","@id":"https:\/\/www.transtoyou.com\/sv\/#website","url":"https:\/\/www.transtoyou.com\/sv\/","name":"Transtoyou - SV","description":"","publisher":{"@id":"https:\/\/www.transtoyou.com\/sv\/#organization"},"potentialAction":[{"@type":"SearchAction","target":{"@type":"EntryPoint","urlTemplate":"https:\/\/www.transtoyou.com\/sv\/?s={search_term_string}"},"query-input":{"@type":"PropertyValueSpecification","valueRequired":true,"valueName":"search_term_string"}}],"inLanguage":"sv-SE"},{"@type":"Organization","@id":"https:\/\/www.transtoyou.com\/sv\/#organization","name":"Transtoyou - SV","url":"https:\/\/www.transtoyou.com\/sv\/","logo":{"@type":"ImageObject","inLanguage":"sv-SE","@id":"https:\/\/www.transtoyou.com\/sv\/#\/schema\/logo\/image\/","url":"https:\/\/www.transtoyou.com\/sv\/wp-content\/uploads\/sites\/15\/2026\/01\/logo-tty-menu-bar-300x87-1.webp","contentUrl":"https:\/\/www.transtoyou.com\/sv\/wp-content\/uploads\/sites\/15\/2026\/01\/logo-tty-menu-bar-300x87-1.webp","width":300,"height":87,"caption":"Transtoyou - SV"},"image":{"@id":"https:\/\/www.transtoyou.com\/sv\/#\/schema\/logo\/image\/"}}]}},"_links":{"self":[{"href":"https:\/\/www.transtoyou.com\/sv\/wp-json\/wp\/v2\/product\/985","targetHints":{"allow":["GET"]}}],"collection":[{"href":"https:\/\/www.transtoyou.com\/sv\/wp-json\/wp\/v2\/product"}],"about":[{"href":"https:\/\/www.transtoyou.com\/sv\/wp-json\/wp\/v2\/types\/product"}],"replies":[{"embeddable":true,"href":"https:\/\/www.transtoyou.com\/sv\/wp-json\/wp\/v2\/comments?post=985"}],"wp:featuredmedia":[{"embeddable":true,"href":"https:\/\/www.transtoyou.com\/sv\/wp-json\/wp\/v2\/media\/987"}],"wp:attachment":[{"href":"https:\/\/www.transtoyou.com\/sv\/wp-json\/wp\/v2\/media?parent=985"}],"wp:term":[{"taxonomy":"product_brand","embeddable":true,"href":"https:\/\/www.transtoyou.com\/sv\/wp-json\/wp\/v2\/product_brand?post=985"},{"taxonomy":"product_cat","embeddable":true,"href":"https:\/\/www.transtoyou.com\/sv\/wp-json\/wp\/v2\/product_cat?post=985"},{"taxonomy":"product_tag","embeddable":true,"href":"https:\/\/www.transtoyou.com\/sv\/wp-json\/wp\/v2\/product_tag?post=985"},{"taxonomy":"expert","embeddable":true,"href":"https:\/\/www.transtoyou.com\/sv\/wp-json\/wp\/v2\/expert?post=985"}],"curies":[{"name":"wp","href":"https:\/\/api.w.org\/{rel}","templated":true}]}}