{"id":988,"date":"2026-01-26T00:39:37","date_gmt":"2026-01-26T00:39:37","guid":{"rendered":"https:\/\/www.transtoyou.com\/sv\/product\/allergospasmin-n\/"},"modified":"2026-01-26T00:40:47","modified_gmt":"2026-01-26T00:40:47","slug":"allergospasmin-n","status":"publish","type":"product","link":"https:\/\/www.transtoyou.com\/sv\/product\/allergospasmin-n\/","title":{"rendered":"Allergospasmin N"},"content":{"rendered":"<p>Att andas \u00e4r enkelt f\u00f6r de flesta, men f\u00f6r dem som k\u00e4mpar med astma och allergiska bronkospasmer kan varje andetag k\u00e4nnas som en kamp. Det \u00e4r h\u00e4r Allergospasmin N kommer in som en p\u00e5litlig f\u00f6ljeslagare i kampen mot andningsbesv\u00e4r.<\/p>\n<p>Utformad f\u00f6r att lindra bronkial sammandragning och f\u00f6rb\u00e4ttra luftfl\u00f6det, verkar Allergospasmin N snabbt f\u00f6r att slappna av de glatta musklerna i luftv\u00e4garna, vilket underl\u00e4ttar andningssv\u00e5righeter orsakade av astma, allergier eller andra respiratoriska tillst\u00e5nd. Med en noggrant formulerad blandning av bronkdilaterare och antihistaminer hj\u00e4lper denna medicin till att \u00f6ppna luftv\u00e4garna, minska inflammation och kontrollera allergiska reaktioner som utl\u00f6ser andningsbesv\u00e4r.<\/p>\n<p>Oavsett om det handlar om en ov\u00e4ntad astmaattack eller allergiinducerad v\u00e4sande andning, ger Allergospasmin N snabb och effektiv lindring. Den fungerar b\u00e4st som en del av en strukturerad behandlingsplan och erbjuder st\u00f6d f\u00f6r b\u00e5de akuta och kroniska respiratoriska tillst\u00e5nd.<\/p>\n<p>Till skillnad fr\u00e5n vissa mediciner som bara tar itu med en aspekt av andningsbesv\u00e4r, erbjuder Allergospasmin N ett omfattande tillv\u00e4gag\u00e5ngss\u00e4tt genom att rikta in sig p\u00e5 b\u00e5de muskelkontraktion och allergiska reaktioner. Genom att hj\u00e4lpa individer att \u00e5terf\u00e5 kontrollen \u00f6ver sin andning, ger den dem m\u00f6jlighet att leva aktiva, oinskr\u00e4nkta liv.<\/p>\n<p>\u00c4ven om denna medicin \u00e4r mycket effektiv b\u00f6r den alltid tas under \u00f6vervakning av en v\u00e5rdpersonal. Vissa individer kan uppleva milda biverkningar som yrsel, muntorrhet eller mild gastrointestinal obehag, vilket vanligtvis avtar \u00f6ver tid.<\/p>\n","protected":false},"excerpt":{"rendered":"<ul>\n<li>Ger lindring fr\u00e5n astma och allergiska bronkospasmer.<\/li>\n<li>Hj\u00e4lper till att \u00f6ppna luftv\u00e4garna och f\u00f6rb\u00e4ttra andningen.<\/li>\n<li>Snabbverkande st\u00f6d f\u00f6r andningsbesv\u00e4r.<\/li>\n<\/ul>\n","protected":false},"featured_media":990,"comment_status":"open","ping_status":"closed","template":"","meta":[],"product_brand":[],"product_cat":[60],"product_tag":[],"expert":[16],"class_list":{"0":"post-988","1":"product","2":"type-product","3":"status-publish","4":"has-post-thumbnail","6":"product_cat-astma","7":"expert-dr-c-alexandru","9":"first","10":"instock","11":"shipping-taxable","12":"product-type-variable"},"yoast_head":"<!-- This site is optimized with the Yoast SEO plugin v27.0 - https:\/\/yoast.com\/product\/yoast-seo-wordpress\/ -->\n<title>Allergospasmin N | Andningsst\u00f6d Gjort Enkelt - Transtoyou - SV<\/title>\n<meta name=\"description\" content=\"Allergospasmin N lindrar snabbt astma- och allergisymtom och f\u00f6rb\u00e4ttrar luftfl\u00f6det. Handla nu f\u00f6r effektiv lindring av andningsbesv\u00e4r.\" \/>\n<meta name=\"robots\" content=\"noindex, follow, max-snippet:-1, max-image-preview:large, max-video-preview:-1\" \/>\n<meta property=\"og:locale\" content=\"sv_SE\" \/>\n<meta property=\"og:type\" content=\"article\" \/>\n<meta property=\"og:title\" content=\"Allergospasmin N | Andningsst\u00f6d Gjort Enkelt - Transtoyou - SV\" \/>\n<meta property=\"og:description\" content=\"Allergospasmin N lindrar snabbt astma- och allergisymtom och f\u00f6rb\u00e4ttrar luftfl\u00f6det. Handla nu f\u00f6r effektiv lindring av andningsbesv\u00e4r.\" \/>\n<meta property=\"og:url\" content=\"https:\/\/www.transtoyou.com\/sv\/product\/allergospasmin-n\/\" \/>\n<meta property=\"og:site_name\" content=\"Transtoyou - SV\" \/>\n<meta property=\"article:modified_time\" content=\"2026-01-26T00:40:47+00:00\" \/>\n<meta name=\"twitter:card\" content=\"summary_large_image\" \/>\n<meta name=\"twitter:label1\" content=\"Ber\u00e4knad l\u00e4stid\" \/>\n\t<meta name=\"twitter:data1\" content=\"1 minut\" \/>\n<script type=\"application\/ld+json\" class=\"yoast-schema-graph\">{\"@context\":\"https:\/\/schema.org\",\"@graph\":[{\"@type\":\"WebPage\",\"@id\":\"https:\/\/www.transtoyou.com\/sv\/product\/allergospasmin-n\/\",\"url\":\"https:\/\/www.transtoyou.com\/sv\/product\/allergospasmin-n\/\",\"name\":\"Allergospasmin N | Andningsst\u00f6d Gjort Enkelt - Transtoyou - SV\",\"isPartOf\":{\"@id\":\"https:\/\/www.transtoyou.com\/sv\/#website\"},\"primaryImageOfPage\":{\"@id\":\"https:\/\/www.transtoyou.com\/sv\/product\/allergospasmin-n\/#primaryimage\"},\"image\":{\"@id\":\"https:\/\/www.transtoyou.com\/sv\/product\/allergospasmin-n\/#primaryimage\"},\"thumbnailUrl\":\"https:\/\/www.transtoyou.com\/sv\/wp-content\/uploads\/sites\/15\/2026\/01\/tty-no-product-image-174.webp\",\"datePublished\":\"2026-01-26T00:39:37+00:00\",\"dateModified\":\"2026-01-26T00:40:47+00:00\",\"description\":\"Allergospasmin N lindrar snabbt astma- och allergisymtom och f\u00f6rb\u00e4ttrar luftfl\u00f6det. Handla nu f\u00f6r effektiv lindring av andningsbesv\u00e4r.\",\"breadcrumb\":{\"@id\":\"https:\/\/www.transtoyou.com\/sv\/product\/allergospasmin-n\/#breadcrumb\"},\"inLanguage\":\"sv-SE\",\"potentialAction\":[{\"@type\":\"ReadAction\",\"target\":[\"https:\/\/www.transtoyou.com\/sv\/product\/allergospasmin-n\/\"]}]},{\"@type\":\"ImageObject\",\"inLanguage\":\"sv-SE\",\"@id\":\"https:\/\/www.transtoyou.com\/sv\/product\/allergospasmin-n\/#primaryimage\",\"url\":\"https:\/\/www.transtoyou.com\/sv\/wp-content\/uploads\/sites\/15\/2026\/01\/tty-no-product-image-174.webp\",\"contentUrl\":\"https:\/\/www.transtoyou.com\/sv\/wp-content\/uploads\/sites\/15\/2026\/01\/tty-no-product-image-174.webp\",\"width\":1000,\"height\":1000,\"caption\":\"Standard produktbild\"},{\"@type\":\"WebSite\",\"@id\":\"https:\/\/www.transtoyou.com\/sv\/#website\",\"url\":\"https:\/\/www.transtoyou.com\/sv\/\",\"name\":\"Transtoyou - SV\",\"description\":\"\",\"publisher\":{\"@id\":\"https:\/\/www.transtoyou.com\/sv\/#organization\"},\"potentialAction\":[{\"@type\":\"SearchAction\",\"target\":{\"@type\":\"EntryPoint\",\"urlTemplate\":\"https:\/\/www.transtoyou.com\/sv\/?s={search_term_string}\"},\"query-input\":{\"@type\":\"PropertyValueSpecification\",\"valueRequired\":true,\"valueName\":\"search_term_string\"}}],\"inLanguage\":\"sv-SE\"},{\"@type\":\"Organization\",\"@id\":\"https:\/\/www.transtoyou.com\/sv\/#organization\",\"name\":\"Transtoyou - SV\",\"url\":\"https:\/\/www.transtoyou.com\/sv\/\",\"logo\":{\"@type\":\"ImageObject\",\"inLanguage\":\"sv-SE\",\"@id\":\"https:\/\/www.transtoyou.com\/sv\/#\/schema\/logo\/image\/\",\"url\":\"https:\/\/www.transtoyou.com\/sv\/wp-content\/uploads\/sites\/15\/2026\/01\/logo-tty-menu-bar-300x87-1.webp\",\"contentUrl\":\"https:\/\/www.transtoyou.com\/sv\/wp-content\/uploads\/sites\/15\/2026\/01\/logo-tty-menu-bar-300x87-1.webp\",\"width\":300,\"height\":87,\"caption\":\"Transtoyou - SV\"},\"image\":{\"@id\":\"https:\/\/www.transtoyou.com\/sv\/#\/schema\/logo\/image\/\"}}]}<\/script>\n<!-- \/ Yoast SEO plugin. -->","yoast_head_json":{"title":"Allergospasmin N | Andningsst\u00f6d Gjort Enkelt - Transtoyou - SV","description":"Allergospasmin N lindrar snabbt astma- och allergisymtom och f\u00f6rb\u00e4ttrar luftfl\u00f6det. Handla nu f\u00f6r effektiv lindring av andningsbesv\u00e4r.","robots":{"index":"noindex","follow":"follow","max-snippet":"max-snippet:-1","max-image-preview":"max-image-preview:large","max-video-preview":"max-video-preview:-1"},"og_locale":"sv_SE","og_type":"article","og_title":"Allergospasmin N | Andningsst\u00f6d Gjort Enkelt - Transtoyou - SV","og_description":"Allergospasmin N lindrar snabbt astma- och allergisymtom och f\u00f6rb\u00e4ttrar luftfl\u00f6det. Handla nu f\u00f6r effektiv lindring av andningsbesv\u00e4r.","og_url":"https:\/\/www.transtoyou.com\/sv\/product\/allergospasmin-n\/","og_site_name":"Transtoyou - SV","article_modified_time":"2026-01-26T00:40:47+00:00","twitter_card":"summary_large_image","twitter_misc":{"Ber\u00e4knad l\u00e4stid":"1 minut"},"schema":{"@context":"https:\/\/schema.org","@graph":[{"@type":"WebPage","@id":"https:\/\/www.transtoyou.com\/sv\/product\/allergospasmin-n\/","url":"https:\/\/www.transtoyou.com\/sv\/product\/allergospasmin-n\/","name":"Allergospasmin N | Andningsst\u00f6d Gjort Enkelt - Transtoyou - SV","isPartOf":{"@id":"https:\/\/www.transtoyou.com\/sv\/#website"},"primaryImageOfPage":{"@id":"https:\/\/www.transtoyou.com\/sv\/product\/allergospasmin-n\/#primaryimage"},"image":{"@id":"https:\/\/www.transtoyou.com\/sv\/product\/allergospasmin-n\/#primaryimage"},"thumbnailUrl":"https:\/\/www.transtoyou.com\/sv\/wp-content\/uploads\/sites\/15\/2026\/01\/tty-no-product-image-174.webp","datePublished":"2026-01-26T00:39:37+00:00","dateModified":"2026-01-26T00:40:47+00:00","description":"Allergospasmin N lindrar snabbt astma- och allergisymtom och f\u00f6rb\u00e4ttrar luftfl\u00f6det. Handla nu f\u00f6r effektiv lindring av andningsbesv\u00e4r.","breadcrumb":{"@id":"https:\/\/www.transtoyou.com\/sv\/product\/allergospasmin-n\/#breadcrumb"},"inLanguage":"sv-SE","potentialAction":[{"@type":"ReadAction","target":["https:\/\/www.transtoyou.com\/sv\/product\/allergospasmin-n\/"]}]},{"@type":"ImageObject","inLanguage":"sv-SE","@id":"https:\/\/www.transtoyou.com\/sv\/product\/allergospasmin-n\/#primaryimage","url":"https:\/\/www.transtoyou.com\/sv\/wp-content\/uploads\/sites\/15\/2026\/01\/tty-no-product-image-174.webp","contentUrl":"https:\/\/www.transtoyou.com\/sv\/wp-content\/uploads\/sites\/15\/2026\/01\/tty-no-product-image-174.webp","width":1000,"height":1000,"caption":"Standard produktbild"},{"@type":"WebSite","@id":"https:\/\/www.transtoyou.com\/sv\/#website","url":"https:\/\/www.transtoyou.com\/sv\/","name":"Transtoyou - SV","description":"","publisher":{"@id":"https:\/\/www.transtoyou.com\/sv\/#organization"},"potentialAction":[{"@type":"SearchAction","target":{"@type":"EntryPoint","urlTemplate":"https:\/\/www.transtoyou.com\/sv\/?s={search_term_string}"},"query-input":{"@type":"PropertyValueSpecification","valueRequired":true,"valueName":"search_term_string"}}],"inLanguage":"sv-SE"},{"@type":"Organization","@id":"https:\/\/www.transtoyou.com\/sv\/#organization","name":"Transtoyou - SV","url":"https:\/\/www.transtoyou.com\/sv\/","logo":{"@type":"ImageObject","inLanguage":"sv-SE","@id":"https:\/\/www.transtoyou.com\/sv\/#\/schema\/logo\/image\/","url":"https:\/\/www.transtoyou.com\/sv\/wp-content\/uploads\/sites\/15\/2026\/01\/logo-tty-menu-bar-300x87-1.webp","contentUrl":"https:\/\/www.transtoyou.com\/sv\/wp-content\/uploads\/sites\/15\/2026\/01\/logo-tty-menu-bar-300x87-1.webp","width":300,"height":87,"caption":"Transtoyou - SV"},"image":{"@id":"https:\/\/www.transtoyou.com\/sv\/#\/schema\/logo\/image\/"}}]}},"_links":{"self":[{"href":"https:\/\/www.transtoyou.com\/sv\/wp-json\/wp\/v2\/product\/988","targetHints":{"allow":["GET"]}}],"collection":[{"href":"https:\/\/www.transtoyou.com\/sv\/wp-json\/wp\/v2\/product"}],"about":[{"href":"https:\/\/www.transtoyou.com\/sv\/wp-json\/wp\/v2\/types\/product"}],"replies":[{"embeddable":true,"href":"https:\/\/www.transtoyou.com\/sv\/wp-json\/wp\/v2\/comments?post=988"}],"wp:featuredmedia":[{"embeddable":true,"href":"https:\/\/www.transtoyou.com\/sv\/wp-json\/wp\/v2\/media\/990"}],"wp:attachment":[{"href":"https:\/\/www.transtoyou.com\/sv\/wp-json\/wp\/v2\/media?parent=988"}],"wp:term":[{"taxonomy":"product_brand","embeddable":true,"href":"https:\/\/www.transtoyou.com\/sv\/wp-json\/wp\/v2\/product_brand?post=988"},{"taxonomy":"product_cat","embeddable":true,"href":"https:\/\/www.transtoyou.com\/sv\/wp-json\/wp\/v2\/product_cat?post=988"},{"taxonomy":"product_tag","embeddable":true,"href":"https:\/\/www.transtoyou.com\/sv\/wp-json\/wp\/v2\/product_tag?post=988"},{"taxonomy":"expert","embeddable":true,"href":"https:\/\/www.transtoyou.com\/sv\/wp-json\/wp\/v2\/expert?post=988"}],"curies":[{"name":"wp","href":"https:\/\/api.w.org\/{rel}","templated":true}]}}