{"id":991,"date":"2026-01-26T00:56:42","date_gmt":"2026-01-26T00:56:42","guid":{"rendered":"https:\/\/www.transtoyou.com\/sv\/product\/ventolin\/"},"modified":"2026-03-07T14:05:04","modified_gmt":"2026-03-07T14:05:04","slug":"ventolin","status":"publish","type":"product","link":"https:\/\/www.transtoyou.com\/sv\/product\/ventolin\/","title":{"rendered":"Ventolin"},"content":{"rendered":"<p>Ventolin \u00e4r en snabbverkande bronkdilaterare som inneh\u00e5ller den aktiva ingrediensen salbutamol, vilket hj\u00e4lper till att slappna av musklerna i luftv\u00e4garna och f\u00f6rb\u00e4ttrar luftfl\u00f6det till lungorna. Det anv\u00e4nds vanligtvis som en r\u00e4ddningsinhalator f\u00f6r att lindra akuta astmasymptom, inklusive pipande andning, andn\u00f6d och tryck \u00f6ver br\u00f6stet. Ventolin verkar genom att stimulera beta-2-receptorer i den bronkiala glatta muskulaturen, vilket leder till vidgning av luftv\u00e4garna och d\u00e4rmed g\u00f6r det l\u00e4ttare att andas.<\/p>\n<p>Ventolin ordineras fr\u00e4mst f\u00f6r hantering av astma och kronisk obstruktiv lungsjukdom (KOL), och erbjuder snabb lindring under ett astmaanfall eller en f\u00f6rs\u00e4mring av respiratoriska symptom. Det kan ocks\u00e5 anv\u00e4ndas f\u00f6r att f\u00f6rebygga anstr\u00e4ngningsutl\u00f6st bronkospasm (andn\u00f6d eller pipande andning som utl\u00f6ses av fysisk aktivitet). Som en kortverkande bronkdilaterare ger det snabb lindring men adresserar inte den underliggande inflammationen vid astma eller KOL, vilket kan kr\u00e4va ytterligare l\u00e5ngsiktig medicinering.<\/p>\n<p>Ventolin administreras vanligtvis via en inhalator, vilket g\u00f6r den l\u00e4tt att b\u00e4ra med sig och anv\u00e4nda under ett astmaanfall eller f\u00f6re tr\u00e4ning. N\u00e4r den anv\u00e4nds p\u00e5 r\u00e4tt s\u00e4tt kan den ge betydande lindring fr\u00e5n andningssv\u00e5righeter. Det \u00e4r dock viktigt att f\u00f6lja den ordinerade dosen och inte \u00f6veranv\u00e4nda den, eftersom \u00f6verdriven beroende av kortverkande mediciner som Ventolin kan indikera otillr\u00e4cklig astmakontroll, och l\u00e5ngsiktiga hanteringsstrategier b\u00f6r diskuteras med en v\u00e5rdgivare.<\/p>\n","protected":false},"excerpt":{"rendered":"<ul>\n<li>Snabbverkande lindring f\u00f6r astma och KOL<\/li>\n<li>F\u00f6rebygger anstr\u00e4ngningsutl\u00f6st bronkospasm<\/li>\n<li>Praktisk inhalatorform f\u00f6r snabb anv\u00e4ndning<\/li>\n<\/ul>\n","protected":false},"featured_media":993,"comment_status":"open","ping_status":"closed","template":"","meta":[],"product_brand":[],"product_cat":[60,78],"product_tag":[],"expert":[19],"class_list":{"0":"post-991","1":"product","2":"type-product","3":"status-publish","4":"has-post-thumbnail","6":"product_cat-astma","7":"product_cat-kol","8":"expert-dr-j-vazquez","10":"first","11":"instock","12":"shipping-taxable","13":"product-type-variable"},"yoast_head":"<!-- This site is optimized with the Yoast SEO plugin v27.0 - https:\/\/yoast.com\/product\/yoast-seo-wordpress\/ -->\n<title>Ventolin | Snabb lindring f\u00f6r astma och andningsproblem - Transtoyou - SV<\/title>\n<meta name=\"description\" content=\"Ventolin-inhalator lindrar snabbt astmasymtom och br\u00f6sttryck. F\u00e5 ditt recept online\u2014snabbt, s\u00e4kert och diskret levererat till din d\u00f6rr.\" \/>\n<meta name=\"robots\" content=\"noindex, follow, max-snippet:-1, max-image-preview:large, max-video-preview:-1\" \/>\n<meta property=\"og:locale\" content=\"sv_SE\" \/>\n<meta property=\"og:type\" content=\"article\" \/>\n<meta property=\"og:title\" content=\"Ventolin | Snabb lindring f\u00f6r astma och andningsproblem - Transtoyou - SV\" \/>\n<meta property=\"og:description\" content=\"Ventolin-inhalator lindrar snabbt astmasymtom och br\u00f6sttryck. F\u00e5 ditt recept online\u2014snabbt, s\u00e4kert och diskret levererat till din d\u00f6rr.\" \/>\n<meta property=\"og:url\" content=\"https:\/\/www.transtoyou.com\/sv\/product\/ventolin\/\" \/>\n<meta property=\"og:site_name\" content=\"Transtoyou - SV\" \/>\n<meta property=\"article:modified_time\" content=\"2026-03-07T14:05:04+00:00\" \/>\n<meta name=\"twitter:card\" content=\"summary_large_image\" \/>\n<meta name=\"twitter:label1\" content=\"Ber\u00e4knad l\u00e4stid\" \/>\n\t<meta name=\"twitter:data1\" content=\"1 minut\" \/>\n<script type=\"application\/ld+json\" class=\"yoast-schema-graph\">{\"@context\":\"https:\/\/schema.org\",\"@graph\":[{\"@type\":\"WebPage\",\"@id\":\"https:\/\/www.transtoyou.com\/sv\/product\/ventolin\/\",\"url\":\"https:\/\/www.transtoyou.com\/sv\/product\/ventolin\/\",\"name\":\"Ventolin | Snabb lindring f\u00f6r astma och andningsproblem - Transtoyou - SV\",\"isPartOf\":{\"@id\":\"https:\/\/www.transtoyou.com\/sv\/#website\"},\"primaryImageOfPage\":{\"@id\":\"https:\/\/www.transtoyou.com\/sv\/product\/ventolin\/#primaryimage\"},\"image\":{\"@id\":\"https:\/\/www.transtoyou.com\/sv\/product\/ventolin\/#primaryimage\"},\"thumbnailUrl\":\"https:\/\/www.transtoyou.com\/sv\/wp-content\/uploads\/sites\/15\/2026\/01\/tty-no-product-image-175.webp\",\"datePublished\":\"2026-01-26T00:56:42+00:00\",\"dateModified\":\"2026-03-07T14:05:04+00:00\",\"description\":\"Ventolin-inhalator lindrar snabbt astmasymtom och br\u00f6sttryck. F\u00e5 ditt recept online\u2014snabbt, s\u00e4kert och diskret levererat till din d\u00f6rr.\",\"breadcrumb\":{\"@id\":\"https:\/\/www.transtoyou.com\/sv\/product\/ventolin\/#breadcrumb\"},\"inLanguage\":\"sv-SE\",\"potentialAction\":[{\"@type\":\"ReadAction\",\"target\":[\"https:\/\/www.transtoyou.com\/sv\/product\/ventolin\/\"]}]},{\"@type\":\"ImageObject\",\"inLanguage\":\"sv-SE\",\"@id\":\"https:\/\/www.transtoyou.com\/sv\/product\/ventolin\/#primaryimage\",\"url\":\"https:\/\/www.transtoyou.com\/sv\/wp-content\/uploads\/sites\/15\/2026\/01\/tty-no-product-image-175.webp\",\"contentUrl\":\"https:\/\/www.transtoyou.com\/sv\/wp-content\/uploads\/sites\/15\/2026\/01\/tty-no-product-image-175.webp\",\"width\":1000,\"height\":1000,\"caption\":\"Standard produktbild\"},{\"@type\":\"WebSite\",\"@id\":\"https:\/\/www.transtoyou.com\/sv\/#website\",\"url\":\"https:\/\/www.transtoyou.com\/sv\/\",\"name\":\"Transtoyou - SV\",\"description\":\"\",\"publisher\":{\"@id\":\"https:\/\/www.transtoyou.com\/sv\/#organization\"},\"potentialAction\":[{\"@type\":\"SearchAction\",\"target\":{\"@type\":\"EntryPoint\",\"urlTemplate\":\"https:\/\/www.transtoyou.com\/sv\/?s={search_term_string}\"},\"query-input\":{\"@type\":\"PropertyValueSpecification\",\"valueRequired\":true,\"valueName\":\"search_term_string\"}}],\"inLanguage\":\"sv-SE\"},{\"@type\":\"Organization\",\"@id\":\"https:\/\/www.transtoyou.com\/sv\/#organization\",\"name\":\"Transtoyou - SV\",\"url\":\"https:\/\/www.transtoyou.com\/sv\/\",\"logo\":{\"@type\":\"ImageObject\",\"inLanguage\":\"sv-SE\",\"@id\":\"https:\/\/www.transtoyou.com\/sv\/#\/schema\/logo\/image\/\",\"url\":\"https:\/\/www.transtoyou.com\/sv\/wp-content\/uploads\/sites\/15\/2026\/01\/logo-tty-menu-bar-300x87-1.webp\",\"contentUrl\":\"https:\/\/www.transtoyou.com\/sv\/wp-content\/uploads\/sites\/15\/2026\/01\/logo-tty-menu-bar-300x87-1.webp\",\"width\":300,\"height\":87,\"caption\":\"Transtoyou - SV\"},\"image\":{\"@id\":\"https:\/\/www.transtoyou.com\/sv\/#\/schema\/logo\/image\/\"}}]}<\/script>\n<!-- \/ Yoast SEO plugin. -->","yoast_head_json":{"title":"Ventolin | Snabb lindring f\u00f6r astma och andningsproblem - Transtoyou - SV","description":"Ventolin-inhalator lindrar snabbt astmasymtom och br\u00f6sttryck. F\u00e5 ditt recept online\u2014snabbt, s\u00e4kert och diskret levererat till din d\u00f6rr.","robots":{"index":"noindex","follow":"follow","max-snippet":"max-snippet:-1","max-image-preview":"max-image-preview:large","max-video-preview":"max-video-preview:-1"},"og_locale":"sv_SE","og_type":"article","og_title":"Ventolin | Snabb lindring f\u00f6r astma och andningsproblem - Transtoyou - SV","og_description":"Ventolin-inhalator lindrar snabbt astmasymtom och br\u00f6sttryck. F\u00e5 ditt recept online\u2014snabbt, s\u00e4kert och diskret levererat till din d\u00f6rr.","og_url":"https:\/\/www.transtoyou.com\/sv\/product\/ventolin\/","og_site_name":"Transtoyou - SV","article_modified_time":"2026-03-07T14:05:04+00:00","twitter_card":"summary_large_image","twitter_misc":{"Ber\u00e4knad l\u00e4stid":"1 minut"},"schema":{"@context":"https:\/\/schema.org","@graph":[{"@type":"WebPage","@id":"https:\/\/www.transtoyou.com\/sv\/product\/ventolin\/","url":"https:\/\/www.transtoyou.com\/sv\/product\/ventolin\/","name":"Ventolin | Snabb lindring f\u00f6r astma och andningsproblem - Transtoyou - SV","isPartOf":{"@id":"https:\/\/www.transtoyou.com\/sv\/#website"},"primaryImageOfPage":{"@id":"https:\/\/www.transtoyou.com\/sv\/product\/ventolin\/#primaryimage"},"image":{"@id":"https:\/\/www.transtoyou.com\/sv\/product\/ventolin\/#primaryimage"},"thumbnailUrl":"https:\/\/www.transtoyou.com\/sv\/wp-content\/uploads\/sites\/15\/2026\/01\/tty-no-product-image-175.webp","datePublished":"2026-01-26T00:56:42+00:00","dateModified":"2026-03-07T14:05:04+00:00","description":"Ventolin-inhalator lindrar snabbt astmasymtom och br\u00f6sttryck. F\u00e5 ditt recept online\u2014snabbt, s\u00e4kert och diskret levererat till din d\u00f6rr.","breadcrumb":{"@id":"https:\/\/www.transtoyou.com\/sv\/product\/ventolin\/#breadcrumb"},"inLanguage":"sv-SE","potentialAction":[{"@type":"ReadAction","target":["https:\/\/www.transtoyou.com\/sv\/product\/ventolin\/"]}]},{"@type":"ImageObject","inLanguage":"sv-SE","@id":"https:\/\/www.transtoyou.com\/sv\/product\/ventolin\/#primaryimage","url":"https:\/\/www.transtoyou.com\/sv\/wp-content\/uploads\/sites\/15\/2026\/01\/tty-no-product-image-175.webp","contentUrl":"https:\/\/www.transtoyou.com\/sv\/wp-content\/uploads\/sites\/15\/2026\/01\/tty-no-product-image-175.webp","width":1000,"height":1000,"caption":"Standard produktbild"},{"@type":"WebSite","@id":"https:\/\/www.transtoyou.com\/sv\/#website","url":"https:\/\/www.transtoyou.com\/sv\/","name":"Transtoyou - SV","description":"","publisher":{"@id":"https:\/\/www.transtoyou.com\/sv\/#organization"},"potentialAction":[{"@type":"SearchAction","target":{"@type":"EntryPoint","urlTemplate":"https:\/\/www.transtoyou.com\/sv\/?s={search_term_string}"},"query-input":{"@type":"PropertyValueSpecification","valueRequired":true,"valueName":"search_term_string"}}],"inLanguage":"sv-SE"},{"@type":"Organization","@id":"https:\/\/www.transtoyou.com\/sv\/#organization","name":"Transtoyou - SV","url":"https:\/\/www.transtoyou.com\/sv\/","logo":{"@type":"ImageObject","inLanguage":"sv-SE","@id":"https:\/\/www.transtoyou.com\/sv\/#\/schema\/logo\/image\/","url":"https:\/\/www.transtoyou.com\/sv\/wp-content\/uploads\/sites\/15\/2026\/01\/logo-tty-menu-bar-300x87-1.webp","contentUrl":"https:\/\/www.transtoyou.com\/sv\/wp-content\/uploads\/sites\/15\/2026\/01\/logo-tty-menu-bar-300x87-1.webp","width":300,"height":87,"caption":"Transtoyou - SV"},"image":{"@id":"https:\/\/www.transtoyou.com\/sv\/#\/schema\/logo\/image\/"}}]}},"_links":{"self":[{"href":"https:\/\/www.transtoyou.com\/sv\/wp-json\/wp\/v2\/product\/991","targetHints":{"allow":["GET"]}}],"collection":[{"href":"https:\/\/www.transtoyou.com\/sv\/wp-json\/wp\/v2\/product"}],"about":[{"href":"https:\/\/www.transtoyou.com\/sv\/wp-json\/wp\/v2\/types\/product"}],"replies":[{"embeddable":true,"href":"https:\/\/www.transtoyou.com\/sv\/wp-json\/wp\/v2\/comments?post=991"}],"wp:featuredmedia":[{"embeddable":true,"href":"https:\/\/www.transtoyou.com\/sv\/wp-json\/wp\/v2\/media\/993"}],"wp:attachment":[{"href":"https:\/\/www.transtoyou.com\/sv\/wp-json\/wp\/v2\/media?parent=991"}],"wp:term":[{"taxonomy":"product_brand","embeddable":true,"href":"https:\/\/www.transtoyou.com\/sv\/wp-json\/wp\/v2\/product_brand?post=991"},{"taxonomy":"product_cat","embeddable":true,"href":"https:\/\/www.transtoyou.com\/sv\/wp-json\/wp\/v2\/product_cat?post=991"},{"taxonomy":"product_tag","embeddable":true,"href":"https:\/\/www.transtoyou.com\/sv\/wp-json\/wp\/v2\/product_tag?post=991"},{"taxonomy":"expert","embeddable":true,"href":"https:\/\/www.transtoyou.com\/sv\/wp-json\/wp\/v2\/expert?post=991"}],"curies":[{"name":"wp","href":"https:\/\/api.w.org\/{rel}","templated":true}]}}