{"id":997,"date":"2026-01-26T01:31:30","date_gmt":"2026-01-26T01:31:30","guid":{"rendered":"https:\/\/www.transtoyou.com\/sv\/product\/arcoxia-etoricoxib\/"},"modified":"2026-01-26T01:32:33","modified_gmt":"2026-01-26T01:32:33","slug":"arcoxia-etoricoxib","status":"publish","type":"product","link":"https:\/\/www.transtoyou.com\/sv\/product\/arcoxia-etoricoxib\/","title":{"rendered":"Arcoxia (etoricoxib)"},"content":{"rendered":"<p>Arcoxia, som inneh\u00e5ller den aktiva substansen etoricoxib, \u00e4r en receptbelagd medicin som tillh\u00f6r klassen l\u00e4kemedel k\u00e4nda som COX-2-selektiva h\u00e4mmare, en typ av icke-steroid antiinflammatorisk medicin (NSAID). Den verkar genom att selektivt blockera enzymet cyklooxygenas-2 (COX-2), som spelar en avg\u00f6rande roll i produktionen av prostaglandiner. Dessa kemikalier ansvarar f\u00f6r sm\u00e4rta, inflammation och svullnad.<\/p>\n<p>Arcoxia anv\u00e4nds vanligtvis f\u00f6r att hantera olika typer av sm\u00e4rta och inflammation kopplade till tillst\u00e5nd som artros, reumatoid artrit, ankyloserande spondylit, akut giktartrit och kronisk l\u00e4ndryggssm\u00e4rta. Den kan ocks\u00e5 anv\u00e4ndas f\u00f6r kortvarig hantering av m\u00e5ttlig sm\u00e4rta, som den som uppst\u00e5r efter tandkirurgi.<\/p>\n<p>Genom att h\u00e4mma COX-2 utan att signifikant p\u00e5verka COX-1 hj\u00e4lper Arcoxia till att lindra sm\u00e4rta och inflammation samtidigt som den minimerar gastrointestinala biverkningar som ofta ses med traditionella NSAID. Emellertid kan kardiovaskul\u00e4ra risker \u00f6ka vid l\u00e5ngvarig anv\u00e4ndning, s\u00e4rskilt vid h\u00f6gre doser.<\/p>\n<p>Arcoxia \u00e4r k\u00e4nd f\u00f6r sin riktade verkan, vilket ger effektiv sm\u00e4rtlindring med en l\u00e4gre risk f\u00f6r gastrointestinal obehag. Dess eng\u00e5ngsdosering per dag erbjuder bekv\u00e4mlighet f\u00f6r kroniska tillst\u00e5nd.<\/p>\n","protected":false},"excerpt":{"rendered":"<ul>\n<li>COX-2-selektiv NSAID f\u00f6r effektiv kontroll av inflammation<\/li>\n<li>Eng\u00e5ngsdosering per dag f\u00f6r enkel anv\u00e4ndning<\/li>\n<li>Mindre risk f\u00f6r magirritation j\u00e4mf\u00f6rt med traditionella NSAID<\/li>\n<\/ul>\n","protected":false},"featured_media":998,"comment_status":"open","ping_status":"closed","template":"","meta":[],"product_brand":[],"product_cat":[61],"product_tag":[],"expert":[19],"class_list":{"0":"post-997","1":"product","2":"type-product","3":"status-publish","4":"has-post-thumbnail","6":"product_cat-rygg-muskel-ledvark","7":"expert-dr-j-vazquez","9":"first","10":"instock","11":"shipping-taxable","12":"product-type-variable"},"yoast_head":"<!-- This site is optimized with the Yoast SEO plugin v27.0 - https:\/\/yoast.com\/product\/yoast-seo-wordpress\/ -->\n<title>Arcoxia (etoricoxib) | M\u00e5lmedveten Lindring f\u00f6r Sm\u00e4rta &amp; Inflammation - Transtoyou - SV<\/title>\n<meta name=\"description\" content=\"Arcoxia hj\u00e4lper mot artrit, ryggsm\u00e4rta och ledinflammation. F\u00e5 ditt recept online. S\u00e4kert, snabbt och diskret levererat till din d\u00f6rr.\" \/>\n<meta name=\"robots\" content=\"noindex, follow, max-snippet:-1, max-image-preview:large, max-video-preview:-1\" \/>\n<meta property=\"og:locale\" content=\"sv_SE\" \/>\n<meta property=\"og:type\" content=\"article\" \/>\n<meta property=\"og:title\" content=\"Arcoxia (etoricoxib) | M\u00e5lmedveten Lindring f\u00f6r Sm\u00e4rta &amp; Inflammation - Transtoyou - SV\" \/>\n<meta property=\"og:description\" content=\"Arcoxia hj\u00e4lper mot artrit, ryggsm\u00e4rta och ledinflammation. F\u00e5 ditt recept online. S\u00e4kert, snabbt och diskret levererat till din d\u00f6rr.\" \/>\n<meta property=\"og:url\" content=\"https:\/\/www.transtoyou.com\/sv\/product\/arcoxia-etoricoxib\/\" \/>\n<meta property=\"og:site_name\" content=\"Transtoyou - SV\" \/>\n<meta property=\"article:modified_time\" content=\"2026-01-26T01:32:33+00:00\" \/>\n<meta name=\"twitter:card\" content=\"summary_large_image\" \/>\n<meta name=\"twitter:label1\" content=\"Ber\u00e4knad l\u00e4stid\" \/>\n\t<meta name=\"twitter:data1\" content=\"1 minut\" \/>\n<script type=\"application\/ld+json\" class=\"yoast-schema-graph\">{\"@context\":\"https:\/\/schema.org\",\"@graph\":[{\"@type\":\"WebPage\",\"@id\":\"https:\/\/www.transtoyou.com\/sv\/product\/arcoxia-etoricoxib\/\",\"url\":\"https:\/\/www.transtoyou.com\/sv\/product\/arcoxia-etoricoxib\/\",\"name\":\"Arcoxia (etoricoxib) | M\u00e5lmedveten Lindring f\u00f6r Sm\u00e4rta & Inflammation - Transtoyou - SV\",\"isPartOf\":{\"@id\":\"https:\/\/www.transtoyou.com\/sv\/#website\"},\"primaryImageOfPage\":{\"@id\":\"https:\/\/www.transtoyou.com\/sv\/product\/arcoxia-etoricoxib\/#primaryimage\"},\"image\":{\"@id\":\"https:\/\/www.transtoyou.com\/sv\/product\/arcoxia-etoricoxib\/#primaryimage\"},\"thumbnailUrl\":\"https:\/\/www.transtoyou.com\/sv\/wp-content\/uploads\/sites\/15\/2026\/01\/tty-no-product-image-177.webp\",\"datePublished\":\"2026-01-26T01:31:30+00:00\",\"dateModified\":\"2026-01-26T01:32:33+00:00\",\"description\":\"Arcoxia hj\u00e4lper mot artrit, ryggsm\u00e4rta och ledinflammation. F\u00e5 ditt recept online. S\u00e4kert, snabbt och diskret levererat till din d\u00f6rr.\",\"breadcrumb\":{\"@id\":\"https:\/\/www.transtoyou.com\/sv\/product\/arcoxia-etoricoxib\/#breadcrumb\"},\"inLanguage\":\"sv-SE\",\"potentialAction\":[{\"@type\":\"ReadAction\",\"target\":[\"https:\/\/www.transtoyou.com\/sv\/product\/arcoxia-etoricoxib\/\"]}]},{\"@type\":\"ImageObject\",\"inLanguage\":\"sv-SE\",\"@id\":\"https:\/\/www.transtoyou.com\/sv\/product\/arcoxia-etoricoxib\/#primaryimage\",\"url\":\"https:\/\/www.transtoyou.com\/sv\/wp-content\/uploads\/sites\/15\/2026\/01\/tty-no-product-image-177.webp\",\"contentUrl\":\"https:\/\/www.transtoyou.com\/sv\/wp-content\/uploads\/sites\/15\/2026\/01\/tty-no-product-image-177.webp\",\"width\":1000,\"height\":1000,\"caption\":\"Standard produktbild\"},{\"@type\":\"WebSite\",\"@id\":\"https:\/\/www.transtoyou.com\/sv\/#website\",\"url\":\"https:\/\/www.transtoyou.com\/sv\/\",\"name\":\"Transtoyou - SV\",\"description\":\"\",\"publisher\":{\"@id\":\"https:\/\/www.transtoyou.com\/sv\/#organization\"},\"potentialAction\":[{\"@type\":\"SearchAction\",\"target\":{\"@type\":\"EntryPoint\",\"urlTemplate\":\"https:\/\/www.transtoyou.com\/sv\/?s={search_term_string}\"},\"query-input\":{\"@type\":\"PropertyValueSpecification\",\"valueRequired\":true,\"valueName\":\"search_term_string\"}}],\"inLanguage\":\"sv-SE\"},{\"@type\":\"Organization\",\"@id\":\"https:\/\/www.transtoyou.com\/sv\/#organization\",\"name\":\"Transtoyou - SV\",\"url\":\"https:\/\/www.transtoyou.com\/sv\/\",\"logo\":{\"@type\":\"ImageObject\",\"inLanguage\":\"sv-SE\",\"@id\":\"https:\/\/www.transtoyou.com\/sv\/#\/schema\/logo\/image\/\",\"url\":\"https:\/\/www.transtoyou.com\/sv\/wp-content\/uploads\/sites\/15\/2026\/01\/logo-tty-menu-bar-300x87-1.webp\",\"contentUrl\":\"https:\/\/www.transtoyou.com\/sv\/wp-content\/uploads\/sites\/15\/2026\/01\/logo-tty-menu-bar-300x87-1.webp\",\"width\":300,\"height\":87,\"caption\":\"Transtoyou - SV\"},\"image\":{\"@id\":\"https:\/\/www.transtoyou.com\/sv\/#\/schema\/logo\/image\/\"}}]}<\/script>\n<!-- \/ Yoast SEO plugin. -->","yoast_head_json":{"title":"Arcoxia (etoricoxib) | M\u00e5lmedveten Lindring f\u00f6r Sm\u00e4rta & Inflammation - Transtoyou - SV","description":"Arcoxia hj\u00e4lper mot artrit, ryggsm\u00e4rta och ledinflammation. F\u00e5 ditt recept online. S\u00e4kert, snabbt och diskret levererat till din d\u00f6rr.","robots":{"index":"noindex","follow":"follow","max-snippet":"max-snippet:-1","max-image-preview":"max-image-preview:large","max-video-preview":"max-video-preview:-1"},"og_locale":"sv_SE","og_type":"article","og_title":"Arcoxia (etoricoxib) | M\u00e5lmedveten Lindring f\u00f6r Sm\u00e4rta & Inflammation - Transtoyou - SV","og_description":"Arcoxia hj\u00e4lper mot artrit, ryggsm\u00e4rta och ledinflammation. F\u00e5 ditt recept online. S\u00e4kert, snabbt och diskret levererat till din d\u00f6rr.","og_url":"https:\/\/www.transtoyou.com\/sv\/product\/arcoxia-etoricoxib\/","og_site_name":"Transtoyou - SV","article_modified_time":"2026-01-26T01:32:33+00:00","twitter_card":"summary_large_image","twitter_misc":{"Ber\u00e4knad l\u00e4stid":"1 minut"},"schema":{"@context":"https:\/\/schema.org","@graph":[{"@type":"WebPage","@id":"https:\/\/www.transtoyou.com\/sv\/product\/arcoxia-etoricoxib\/","url":"https:\/\/www.transtoyou.com\/sv\/product\/arcoxia-etoricoxib\/","name":"Arcoxia (etoricoxib) | M\u00e5lmedveten Lindring f\u00f6r Sm\u00e4rta & Inflammation - Transtoyou - SV","isPartOf":{"@id":"https:\/\/www.transtoyou.com\/sv\/#website"},"primaryImageOfPage":{"@id":"https:\/\/www.transtoyou.com\/sv\/product\/arcoxia-etoricoxib\/#primaryimage"},"image":{"@id":"https:\/\/www.transtoyou.com\/sv\/product\/arcoxia-etoricoxib\/#primaryimage"},"thumbnailUrl":"https:\/\/www.transtoyou.com\/sv\/wp-content\/uploads\/sites\/15\/2026\/01\/tty-no-product-image-177.webp","datePublished":"2026-01-26T01:31:30+00:00","dateModified":"2026-01-26T01:32:33+00:00","description":"Arcoxia hj\u00e4lper mot artrit, ryggsm\u00e4rta och ledinflammation. F\u00e5 ditt recept online. S\u00e4kert, snabbt och diskret levererat till din d\u00f6rr.","breadcrumb":{"@id":"https:\/\/www.transtoyou.com\/sv\/product\/arcoxia-etoricoxib\/#breadcrumb"},"inLanguage":"sv-SE","potentialAction":[{"@type":"ReadAction","target":["https:\/\/www.transtoyou.com\/sv\/product\/arcoxia-etoricoxib\/"]}]},{"@type":"ImageObject","inLanguage":"sv-SE","@id":"https:\/\/www.transtoyou.com\/sv\/product\/arcoxia-etoricoxib\/#primaryimage","url":"https:\/\/www.transtoyou.com\/sv\/wp-content\/uploads\/sites\/15\/2026\/01\/tty-no-product-image-177.webp","contentUrl":"https:\/\/www.transtoyou.com\/sv\/wp-content\/uploads\/sites\/15\/2026\/01\/tty-no-product-image-177.webp","width":1000,"height":1000,"caption":"Standard produktbild"},{"@type":"WebSite","@id":"https:\/\/www.transtoyou.com\/sv\/#website","url":"https:\/\/www.transtoyou.com\/sv\/","name":"Transtoyou - SV","description":"","publisher":{"@id":"https:\/\/www.transtoyou.com\/sv\/#organization"},"potentialAction":[{"@type":"SearchAction","target":{"@type":"EntryPoint","urlTemplate":"https:\/\/www.transtoyou.com\/sv\/?s={search_term_string}"},"query-input":{"@type":"PropertyValueSpecification","valueRequired":true,"valueName":"search_term_string"}}],"inLanguage":"sv-SE"},{"@type":"Organization","@id":"https:\/\/www.transtoyou.com\/sv\/#organization","name":"Transtoyou - SV","url":"https:\/\/www.transtoyou.com\/sv\/","logo":{"@type":"ImageObject","inLanguage":"sv-SE","@id":"https:\/\/www.transtoyou.com\/sv\/#\/schema\/logo\/image\/","url":"https:\/\/www.transtoyou.com\/sv\/wp-content\/uploads\/sites\/15\/2026\/01\/logo-tty-menu-bar-300x87-1.webp","contentUrl":"https:\/\/www.transtoyou.com\/sv\/wp-content\/uploads\/sites\/15\/2026\/01\/logo-tty-menu-bar-300x87-1.webp","width":300,"height":87,"caption":"Transtoyou - SV"},"image":{"@id":"https:\/\/www.transtoyou.com\/sv\/#\/schema\/logo\/image\/"}}]}},"_links":{"self":[{"href":"https:\/\/www.transtoyou.com\/sv\/wp-json\/wp\/v2\/product\/997","targetHints":{"allow":["GET"]}}],"collection":[{"href":"https:\/\/www.transtoyou.com\/sv\/wp-json\/wp\/v2\/product"}],"about":[{"href":"https:\/\/www.transtoyou.com\/sv\/wp-json\/wp\/v2\/types\/product"}],"replies":[{"embeddable":true,"href":"https:\/\/www.transtoyou.com\/sv\/wp-json\/wp\/v2\/comments?post=997"}],"wp:featuredmedia":[{"embeddable":true,"href":"https:\/\/www.transtoyou.com\/sv\/wp-json\/wp\/v2\/media\/998"}],"wp:attachment":[{"href":"https:\/\/www.transtoyou.com\/sv\/wp-json\/wp\/v2\/media?parent=997"}],"wp:term":[{"taxonomy":"product_brand","embeddable":true,"href":"https:\/\/www.transtoyou.com\/sv\/wp-json\/wp\/v2\/product_brand?post=997"},{"taxonomy":"product_cat","embeddable":true,"href":"https:\/\/www.transtoyou.com\/sv\/wp-json\/wp\/v2\/product_cat?post=997"},{"taxonomy":"product_tag","embeddable":true,"href":"https:\/\/www.transtoyou.com\/sv\/wp-json\/wp\/v2\/product_tag?post=997"},{"taxonomy":"expert","embeddable":true,"href":"https:\/\/www.transtoyou.com\/sv\/wp-json\/wp\/v2\/expert?post=997"}],"curies":[{"name":"wp","href":"https:\/\/api.w.org\/{rel}","templated":true}]}}